{"id":968,"date":"2026-05-01T16:03:07","date_gmt":"2026-05-01T13:03:07","guid":{"rendered":"https:\/\/gunmil.fi\/?post_type=product&#038;p=968"},"modified":"2026-05-01T16:03:07","modified_gmt":"2026-05-01T13:03:07","slug":"laivastoupseerin-helleasu-toinen-maailmansota","status":"publish","type":"product","link":"https:\/\/gunmil.fi\/?product=laivastoupseerin-helleasu-toinen-maailmansota","title":{"rendered":"Laivastoupseerin helleasu, toinen maailmansota"},"content":{"rendered":"<p>Laivaston l\u00e4mpim\u00e4\u00e4n ilmanalaan tarkoitettu aliluutnantin palvelusasu. Puvun alkuper\u00e4inen kantaja suoritti aktiivipalveluksensa Karibialla 26.9.1944 ja 18.11.1946 v\u00e4lisen\u00e4 aikana. Koppalakki ja olkapoletit ovat sodan aikaisia, mutta takki ja housut voivat olla sodan j\u00e4lkeiselt\u00e4 ajalta. Valkoisten kamppeiden k\u00e4ytt\u00f6ik\u00e4 ei varmaan ollut kovin pitk\u00e4. Lakissa, takissa ja housuissa on jonkin verran ajan tuomaa kellastumaa, mutta kaikenkaikkiaan asu on hyv\u00e4kuntoinen. Takin vasemman rintataskun yl\u00e4puolella on muutamia nauhalaattarivan neulan j\u00e4tt\u00e4mi\u00e4 pieni\u00e4 reiki\u00e4.<\/p>\n<p>Mukaan tulee valokuva puvun alkuper\u00e4isest\u00e4 kantajasta. Kuvan takapuolella on miehen palvelushistoria ml alukset, joilla h\u00e4n palveli.<\/p>\n","protected":false},"excerpt":{"rendered":"<p>Laivaston l\u00e4mpim\u00e4\u00e4n ilmanalaan tarkoitettu aliluutnantin palvelusasu. Puvun alkuper\u00e4inen kantaja suoritti aktiivipalveluksensa Karibialla 26.9.1944 ja 18.11.1946 v\u00e4lisen\u00e4 aikana. Koppalakki ja olkapoletit ovat sodan aikaisia, mutta takki ja housut voivat olla sodan j\u00e4lkeiselt\u00e4 ajalta. Valkoisten kamppeiden k\u00e4ytt\u00f6ik\u00e4 ei varmaan ollut kovin pitk\u00e4. Lakissa, takissa ja housuissa on jonkin verran ajan tuomaa kellastumaa, mutta kaikenkaikkiaan asu on hyv\u00e4kuntoinen. [&hellip;]<\/p>\n","protected":false},"featured_media":969,"template":"","meta":[],"product_brand":[],"product_cat":[102],"product_tag":[169,168,118,167],"class_list":{"0":"post-968","1":"product","2":"type-product","3":"status-publish","4":"has-post-thumbnail","6":"product_cat-sotilaspuvutusa","7":"product_tag-helleasu","8":"product_tag-laivasto","9":"product_tag-upseeri","10":"product_tag-usa","11":"product_shipping_class-other_small","13":"first","14":"instock","15":"taxable","16":"shipping-taxable","17":"purchasable","18":"product-type-simple"},"_links":{"self":[{"href":"https:\/\/gunmil.fi\/index.php?rest_route=\/wp\/v2\/product\/968","targetHints":{"allow":["GET"]}}],"collection":[{"href":"https:\/\/gunmil.fi\/index.php?rest_route=\/wp\/v2\/product"}],"about":[{"href":"https:\/\/gunmil.fi\/index.php?rest_route=\/wp\/v2\/types\/product"}],"wp:featuredmedia":[{"embeddable":true,"href":"https:\/\/gunmil.fi\/index.php?rest_route=\/wp\/v2\/media\/969"}],"wp:attachment":[{"href":"https:\/\/gunmil.fi\/index.php?rest_route=%2Fwp%2Fv2%2Fmedia&parent=968"}],"wp:term":[{"taxonomy":"product_brand","embeddable":true,"href":"https:\/\/gunmil.fi\/index.php?rest_route=%2Fwp%2Fv2%2Fproduct_brand&post=968"},{"taxonomy":"product_cat","embeddable":true,"href":"https:\/\/gunmil.fi\/index.php?rest_route=%2Fwp%2Fv2%2Fproduct_cat&post=968"},{"taxonomy":"product_tag","embeddable":true,"href":"https:\/\/gunmil.fi\/index.php?rest_route=%2Fwp%2Fv2%2Fproduct_tag&post=968"}],"curies":[{"name":"wp","href":"https:\/\/api.w.org\/{rel}","templated":true}]}}