{"id":961,"date":"2026-05-01T14:06:06","date_gmt":"2026-05-01T11:06:06","guid":{"rendered":"https:\/\/gunmil.fi\/?post_type=product&#038;p=961"},"modified":"2026-05-01T14:35:14","modified_gmt":"2026-05-01T11:35:14","slug":"kenttapuku-m-43-jalkavaen-ylikersantti","status":"publish","type":"product","link":"https:\/\/gunmil.fi\/?product=kenttapuku-m-43-jalkavaen-ylikersantti","title":{"rendered":"Kentt\u00e4puku M\/43, jalkav\u00e4en ylikersantti"},"content":{"rendered":"<p>Klassinen vuonna 1943 k\u00e4ytt\u00f6\u00f6n otettu kentt\u00e4puku, joka oli k\u00e4yt\u00f6ss\u00e4 1960 luvun lopulle asti. T\u00e4m\u00e4 eritt\u00e4in hyv\u00e4kuntoinen puku on viimeisi\u00e4 valmistettuja.<\/p>\n<p>Gymnastjorka- pusero vaikuttaa k\u00e4ytt\u00e4m\u00e4tt\u00f6m\u00e4lt\u00e4 vaikka siit\u00e4 onkin poistettu helmassa ollut kangaslappu, jossa on ollut koko- yms tiedot. Leimoja puserossa ei ole. Ruskeissa muovinapeissa on vuosiluku -67. Housuissa on viel\u00e4 t\u00e4m\u00e4 lappukin tallessa, eli ovat varmasti k\u00e4ytt\u00e4m\u00e4tt\u00f6m\u00e4t. Lapussa on hyv\u00e4 vuoden 1968 leima. Olkapoletit ovat 1950- luvulla k\u00e4ytt\u00f6\u00f6notetut k\u00e4\u00e4nnett\u00e4v\u00e4t versiot (poletin toinen puoli on kentt\u00e4puvun khakia ja toinen puoli palveluspuvussa k\u00e4ytetty jalkav\u00e4en vadelmanpunainen). Takki ja housut ovat samaa kangasta ja samaa v\u00e4ris\u00e4vy\u00e4. Asu sopii hyvin historian el\u00e4v\u00f6itt\u00e4mistapahtumiin, alkuper\u00e4iset sota-ajan puvut ovat liian arvokkaita ryyn\u00e4ysk\u00e4ytt\u00f6\u00f6n.<\/p>\n<p>Asun noinmittoja:<\/p>\n<p>&#8211; takin sel\u00e4n pituus\u00a0 75 cm, rinnan ymp\u00e4rys 114 cm ja hihan pituus olkasaumasta 62 cm.<\/p>\n<p>&#8211; housujen vy\u00f6t\u00e4r\u00f6 86 cm, lahkeen ulkosauman pituus 98 cm.<\/p>\n<p>&nbsp;<\/p>\n<p>&nbsp;<\/p>\n","protected":false},"excerpt":{"rendered":"<p>Klassinen vuonna 1943 k\u00e4ytt\u00f6\u00f6n otettu kentt\u00e4puku, joka oli k\u00e4yt\u00f6ss\u00e4 1960 luvun lopulle asti. T\u00e4m\u00e4 eritt\u00e4in hyv\u00e4kuntoinen puku on viimeisi\u00e4 valmistettuja. Gymnastjorka- pusero vaikuttaa k\u00e4ytt\u00e4m\u00e4tt\u00f6m\u00e4lt\u00e4 vaikka siit\u00e4 onkin poistettu helmassa ollut kangaslappu, jossa on ollut koko- yms tiedot. Leimoja puserossa ei ole. Ruskeissa muovinapeissa on vuosiluku -67. Housuissa on viel\u00e4 t\u00e4m\u00e4 lappukin tallessa, eli ovat varmasti [&hellip;]<\/p>\n","protected":false},"featured_media":962,"template":"","meta":[],"product_brand":[],"product_cat":[103],"product_tag":[124,166,164,165],"class_list":{"0":"post-961","1":"product","2":"type-product","3":"status-publish","4":"has-post-thumbnail","6":"product_cat-sotilaspuvutneuvostoliitto","7":"product_tag-cccp","8":"product_tag-gumnastjorka","9":"product_tag-kenttapuku","10":"product_tag-m-43","11":"product_shipping_class-other_small","13":"first","14":"instock","15":"taxable","16":"shipping-taxable","17":"purchasable","18":"product-type-simple"},"_links":{"self":[{"href":"https:\/\/gunmil.fi\/index.php?rest_route=\/wp\/v2\/product\/961","targetHints":{"allow":["GET"]}}],"collection":[{"href":"https:\/\/gunmil.fi\/index.php?rest_route=\/wp\/v2\/product"}],"about":[{"href":"https:\/\/gunmil.fi\/index.php?rest_route=\/wp\/v2\/types\/product"}],"wp:featuredmedia":[{"embeddable":true,"href":"https:\/\/gunmil.fi\/index.php?rest_route=\/wp\/v2\/media\/962"}],"wp:attachment":[{"href":"https:\/\/gunmil.fi\/index.php?rest_route=%2Fwp%2Fv2%2Fmedia&parent=961"}],"wp:term":[{"taxonomy":"product_brand","embeddable":true,"href":"https:\/\/gunmil.fi\/index.php?rest_route=%2Fwp%2Fv2%2Fproduct_brand&post=961"},{"taxonomy":"product_cat","embeddable":true,"href":"https:\/\/gunmil.fi\/index.php?rest_route=%2Fwp%2Fv2%2Fproduct_cat&post=961"},{"taxonomy":"product_tag","embeddable":true,"href":"https:\/\/gunmil.fi\/index.php?rest_route=%2Fwp%2Fv2%2Fproduct_tag&post=961"}],"curies":[{"name":"wp","href":"https:\/\/api.w.org\/{rel}","templated":true}]}}