{"id":950,"date":"2026-04-26T14:45:40","date_gmt":"2026-04-26T11:45:40","guid":{"rendered":"https:\/\/gunmil.fi\/?post_type=product&#038;p=950"},"modified":"2026-04-26T14:45:40","modified_gmt":"2026-04-26T11:45:40","slug":"kentta-suoja-asu-okzk","status":"publish","type":"product","link":"https:\/\/gunmil.fi\/?product=kentta-suoja-asu-okzk","title":{"rendered":"Kentt\u00e4- \/ suoja-asu OKZK"},"content":{"rendered":"<p>Vuonna 1969 k\u00e4ytt\u00f6\u00f6n hyv\u00e4ksytty kentt\u00e4puku, joka oli tarkoitettu ensisijaisesti kemikaalijoukoille kentt\u00e4- ja suoja-asuksi. Asu pysyi k\u00e4yt\u00f6ss\u00e4 eri variaatioina neuvostoliiton kaatumiseen asti. Valmistettu paksusta kankaasta, lakissa suojakerros, jonka pit\u00e4isi est\u00e4\u00e4 taistelukaasujen p\u00e4\u00e4sy kankaan l\u00e4pi. Puku oli laajasti k\u00e4yt\u00f6ss\u00e4 my\u00f6s Tsernobylin voimalaonnettomuuden pelastus- ja raivaust\u00f6iss\u00e4.<\/p>\n<p>Takki vaikuttaa k\u00e4ytt\u00e4m\u00e4tt\u00f6m\u00e4lt\u00e4 ja se on leimattu n\u00e4ht\u00e4v\u00e4sti 1974. Housut k\u00e4ytetyt, mutta hyv\u00e4kuntoiset. Housujen toisessa polvessa tahra ja oikean taskun tiet\u00e4mill\u00e4 muutama pieni vaalea pilkku (maalia?). Housut leimattu 1981 ja niiden vy\u00f6t\u00e4r\u00f6lle sis\u00e4puolelle on aiempi k\u00e4ytt\u00e4j\u00e4 kirjoittanut nimens\u00e4 kuulak\u00e4rkikyn\u00e4ll\u00e4. Lakissa hyv\u00e4 leima vuodelta 1975 ja se on isokokoinen. Lakki on kyll\u00e4 ep\u00e4ilem\u00e4tt\u00e4 rumin mink\u00e4\u00e4n armeijan k\u00e4ytt\u00e4mist\u00e4 kentt\u00e4lakeista. Lippakin sojottaa hullusti alasp\u00e4in, mik\u00e4 johtunee siit\u00e4, ett\u00e4 valokuvissa n\u00e4kee lakin p\u00e4\u00e4ll\u00e4 k\u00e4ytett\u00e4v\u00e4n taisteluoloissa ter\u00e4skyp\u00e4r\u00e4\u00e4. Lakista puuttuu siihen napeilla kiinnitett\u00e4v\u00e4, niskaa ja kasvojen alaosaa suojaava kangaslipare. Vy\u00f6 on ty\u00f6- ja kentt\u00e4asuihin tarkoitettu kangaspunoksesta valmistettu versio ja varustettu maalaamattomalla ter\u00e4ssoljella.<\/p>\n<p>Asun noinmittoja:<\/p>\n<p>&#8211; takin sel\u00e4n pituus\u00a0 68 cm, rinnan ymp\u00e4rys 106 cm ja hihan pituus olkasaumasta 59 cm.<\/p>\n<p>&#8211; housujen vy\u00f6t\u00e4r\u00f6 84 cm, lahkeen ulkosauman pituus 95 cm.<\/p>\n<p>&#8211; vy\u00f6 pituudeltaan s\u00e4\u00e4dett\u00e4v\u00e4, enimm\u00e4ispituus n. 102 cm.<\/p>\n<p>&nbsp;<\/p>\n<p>&nbsp;<\/p>\n","protected":false},"excerpt":{"rendered":"<p>Vuonna 1969 k\u00e4ytt\u00f6\u00f6n hyv\u00e4ksytty kentt\u00e4puku, joka oli tarkoitettu ensisijaisesti kemikaalijoukoille kentt\u00e4- ja suoja-asuksi. Asu pysyi k\u00e4yt\u00f6ss\u00e4 eri variaatioina neuvostoliiton kaatumiseen asti. Valmistettu paksusta kankaasta, lakissa suojakerros, jonka pit\u00e4isi est\u00e4\u00e4 taistelukaasujen p\u00e4\u00e4sy kankaan l\u00e4pi. Puku oli laajasti k\u00e4yt\u00f6ss\u00e4 my\u00f6s Tsernobylin voimalaonnettomuuden pelastus- ja raivaust\u00f6iss\u00e4. Takki vaikuttaa k\u00e4ytt\u00e4m\u00e4tt\u00f6m\u00e4lt\u00e4 ja se on leimattu n\u00e4ht\u00e4v\u00e4sti 1974. Housut k\u00e4ytetyt, mutta [&hellip;]<\/p>\n","protected":false},"featured_media":951,"template":"","meta":[],"product_brand":[],"product_cat":[103],"product_tag":[124,125,163,159],"class_list":{"0":"post-950","1":"product","2":"type-product","3":"status-publish","4":"has-post-thumbnail","6":"product_cat-sotilaspuvutneuvostoliitto","7":"product_tag-cccp","8":"product_tag-neuvostoliitto","9":"product_tag-okzk","10":"product_tag-sotilaspuku","11":"product_shipping_class-other_small","13":"first","14":"instock","15":"taxable","16":"shipping-taxable","17":"purchasable","18":"product-type-simple"},"_links":{"self":[{"href":"https:\/\/gunmil.fi\/index.php?rest_route=\/wp\/v2\/product\/950","targetHints":{"allow":["GET"]}}],"collection":[{"href":"https:\/\/gunmil.fi\/index.php?rest_route=\/wp\/v2\/product"}],"about":[{"href":"https:\/\/gunmil.fi\/index.php?rest_route=\/wp\/v2\/types\/product"}],"wp:featuredmedia":[{"embeddable":true,"href":"https:\/\/gunmil.fi\/index.php?rest_route=\/wp\/v2\/media\/951"}],"wp:attachment":[{"href":"https:\/\/gunmil.fi\/index.php?rest_route=%2Fwp%2Fv2%2Fmedia&parent=950"}],"wp:term":[{"taxonomy":"product_brand","embeddable":true,"href":"https:\/\/gunmil.fi\/index.php?rest_route=%2Fwp%2Fv2%2Fproduct_brand&post=950"},{"taxonomy":"product_cat","embeddable":true,"href":"https:\/\/gunmil.fi\/index.php?rest_route=%2Fwp%2Fv2%2Fproduct_cat&post=950"},{"taxonomy":"product_tag","embeddable":true,"href":"https:\/\/gunmil.fi\/index.php?rest_route=%2Fwp%2Fv2%2Fproduct_tag&post=950"}],"curies":[{"name":"wp","href":"https:\/\/api.w.org\/{rel}","templated":true}]}}