{"id":857,"date":"2025-02-11T15:37:47","date_gmt":"2025-02-11T13:37:47","guid":{"rendered":"https:\/\/gunmil.fi\/?post_type=product&#038;p=857"},"modified":"2025-02-11T15:37:47","modified_gmt":"2025-02-11T13:37:47","slug":"asepuku-m-58-sotilaspastori","status":"publish","type":"product","link":"https:\/\/gunmil.fi\/?product=asepuku-m-58-sotilaspastori","title":{"rendered":"Asepuku M\/58, sotilaspastori"},"content":{"rendered":"<p>Sotilaspastorin asepuku M\/58. K\u00e4ytetty. Takin taskuissa ruuvimerkin rei\u00e4t, kauluksessa hieman pinttym\u00e4\u00e4, muutoin hyv\u00e4kuntoinen. Mukana liev\u00e4 vanhan vaatteen tuoksu.\u00a0 Takin olkap\u00e4ill\u00e4 Savo-Karjalan Sotilasl\u00e4\u00e4nin esikunnan tunnukset. Koppalakki ja juhlahousut mustilla rev\u00e4\u00e4reill\u00e4 hyvin v\u00e4h\u00e4n k\u00e4ytettyj\u00e4. Puku on autenttinen, nimetty kokonaisuus. Nimitieto ostajalle&#8230;jos ei jo kuvista selvi\u00e4. Asun valmistaja Valtion pikutehdas (housuissa ei valmistajan merkint\u00f6j\u00e4). Takin merkitty koko 50B, housut 48 ja lakki 56.<\/p>\n","protected":false},"excerpt":{"rendered":"<p>Sotilaspastorin asepuku M\/58. K\u00e4ytetty. Takin taskuissa ruuvimerkin rei\u00e4t, kauluksessa hieman pinttym\u00e4\u00e4, muutoin hyv\u00e4kuntoinen. Mukana liev\u00e4 vanhan vaatteen tuoksu.\u00a0 Takin olkap\u00e4ill\u00e4 Savo-Karjalan Sotilasl\u00e4\u00e4nin esikunnan tunnukset. Koppalakki ja juhlahousut mustilla rev\u00e4\u00e4reill\u00e4 hyvin v\u00e4h\u00e4n k\u00e4ytettyj\u00e4. Puku on autenttinen, nimetty kokonaisuus. Nimitieto ostajalle&#8230;jos ei jo kuvista selvi\u00e4. Asun valmistaja Valtion pikutehdas (housuissa ei valmistajan merkint\u00f6j\u00e4). Takin merkitty koko 50B, [&hellip;]<\/p>\n","protected":false},"featured_media":858,"template":"","meta":[],"product_brand":[],"product_cat":[81],"product_tag":[155,161,162],"class_list":{"0":"post-857","1":"product","2":"type-product","3":"status-publish","4":"has-post-thumbnail","6":"product_cat-suomi1945jalkeen","7":"product_tag-sa","8":"product_tag-sotilaspappi","9":"product_tag-sotilaspuku-m-58","10":"product_shipping_class-other_small","12":"first","13":"instock","14":"taxable","15":"shipping-taxable","16":"purchasable","17":"product-type-simple"},"_links":{"self":[{"href":"https:\/\/gunmil.fi\/index.php?rest_route=\/wp\/v2\/product\/857","targetHints":{"allow":["GET"]}}],"collection":[{"href":"https:\/\/gunmil.fi\/index.php?rest_route=\/wp\/v2\/product"}],"about":[{"href":"https:\/\/gunmil.fi\/index.php?rest_route=\/wp\/v2\/types\/product"}],"wp:featuredmedia":[{"embeddable":true,"href":"https:\/\/gunmil.fi\/index.php?rest_route=\/wp\/v2\/media\/858"}],"wp:attachment":[{"href":"https:\/\/gunmil.fi\/index.php?rest_route=%2Fwp%2Fv2%2Fmedia&parent=857"}],"wp:term":[{"taxonomy":"product_brand","embeddable":true,"href":"https:\/\/gunmil.fi\/index.php?rest_route=%2Fwp%2Fv2%2Fproduct_brand&post=857"},{"taxonomy":"product_cat","embeddable":true,"href":"https:\/\/gunmil.fi\/index.php?rest_route=%2Fwp%2Fv2%2Fproduct_cat&post=857"},{"taxonomy":"product_tag","embeddable":true,"href":"https:\/\/gunmil.fi\/index.php?rest_route=%2Fwp%2Fv2%2Fproduct_tag&post=857"}],"curies":[{"name":"wp","href":"https:\/\/api.w.org\/{rel}","templated":true}]}}