{"id":845,"date":"2025-02-11T14:30:56","date_gmt":"2025-02-11T12:30:56","guid":{"rendered":"https:\/\/gunmil.fi\/?post_type=product&#038;p=845"},"modified":"2025-02-11T14:30:56","modified_gmt":"2025-02-11T12:30:56","slug":"kokeilukenttapuku-m-53","status":"publish","type":"product","link":"https:\/\/gunmil.fi\/?product=kokeilukenttapuku-m-53","title":{"rendered":"Kokeilukentt\u00e4puku M\/53"},"content":{"rendered":"<p>Ruskea sarkainen kentt\u00e4puku. Puseron kauluksessa on vanhat kanta-aliupseerioppilaan kauluslaatat. Pusero ja housut hyv\u00e4kuntoiset, n\u00e4ytt\u00e4v\u00e4t k\u00e4ytt\u00e4m\u00e4tt\u00f6milt\u00e4, molempien kokomerkinta 50B. Lakki on kovasti k\u00e4ytetty. Lakin lipan kovike on murtunut ja lakki on muutenkin ryhdit\u00f6n, linttaan painunut. Lakki on my\u00f6s huomattavasti pienempi kuin vuoriin markitty koko 58. Takki, housut ja lakki ovat Valtion pukutehtaan vuosien 1956-1959 aikana valmistamia. Kokeilupuvut poistuivat asteittain k\u00e4yt\u00f6st\u00e4 vuoden 1965 j\u00e4lkeen, jolloin k\u00e4ytt\u00f6\u00f6n vahvistettiin uusi kentt\u00e4puku M\/65.<\/p>\n","protected":false},"excerpt":{"rendered":"<p>Ruskea sarkainen kentt\u00e4puku. Puseron kauluksessa on vanhat kanta-aliupseerioppilaan kauluslaatat. Pusero ja housut hyv\u00e4kuntoiset, n\u00e4ytt\u00e4v\u00e4t k\u00e4ytt\u00e4m\u00e4tt\u00f6milt\u00e4, molempien kokomerkinta 50B. Lakki on kovasti k\u00e4ytetty. Lakin lipan kovike on murtunut ja lakki on muutenkin ryhdit\u00f6n, linttaan painunut. Lakki on my\u00f6s huomattavasti pienempi kuin vuoriin markitty koko 58. Takki, housut ja lakki ovat Valtion pukutehtaan vuosien 1956-1959 aikana valmistamia. [&hellip;]<\/p>\n","protected":false},"featured_media":846,"template":"","meta":[],"product_brand":[],"product_cat":[81],"product_tag":[158,160,155,159],"class_list":{"0":"post-845","1":"product","2":"type-product","3":"status-publish","4":"has-post-thumbnail","6":"product_cat-suomi1945jalkeen","7":"product_tag-kokeilupuku","8":"product_tag-m-53","9":"product_tag-sa","10":"product_tag-sotilaspuku","11":"product_shipping_class-other_small","13":"first","14":"instock","15":"taxable","16":"shipping-taxable","17":"purchasable","18":"product-type-simple"},"_links":{"self":[{"href":"https:\/\/gunmil.fi\/index.php?rest_route=\/wp\/v2\/product\/845","targetHints":{"allow":["GET"]}}],"collection":[{"href":"https:\/\/gunmil.fi\/index.php?rest_route=\/wp\/v2\/product"}],"about":[{"href":"https:\/\/gunmil.fi\/index.php?rest_route=\/wp\/v2\/types\/product"}],"wp:featuredmedia":[{"embeddable":true,"href":"https:\/\/gunmil.fi\/index.php?rest_route=\/wp\/v2\/media\/846"}],"wp:attachment":[{"href":"https:\/\/gunmil.fi\/index.php?rest_route=%2Fwp%2Fv2%2Fmedia&parent=845"}],"wp:term":[{"taxonomy":"product_brand","embeddable":true,"href":"https:\/\/gunmil.fi\/index.php?rest_route=%2Fwp%2Fv2%2Fproduct_brand&post=845"},{"taxonomy":"product_cat","embeddable":true,"href":"https:\/\/gunmil.fi\/index.php?rest_route=%2Fwp%2Fv2%2Fproduct_cat&post=845"},{"taxonomy":"product_tag","embeddable":true,"href":"https:\/\/gunmil.fi\/index.php?rest_route=%2Fwp%2Fv2%2Fproduct_tag&post=845"}],"curies":[{"name":"wp","href":"https:\/\/api.w.org\/{rel}","templated":true}]}}