{"id":832,"date":"2025-02-02T15:13:33","date_gmt":"2025-02-02T13:13:33","guid":{"rendered":"https:\/\/gunmil.fi\/?post_type=product&#038;p=832"},"modified":"2025-02-02T15:13:34","modified_gmt":"2025-02-02T13:13:34","slug":"panssarimiesten-nahkapuku","status":"publish","type":"product","link":"https:\/\/gunmil.fi\/?product=panssarimiesten-nahkapuku","title":{"rendered":"Panssarimiesten nahkapuku"},"content":{"rendered":"<p>Mm panssarimiesten k\u00e4ytt\u00e4m\u00e4 kaksiosainen nahkapuku. K\u00e4ytetty, mutta viel\u00e4 hyv\u00e4kuntoinen asu. Sek\u00e4 takin ett\u00e4 saapashousujen nahka on pysynyt pehme\u00e4n\u00e4. Takkiin merkitty koko on 52 ja se on valmistettu vuonna 1960. Takin taskujen l\u00e4p\u00e4t kiinnittyv\u00e4t neppareilla. Etumuksen nappirivin ylimm\u00e4inen nappi puuttuu, mutta kauluksen alla oleva yl\u00e4nappi on tallessa. Selk\u00e4puolella, vasemman lavan kohdalla on valkoista tahraa. Kauluksen sis\u00e4vuorissa ja vuoren helmassa on pinttyneit\u00e4 tahroja. Housuissa on Friitalan nahkatehtaan leimat ja valmistusvuosi 1959. Kokomerkint\u00e4 52. Housujen takamuksessa on pieni, korjattu palkeenkieli, muutoin ne ovat hyv\u00e4ss\u00e4 kunnossa.<\/p>\n","protected":false},"excerpt":{"rendered":"<p>Mm panssarimiesten k\u00e4ytt\u00e4m\u00e4 kaksiosainen nahkapuku. K\u00e4ytetty, mutta viel\u00e4 hyv\u00e4kuntoinen asu. Sek\u00e4 takin ett\u00e4 saapashousujen nahka on pysynyt pehme\u00e4n\u00e4. Takkiin merkitty koko on 52 ja se on valmistettu vuonna 1960. Takin taskujen l\u00e4p\u00e4t kiinnittyv\u00e4t neppareilla. Etumuksen nappirivin ylimm\u00e4inen nappi puuttuu, mutta kauluksen alla oleva yl\u00e4nappi on tallessa. Selk\u00e4puolella, vasemman lavan kohdalla on valkoista tahraa. Kauluksen sis\u00e4vuorissa [&hellip;]<\/p>\n","protected":false},"featured_media":833,"template":"","meta":[],"product_brand":[],"product_cat":[81],"product_tag":[156,157,127,155],"class_list":{"0":"post-832","1":"product","2":"type-product","3":"status-publish","4":"has-post-thumbnail","6":"product_cat-suomi1945jalkeen","7":"product_tag-asepuku","8":"product_tag-nahkapuku","9":"product_tag-panssari","10":"product_tag-sa","11":"product_shipping_class-other_small","13":"first","14":"instock","15":"taxable","16":"shipping-taxable","17":"purchasable","18":"product-type-simple"},"_links":{"self":[{"href":"https:\/\/gunmil.fi\/index.php?rest_route=\/wp\/v2\/product\/832","targetHints":{"allow":["GET"]}}],"collection":[{"href":"https:\/\/gunmil.fi\/index.php?rest_route=\/wp\/v2\/product"}],"about":[{"href":"https:\/\/gunmil.fi\/index.php?rest_route=\/wp\/v2\/types\/product"}],"wp:featuredmedia":[{"embeddable":true,"href":"https:\/\/gunmil.fi\/index.php?rest_route=\/wp\/v2\/media\/833"}],"wp:attachment":[{"href":"https:\/\/gunmil.fi\/index.php?rest_route=%2Fwp%2Fv2%2Fmedia&parent=832"}],"wp:term":[{"taxonomy":"product_brand","embeddable":true,"href":"https:\/\/gunmil.fi\/index.php?rest_route=%2Fwp%2Fv2%2Fproduct_brand&post=832"},{"taxonomy":"product_cat","embeddable":true,"href":"https:\/\/gunmil.fi\/index.php?rest_route=%2Fwp%2Fv2%2Fproduct_cat&post=832"},{"taxonomy":"product_tag","embeddable":true,"href":"https:\/\/gunmil.fi\/index.php?rest_route=%2Fwp%2Fv2%2Fproduct_tag&post=832"}],"curies":[{"name":"wp","href":"https:\/\/api.w.org\/{rel}","templated":true}]}}