{"id":810,"date":"2025-01-11T16:18:13","date_gmt":"2025-01-11T14:18:13","guid":{"rendered":"https:\/\/gunmil.fi\/?post_type=product&#038;p=810"},"modified":"2025-01-11T16:18:13","modified_gmt":"2025-01-11T14:18:13","slug":"sotilaskivaari-m-39-762x53r","status":"publish","type":"product","link":"https:\/\/gunmil.fi\/?product=sotilaskivaari-m-39-762x53r","title":{"rendered":"Sotilaskiv\u00e4\u00e4ri M\/39, 7,62x53R"},"content":{"rendered":"<p>Sakon vuonna 1941 valmistama kiv\u00e4\u00e4ri M\/39. Ase kuuluu sarjanumeron perusteella ensimm\u00e4iseen armeijalle toimitettuun tilauser\u00e4\u00e4n, jonka alkup\u00e4\u00e4ss\u00e4 aseet oli varustettu suoralla per\u00e4ll\u00e4 ilman k\u00e4mmenkyhmy\u00e4. Er\u00e4n aseiden numerointi aloitettiin numerosta 200001. Piipussa ja lukossa on sama sarjanumero. Metalliosien pintak\u00e4sittely on uusittu varikkohuollon yhteydess\u00e4, mink\u00e4 vuoksi sinistys on eritt\u00e4in hyv\u00e4. Tukissa on normaaleja k\u00e4ytt\u00f6kolhuja, mutta se on ehj\u00e4 ja Sakon leima tukin lavassa on ter\u00e4v\u00e4. Piippu on sis\u00e4lt\u00e4 ampumakuntoinen, mutta kulunut ja tummunut. T\u00e4ll\u00e4 aseella ei taida p\u00e4\u00e4st\u00e4 perinneammunnoissa palkintopallille.<\/p>\n<p>&#8211; kaliiperi 7,62x53R<\/p>\n<p>&#8211; toimintatapa TT 2 lippaallinen kertatuli<\/p>\n<p>&#8211; viiden patruunan sy\u00f6tt\u00f6kotelo<\/p>\n<p>T\u00c4M\u00c4 TUOTE ON LUVANVARAINEN. KATSO OHJE LUVANVARAISEN TUOTTEEN TILAAMISEEN SIVUN VASEMMASTA ALAREUNASTA KOHDASTA &#8221;VERKKOKAUPAN K\u00c4YTT\u00d6EHDOT&#8221;.<\/p>\n","protected":false},"excerpt":{"rendered":"<p>Sakon vuonna 1941 valmistama kiv\u00e4\u00e4ri M\/39. Ase kuuluu sarjanumeron perusteella ensimm\u00e4iseen armeijalle toimitettuun tilauser\u00e4\u00e4n, jonka alkup\u00e4\u00e4ss\u00e4 aseet oli varustettu suoralla per\u00e4ll\u00e4 ilman k\u00e4mmenkyhmy\u00e4. Er\u00e4n aseiden numerointi aloitettiin numerosta 200001. Piipussa ja lukossa on sama sarjanumero. Metalliosien pintak\u00e4sittely on uusittu varikkohuollon yhteydess\u00e4, mink\u00e4 vuoksi sinistys on eritt\u00e4in hyv\u00e4. Tukissa on normaaleja k\u00e4ytt\u00f6kolhuja, mutta se on ehj\u00e4 [&hellip;]<\/p>\n","protected":false},"featured_media":811,"template":"","meta":[],"product_brand":[],"product_cat":[50,22],"product_tag":[151,23,152,153],"class_list":{"0":"post-810","1":"product","2":"type-product","3":"status-publish","4":"has-post-thumbnail","6":"product_cat-kerailyaseet","7":"product_cat-kivaarit","8":"product_tag-7-62x53r","9":"product_tag-kivaari","10":"product_tag-m-39","11":"product_tag-ukko-pekka","12":"product_shipping_class-gun","14":"first","15":"instock","16":"taxable","17":"shipping-taxable","18":"purchasable","19":"product-type-simple"},"_links":{"self":[{"href":"https:\/\/gunmil.fi\/index.php?rest_route=\/wp\/v2\/product\/810","targetHints":{"allow":["GET"]}}],"collection":[{"href":"https:\/\/gunmil.fi\/index.php?rest_route=\/wp\/v2\/product"}],"about":[{"href":"https:\/\/gunmil.fi\/index.php?rest_route=\/wp\/v2\/types\/product"}],"wp:featuredmedia":[{"embeddable":true,"href":"https:\/\/gunmil.fi\/index.php?rest_route=\/wp\/v2\/media\/811"}],"wp:attachment":[{"href":"https:\/\/gunmil.fi\/index.php?rest_route=%2Fwp%2Fv2%2Fmedia&parent=810"}],"wp:term":[{"taxonomy":"product_brand","embeddable":true,"href":"https:\/\/gunmil.fi\/index.php?rest_route=%2Fwp%2Fv2%2Fproduct_brand&post=810"},{"taxonomy":"product_cat","embeddable":true,"href":"https:\/\/gunmil.fi\/index.php?rest_route=%2Fwp%2Fv2%2Fproduct_cat&post=810"},{"taxonomy":"product_tag","embeddable":true,"href":"https:\/\/gunmil.fi\/index.php?rest_route=%2Fwp%2Fv2%2Fproduct_tag&post=810"}],"curies":[{"name":"wp","href":"https:\/\/api.w.org\/{rel}","templated":true}]}}