{"id":803,"date":"2025-01-11T15:40:29","date_gmt":"2025-01-11T13:40:29","guid":{"rendered":"https:\/\/gunmil.fi\/?post_type=product&#038;p=803"},"modified":"2025-06-08T15:34:12","modified_gmt":"2025-06-08T12:34:12","slug":"mosin-nagant-762x53r","status":"publish","type":"product","link":"https:\/\/gunmil.fi\/?product=mosin-nagant-762x53r","title":{"rendered":"Mosin-Nagant, 7,62x53R"},"content":{"rendered":"<p>Puolalaisesta Radomin tehtaalla vuonna 1953 valmistetusta karbiinista muokattu mets\u00e4styskiv\u00e4\u00e4ri. K\u00e4ytetty ase, jonka metalliosat ja tukki eritt\u00e4in hyv\u00e4kuntoiset. Piippu sis\u00e4lt\u00e4 hyv\u00e4. Piipun suulla suujarru, joka koeammunnassa osoittautui yll\u00e4tt\u00e4v\u00e4nkin tehokkaaksi. K\u00e4ynti riitt\u00e4\u00e4 varsin hyvin hirven mets\u00e4stykseen. Kiikarina Tasco 1,75-5. Ase on CIP-tarkastettu.<\/p>\n<p>&#8211; kaliiperi 7,62x53R<\/p>\n<p>&#8211; toimintatapa TT 2 lippaallinen kertatuli<\/p>\n<p>&#8211; viiden patruunan sy\u00f6tt\u00f6kotelo<\/p>\n<p>&#8211; piipun pituus noin 530 mm, kokonaispituus noin 1060 mm<\/p>\n<p>T\u00c4M\u00c4 TUOTE ON LUVANVARAINEN. KATSO OHJE LUVANVARAISEN TUOTTEEN TILAAMISEEN SIVUN VASEMMASTA ALAREUNASTA KOHDASTA &#8221;VERKKOKAUPAN K\u00c4YTT\u00d6EHDOT&#8221;.<\/p>\n","protected":false},"excerpt":{"rendered":"<p>Puolalaisesta Radomin tehtaalla vuonna 1953 valmistetusta karbiinista muokattu mets\u00e4styskiv\u00e4\u00e4ri. K\u00e4ytetty ase, jonka metalliosat ja tukki eritt\u00e4in hyv\u00e4kuntoiset. Piippu sis\u00e4lt\u00e4 hyv\u00e4. Piipun suulla suujarru, joka koeammunnassa osoittautui yll\u00e4tt\u00e4v\u00e4nkin tehokkaaksi. K\u00e4ynti riitt\u00e4\u00e4 varsin hyvin hirven mets\u00e4stykseen. Kiikarina Tasco 1,75-5. Ase on CIP-tarkastettu. &#8211; kaliiperi 7,62x53R &#8211; toimintatapa TT 2 lippaallinen kertatuli &#8211; viiden patruunan sy\u00f6tt\u00f6kotelo &#8211; piipun [&hellip;]<\/p>\n","protected":false},"featured_media":804,"template":"","meta":[],"product_brand":[],"product_cat":[22],"product_tag":[151,149,23,150],"class_list":{"0":"post-803","1":"product","2":"type-product","3":"status-publish","4":"has-post-thumbnail","6":"product_cat-kivaarit","7":"product_tag-7-62x53r","8":"product_tag-karbiini","9":"product_tag-kivaari","10":"product_tag-mosin-nagant","11":"product_shipping_class-gun","13":"first","14":"instock","15":"taxable","16":"shipping-taxable","17":"purchasable","18":"product-type-simple"},"_links":{"self":[{"href":"https:\/\/gunmil.fi\/index.php?rest_route=\/wp\/v2\/product\/803","targetHints":{"allow":["GET"]}}],"collection":[{"href":"https:\/\/gunmil.fi\/index.php?rest_route=\/wp\/v2\/product"}],"about":[{"href":"https:\/\/gunmil.fi\/index.php?rest_route=\/wp\/v2\/types\/product"}],"wp:featuredmedia":[{"embeddable":true,"href":"https:\/\/gunmil.fi\/index.php?rest_route=\/wp\/v2\/media\/804"}],"wp:attachment":[{"href":"https:\/\/gunmil.fi\/index.php?rest_route=%2Fwp%2Fv2%2Fmedia&parent=803"}],"wp:term":[{"taxonomy":"product_brand","embeddable":true,"href":"https:\/\/gunmil.fi\/index.php?rest_route=%2Fwp%2Fv2%2Fproduct_brand&post=803"},{"taxonomy":"product_cat","embeddable":true,"href":"https:\/\/gunmil.fi\/index.php?rest_route=%2Fwp%2Fv2%2Fproduct_cat&post=803"},{"taxonomy":"product_tag","embeddable":true,"href":"https:\/\/gunmil.fi\/index.php?rest_route=%2Fwp%2Fv2%2Fproduct_tag&post=803"}],"curies":[{"name":"wp","href":"https:\/\/api.w.org\/{rel}","templated":true}]}}