{"id":796,"date":"2025-01-11T15:10:30","date_gmt":"2025-01-11T13:10:30","guid":{"rendered":"https:\/\/gunmil.fi\/?post_type=product&#038;p=796"},"modified":"2025-01-11T15:41:55","modified_gmt":"2025-01-11T13:41:55","slug":"mosin-nagant-karbiini-762x53r","status":"publish","type":"product","link":"https:\/\/gunmil.fi\/?product=mosin-nagant-karbiini-762x53r","title":{"rendered":"Mosin-Nagant karbiini, 7,62x53R"},"content":{"rendered":"<p>Ven\u00e4l\u00e4isen karbiinin muunnosversio. K\u00e4ytetty ase. Aseesta on saatavissa hyvin v\u00e4h\u00e4n tietoa ja paras arvaus on, ett\u00e4 kyseess\u00e4 olisi romanialainen ratsastavalle santarmistolle tarkoitettu ase. N\u00e4it\u00e4 n\u00e4kee silloin t\u00e4ll\u00f6in, joten kyse on sarjavalmisteisesta muutoksesta. Silmiinpist\u00e4vin yksityiskohta on aseen kyljell\u00e4 oleva &#8221;tuppi&#8221;, johon arvatenkin sopii jonkun mallisen (m\/91 tai M\/91-30 ei sovi) rotanh\u00e4nt\u00e4pistimen k\u00e4rki, kun pistin on kuljetusasennossa k\u00e4rki taaksep\u00e4in. Lukonkehys ja piippu on valmistettu Tulassa 1920. Takat\u00e4ht\u00e4in on paljolti samanlainen kuin ven\u00e4l\u00e4isess\u00e4 m\/07 karbiinissa. Tangentti onkin varmaan juuri niist\u00e4 per\u00e4isin, t\u00e4ht\u00e4imen runko-osa on hieman erilainen. Tukissa on sama sarjanumero kuin piipussa ja lukko sek\u00e4 sy\u00f6tt\u00f6kotelon pohja on my\u00f6s s\u00e4hk\u00f6kyn\u00e4ll\u00e4 numeroitu samalla numerolla. Teknisesti ase on t\u00e4ysin ampumakuntoinen. Piippu ei ole en\u00e4\u00e4 parhaimmillaan, kulumaa ja tummumista on jo havaittavissa mutta ampumakelpoinen sekin kuitenkin on. Puhdistusrassi puuttuu.<\/p>\n<p>&#8211; kaliiperi 7,62x53R<\/p>\n<p>&#8211; toimintatapa TT 2 lippaallinen kertatuli<\/p>\n<p>&#8211; viiden patruunan sy\u00f6tt\u00f6kotelo<\/p>\n<p>&#8211; piipun pituus noin 530 mm<\/p>\n<p>T\u00c4M\u00c4 TUOTE ON LUVANVARAINEN. KATSO OHJE LUVANVARAISEN TUOTTEEN TILAAMISEEN SIVUN VASEMMASTA ALAREUNASTA KOHDASTA &#8221;VERKKOKAUPAN K\u00c4YTT\u00d6EHDOT&#8221;.<\/p>\n","protected":false},"excerpt":{"rendered":"<p>Ven\u00e4l\u00e4isen karbiinin muunnosversio. K\u00e4ytetty ase. Aseesta on saatavissa hyvin v\u00e4h\u00e4n tietoa ja paras arvaus on, ett\u00e4 kyseess\u00e4 olisi romanialainen ratsastavalle santarmistolle tarkoitettu ase. N\u00e4it\u00e4 n\u00e4kee silloin t\u00e4ll\u00f6in, joten kyse on sarjavalmisteisesta muutoksesta. Silmiinpist\u00e4vin yksityiskohta on aseen kyljell\u00e4 oleva &#8221;tuppi&#8221;, johon arvatenkin sopii jonkun mallisen (m\/91 tai M\/91-30 ei sovi) rotanh\u00e4nt\u00e4pistimen k\u00e4rki, kun pistin on kuljetusasennossa [&hellip;]<\/p>\n","protected":false},"featured_media":797,"template":"","meta":[],"product_brand":[],"product_cat":[50,22],"product_tag":[151,149,23,150],"class_list":{"0":"post-796","1":"product","2":"type-product","3":"status-publish","4":"has-post-thumbnail","6":"product_cat-kerailyaseet","7":"product_cat-kivaarit","8":"product_tag-7-62x53r","9":"product_tag-karbiini","10":"product_tag-kivaari","11":"product_tag-mosin-nagant","12":"product_shipping_class-gun","14":"first","15":"instock","16":"taxable","17":"shipping-taxable","18":"purchasable","19":"product-type-simple"},"_links":{"self":[{"href":"https:\/\/gunmil.fi\/index.php?rest_route=\/wp\/v2\/product\/796","targetHints":{"allow":["GET"]}}],"collection":[{"href":"https:\/\/gunmil.fi\/index.php?rest_route=\/wp\/v2\/product"}],"about":[{"href":"https:\/\/gunmil.fi\/index.php?rest_route=\/wp\/v2\/types\/product"}],"wp:featuredmedia":[{"embeddable":true,"href":"https:\/\/gunmil.fi\/index.php?rest_route=\/wp\/v2\/media\/797"}],"wp:attachment":[{"href":"https:\/\/gunmil.fi\/index.php?rest_route=%2Fwp%2Fv2%2Fmedia&parent=796"}],"wp:term":[{"taxonomy":"product_brand","embeddable":true,"href":"https:\/\/gunmil.fi\/index.php?rest_route=%2Fwp%2Fv2%2Fproduct_brand&post=796"},{"taxonomy":"product_cat","embeddable":true,"href":"https:\/\/gunmil.fi\/index.php?rest_route=%2Fwp%2Fv2%2Fproduct_cat&post=796"},{"taxonomy":"product_tag","embeddable":true,"href":"https:\/\/gunmil.fi\/index.php?rest_route=%2Fwp%2Fv2%2Fproduct_tag&post=796"}],"curies":[{"name":"wp","href":"https:\/\/api.w.org\/{rel}","templated":true}]}}