{"id":787,"date":"2025-01-03T16:18:01","date_gmt":"2025-01-03T14:18:01","guid":{"rendered":"https:\/\/gunmil.fi\/?post_type=product&#038;p=787"},"modified":"2025-01-03T16:20:29","modified_gmt":"2025-01-03T14:20:29","slug":"husqvarna-studsare-nr-33-6x36r","status":"publish","type":"product","link":"https:\/\/gunmil.fi\/?product=husqvarna-studsare-nr-33-6x36r","title":{"rendered":"Husqvarna Studsare nr 33, 6x36R"},"content":{"rendered":"<p>Ruotsalainen Husqvarnan valmistama pienirunkoinen l\u00e4pp\u00e4lukkoluodikko. Asemallia valmistettiin vuodesta 1877 vuoteen 1912. K\u00e4ytetty ase. Kaliiperia ei ole leimattu aseeseen, mutta Husqvarnan historiikin mukaan kaliiperi on 6x36R (ase on aserekisteriss\u00e4 kaliiperilla .22 WCF). Hylsy syntyy .22 hornetin hylsyst\u00e4, mutta luodin halkaisija ei taida olla mik\u00e4\u00e4n nykyisin k\u00e4yt\u00f6ss\u00e4 olevista. Teknisesti ase on t\u00e4ysin ampumakuntoinen (koeammuttu nokiruutipaukuilla). Sulku on tiukka ja piipun sis\u00e4ll\u00e4 vahvat rihlat. Joitakin sy\u00f6pym\u00e4pilkkuja piipussa kuitenkin on, varsinkin piipun takap\u00e4\u00e4ss\u00e4.\u00a0 Sinistyksess\u00e4 on ohentumaa ja tukissa k\u00e4yt\u00f6n j\u00e4lki\u00e4. Ase on kuitenkin viel\u00e4 aivan mukava katsella. Puhdistusrassi ei ole alkuper\u00e4inen.<\/p>\n<p>&#8211; kaliiperi 6x56R (.22 WCF)<\/p>\n<p>&#8211; toimintatapa TT 1 kertatuli<\/p>\n<p>&#8211; piipun pituus 665 mm<\/p>\n<p>T\u00c4M\u00c4 TUOTE ON LUVANVARAINEN. KATSO OHJE LUVANVARAISEN TUOTTEEN TILAAMISEEN SIVUN VASEMMASTA ALAREUNASTA KOHDASTA &#8221;VERKKOKAUPAN K\u00c4YTT\u00d6EHDOT&#8221;.<\/p>\n","protected":false},"excerpt":{"rendered":"<p>Ruotsalainen Husqvarnan valmistama pienirunkoinen l\u00e4pp\u00e4lukkoluodikko. Asemallia valmistettiin vuodesta 1877 vuoteen 1912. K\u00e4ytetty ase. Kaliiperia ei ole leimattu aseeseen, mutta Husqvarnan historiikin mukaan kaliiperi on 6x36R (ase on aserekisteriss\u00e4 kaliiperilla .22 WCF). Hylsy syntyy .22 hornetin hylsyst\u00e4, mutta luodin halkaisija ei taida olla mik\u00e4\u00e4n nykyisin k\u00e4yt\u00f6ss\u00e4 olevista. Teknisesti ase on t\u00e4ysin ampumakuntoinen (koeammuttu nokiruutipaukuilla). Sulku on [&hellip;]<\/p>\n","protected":false},"featured_media":788,"template":"","meta":[],"product_brand":[],"product_cat":[50],"product_tag":[148,82,23,146,147],"class_list":{"0":"post-787","1":"product","2":"type-product","3":"status-publish","4":"has-post-thumbnail","6":"product_cat-kerailyaseet","7":"product_tag-6x36r","8":"product_tag-husqvarna","9":"product_tag-kivaari","10":"product_tag-mustaruuti","11":"product_tag-nr-33","12":"product_shipping_class-gun","14":"first","15":"instock","16":"taxable","17":"shipping-taxable","18":"purchasable","19":"product-type-simple"},"_links":{"self":[{"href":"https:\/\/gunmil.fi\/index.php?rest_route=\/wp\/v2\/product\/787","targetHints":{"allow":["GET"]}}],"collection":[{"href":"https:\/\/gunmil.fi\/index.php?rest_route=\/wp\/v2\/product"}],"about":[{"href":"https:\/\/gunmil.fi\/index.php?rest_route=\/wp\/v2\/types\/product"}],"wp:featuredmedia":[{"embeddable":true,"href":"https:\/\/gunmil.fi\/index.php?rest_route=\/wp\/v2\/media\/788"}],"wp:attachment":[{"href":"https:\/\/gunmil.fi\/index.php?rest_route=%2Fwp%2Fv2%2Fmedia&parent=787"}],"wp:term":[{"taxonomy":"product_brand","embeddable":true,"href":"https:\/\/gunmil.fi\/index.php?rest_route=%2Fwp%2Fv2%2Fproduct_brand&post=787"},{"taxonomy":"product_cat","embeddable":true,"href":"https:\/\/gunmil.fi\/index.php?rest_route=%2Fwp%2Fv2%2Fproduct_cat&post=787"},{"taxonomy":"product_tag","embeddable":true,"href":"https:\/\/gunmil.fi\/index.php?rest_route=%2Fwp%2Fv2%2Fproduct_tag&post=787"}],"curies":[{"name":"wp","href":"https:\/\/api.w.org\/{rel}","templated":true}]}}