{"id":726,"date":"2024-09-22T15:27:30","date_gmt":"2024-09-22T12:27:30","guid":{"rendered":"https:\/\/gunmil.fi\/?post_type=product&#038;p=726"},"modified":"2024-09-22T15:27:30","modified_gmt":"2024-09-22T12:27:30","slug":"upseerin-luokkamerkki-mestariluokka","status":"publish","type":"product","link":"https:\/\/gunmil.fi\/?product=upseerin-luokkamerkki-mestariluokka","title":{"rendered":"Upseerin luokkamerkki, mestariluokka"},"content":{"rendered":"<p>Mestariluokan yleinen p\u00e4tevyysmerkki upseereille.\u00a0 Hyv\u00e4kuntoinen, kevyesti patinoitunut ja kulunut merkki. Merkki on valmistettu messingist\u00e4 ja pinnoitettu emaloimalla, &#8221;kultauksella ja hopeoinnilla&#8221; sek\u00e4 maalilla. P\u00e4tevyysmerkki oli k\u00e4yt\u00f6ss\u00e4 vuodesta 1961 Neuvostoliiton kaatumiseen asti. Merkki\u00e4 k\u00e4yttiv\u00e4t maavoimien upseeriston lis\u00e4ksi my\u00f6s ilmavoimien upseerit, erityisesti ilmatorjuntamiehet, ei kuitenkaan lent\u00e4v\u00e4 henkil\u00f6st\u00f6.<\/p>\n","protected":false},"excerpt":{"rendered":"<p>Mestariluokan yleinen p\u00e4tevyysmerkki upseereille.\u00a0 Hyv\u00e4kuntoinen, kevyesti patinoitunut ja kulunut merkki. Merkki on valmistettu messingist\u00e4 ja pinnoitettu emaloimalla, &#8221;kultauksella ja hopeoinnilla&#8221; sek\u00e4 maalilla. P\u00e4tevyysmerkki oli k\u00e4yt\u00f6ss\u00e4 vuodesta 1961 Neuvostoliiton kaatumiseen asti. Merkki\u00e4 k\u00e4yttiv\u00e4t maavoimien upseeriston lis\u00e4ksi my\u00f6s ilmavoimien upseerit, erityisesti ilmatorjuntamiehet, ei kuitenkaan lent\u00e4v\u00e4 henkil\u00f6st\u00f6.<\/p>\n","protected":false},"featured_media":727,"template":"","meta":[],"product_brand":[],"product_cat":[110],"product_tag":[124,142,143,125,118],"class_list":{"0":"post-726","1":"product","2":"type-product","3":"status-publish","4":"has-post-thumbnail","6":"product_cat-metmerkineuvostoliitto","7":"product_tag-cccp","8":"product_tag-luokkamerkki","9":"product_tag-metallimerkki","10":"product_tag-neuvostoliitto","11":"product_tag-upseeri","12":"product_shipping_class-other_small","14":"first","15":"instock","16":"taxable","17":"shipping-taxable","18":"purchasable","19":"product-type-simple"},"_links":{"self":[{"href":"https:\/\/gunmil.fi\/index.php?rest_route=\/wp\/v2\/product\/726","targetHints":{"allow":["GET"]}}],"collection":[{"href":"https:\/\/gunmil.fi\/index.php?rest_route=\/wp\/v2\/product"}],"about":[{"href":"https:\/\/gunmil.fi\/index.php?rest_route=\/wp\/v2\/types\/product"}],"wp:featuredmedia":[{"embeddable":true,"href":"https:\/\/gunmil.fi\/index.php?rest_route=\/wp\/v2\/media\/727"}],"wp:attachment":[{"href":"https:\/\/gunmil.fi\/index.php?rest_route=%2Fwp%2Fv2%2Fmedia&parent=726"}],"wp:term":[{"taxonomy":"product_brand","embeddable":true,"href":"https:\/\/gunmil.fi\/index.php?rest_route=%2Fwp%2Fv2%2Fproduct_brand&post=726"},{"taxonomy":"product_cat","embeddable":true,"href":"https:\/\/gunmil.fi\/index.php?rest_route=%2Fwp%2Fv2%2Fproduct_cat&post=726"},{"taxonomy":"product_tag","embeddable":true,"href":"https:\/\/gunmil.fi\/index.php?rest_route=%2Fwp%2Fv2%2Fproduct_tag&post=726"}],"curies":[{"name":"wp","href":"https:\/\/api.w.org\/{rel}","templated":true}]}}