{"id":714,"date":"2024-09-22T01:41:33","date_gmt":"2024-09-21T22:41:33","guid":{"rendered":"https:\/\/gunmil.fi\/?post_type=product&#038;p=714"},"modified":"2024-09-22T01:41:34","modified_gmt":"2024-09-21T22:41:34","slug":"asevelvollisen-luokkamerkki-6","status":"publish","type":"product","link":"https:\/\/gunmil.fi\/?product=asevelvollisen-luokkamerkki-6","title":{"rendered":"Asevelvollisen luokkamerkki"},"content":{"rendered":"<p>Asevelvollisten ja sotakoulujen oppilaiden k\u00e4ytt\u00e4m\u00e4 p\u00e4tevyysmerkki. Kolmas luokka. Merkki on ruuvikiinnitteinen tyyppi\u00e4 1 (tuli k\u00e4ytt\u00f6\u00f6n 1950-luvulla), valmistettu messingist\u00e4, emaloitu ja &#8221;kullattu&#8221;. Uudenveroinen yksil\u00f6. Mutteri n\u00e4ytt\u00e4\u00e4 kopiomerkin vastaavalta, mutta on t\u00e4h\u00e4n merkkiin aivan oikeanlainen. Myynniss\u00e4 oleva yksil\u00f6 on valmistettu 1970-80- luvulla. Merkin taustapuolella on uudemman tyyppinen Moskovan rahapajan\u00a0 logo. N\u00e4m\u00e4 merkit ovat erikoisia siin\u00e4 mieless\u00e4, ett\u00e4 samaan aikaan valmistetut muut luokkamerkit olivat laadultaan huomattavasti vaatimattomampia. Collect Russia nimisell\u00e4 jenkkisivustolla arvellaan, ett\u00e4 n\u00e4m\u00e4 oli tarkoitettu &#8221;n\u00e4yteikkuna&#8221; yksik\u00f6ille, jolla tarkoitetaan Varsovan liiton maiden p\u00e4\u00e4kaupunkeihin sijoitettuja neuvostoliittolaisia eliittiyksik\u00f6it\u00e4. Merkist\u00e4 oli nelj\u00e4 luokkaa (mestariluokka ja 1-3 luokat) ja ne olivat k\u00e4yt\u00f6ss\u00e4 50-luvulta Neuvostoliiton hajoamiseen asti.<\/p>\n","protected":false},"excerpt":{"rendered":"<p>Asevelvollisten ja sotakoulujen oppilaiden k\u00e4ytt\u00e4m\u00e4 p\u00e4tevyysmerkki. Kolmas luokka. Merkki on ruuvikiinnitteinen tyyppi\u00e4 1 (tuli k\u00e4ytt\u00f6\u00f6n 1950-luvulla), valmistettu messingist\u00e4, emaloitu ja &#8221;kullattu&#8221;. Uudenveroinen yksil\u00f6. Mutteri n\u00e4ytt\u00e4\u00e4 kopiomerkin vastaavalta, mutta on t\u00e4h\u00e4n merkkiin aivan oikeanlainen. Myynniss\u00e4 oleva yksil\u00f6 on valmistettu 1970-80- luvulla. Merkin taustapuolella on uudemman tyyppinen Moskovan rahapajan\u00a0 logo. N\u00e4m\u00e4 merkit ovat erikoisia siin\u00e4 mieless\u00e4, ett\u00e4 [&hellip;]<\/p>\n","protected":false},"featured_media":715,"template":"","meta":[],"product_brand":[],"product_cat":[110],"product_tag":[124,142,143,125],"class_list":{"0":"post-714","1":"product","2":"type-product","3":"status-publish","4":"has-post-thumbnail","6":"product_cat-metmerkineuvostoliitto","7":"product_tag-cccp","8":"product_tag-luokkamerkki","9":"product_tag-metallimerkki","10":"product_tag-neuvostoliitto","11":"product_shipping_class-other_small","13":"first","14":"instock","15":"taxable","16":"shipping-taxable","17":"purchasable","18":"product-type-simple"},"_links":{"self":[{"href":"https:\/\/gunmil.fi\/index.php?rest_route=\/wp\/v2\/product\/714","targetHints":{"allow":["GET"]}}],"collection":[{"href":"https:\/\/gunmil.fi\/index.php?rest_route=\/wp\/v2\/product"}],"about":[{"href":"https:\/\/gunmil.fi\/index.php?rest_route=\/wp\/v2\/types\/product"}],"wp:featuredmedia":[{"embeddable":true,"href":"https:\/\/gunmil.fi\/index.php?rest_route=\/wp\/v2\/media\/715"}],"wp:attachment":[{"href":"https:\/\/gunmil.fi\/index.php?rest_route=%2Fwp%2Fv2%2Fmedia&parent=714"}],"wp:term":[{"taxonomy":"product_brand","embeddable":true,"href":"https:\/\/gunmil.fi\/index.php?rest_route=%2Fwp%2Fv2%2Fproduct_brand&post=714"},{"taxonomy":"product_cat","embeddable":true,"href":"https:\/\/gunmil.fi\/index.php?rest_route=%2Fwp%2Fv2%2Fproduct_cat&post=714"},{"taxonomy":"product_tag","embeddable":true,"href":"https:\/\/gunmil.fi\/index.php?rest_route=%2Fwp%2Fv2%2Fproduct_tag&post=714"}],"curies":[{"name":"wp","href":"https:\/\/api.w.org\/{rel}","templated":true}]}}