{"id":696,"date":"2024-09-22T00:37:19","date_gmt":"2024-09-21T21:37:19","guid":{"rendered":"https:\/\/gunmil.fi\/?post_type=product&#038;p=696"},"modified":"2024-09-22T00:57:42","modified_gmt":"2024-09-21T21:57:42","slug":"asevelvollisen-luokkamerkki","status":"publish","type":"product","link":"https:\/\/gunmil.fi\/?product=asevelvollisen-luokkamerkki","title":{"rendered":"Asevelvollisen luokkamerkki"},"content":{"rendered":"<p>Asevelvollisten ja sotakoulujen oppilaiden k\u00e4ytt\u00e4m\u00e4 p\u00e4tevyysmerkki. Ensimm\u00e4inen luokka. Merkki on tyyppi\u00e4 2 (tuli k\u00e4ytt\u00f6\u00f6n 50-luvun lopulla), valmistettu messingist\u00e4, emaloitu ja &#8221;kullattu&#8221;. Hyv\u00e4kuntoinen patinoitunut yksil\u00f6. Taustapuolella t\u00e4hden alapuolella valmistajan merkki. Merkist\u00e4 oli nelj\u00e4 luokkaa (mestariluokka ja 1-3 luokat) ja ne olivat k\u00e4yt\u00f6ss\u00e4 50-luvulta Neuvostoliiton hajoamiseen asti.<\/p>\n","protected":false},"excerpt":{"rendered":"<p>Asevelvollisten ja sotakoulujen oppilaiden k\u00e4ytt\u00e4m\u00e4 p\u00e4tevyysmerkki. Ensimm\u00e4inen luokka. Merkki on tyyppi\u00e4 2 (tuli k\u00e4ytt\u00f6\u00f6n 50-luvun lopulla), valmistettu messingist\u00e4, emaloitu ja &#8221;kullattu&#8221;. Hyv\u00e4kuntoinen patinoitunut yksil\u00f6. Taustapuolella t\u00e4hden alapuolella valmistajan merkki. Merkist\u00e4 oli nelj\u00e4 luokkaa (mestariluokka ja 1-3 luokat) ja ne olivat k\u00e4yt\u00f6ss\u00e4 50-luvulta Neuvostoliiton hajoamiseen asti.<\/p>\n","protected":false},"featured_media":697,"template":"","meta":[],"product_brand":[],"product_cat":[110],"product_tag":[124,142],"class_list":{"0":"post-696","1":"product","2":"type-product","3":"status-publish","4":"has-post-thumbnail","6":"product_cat-metmerkineuvostoliitto","7":"product_tag-cccp","8":"product_tag-luokkamerkki","9":"product_shipping_class-other_small","11":"first","12":"instock","13":"taxable","14":"shipping-taxable","15":"purchasable","16":"product-type-simple"},"_links":{"self":[{"href":"https:\/\/gunmil.fi\/index.php?rest_route=\/wp\/v2\/product\/696","targetHints":{"allow":["GET"]}}],"collection":[{"href":"https:\/\/gunmil.fi\/index.php?rest_route=\/wp\/v2\/product"}],"about":[{"href":"https:\/\/gunmil.fi\/index.php?rest_route=\/wp\/v2\/types\/product"}],"wp:featuredmedia":[{"embeddable":true,"href":"https:\/\/gunmil.fi\/index.php?rest_route=\/wp\/v2\/media\/697"}],"wp:attachment":[{"href":"https:\/\/gunmil.fi\/index.php?rest_route=%2Fwp%2Fv2%2Fmedia&parent=696"}],"wp:term":[{"taxonomy":"product_brand","embeddable":true,"href":"https:\/\/gunmil.fi\/index.php?rest_route=%2Fwp%2Fv2%2Fproduct_brand&post=696"},{"taxonomy":"product_cat","embeddable":true,"href":"https:\/\/gunmil.fi\/index.php?rest_route=%2Fwp%2Fv2%2Fproduct_cat&post=696"},{"taxonomy":"product_tag","embeddable":true,"href":"https:\/\/gunmil.fi\/index.php?rest_route=%2Fwp%2Fv2%2Fproduct_tag&post=696"}],"curies":[{"name":"wp","href":"https:\/\/api.w.org\/{rel}","templated":true}]}}