{"id":691,"date":"2024-09-15T01:00:04","date_gmt":"2024-09-14T22:00:04","guid":{"rendered":"https:\/\/gunmil.fi\/?post_type=product&#038;p=691"},"modified":"2025-06-18T23:23:51","modified_gmt":"2025-06-18T20:23:51","slug":"panssarimiesten-rintamerkki","status":"publish","type":"product","link":"https:\/\/gunmil.fi\/?product=panssarimiesten-rintamerkki","title":{"rendered":"Panssarimiesten rintamerkki"},"content":{"rendered":"<p>Neuvostoliiton armeijan panssarivaunumiehist\u00f6jen rintamerkki mustaan vaunupukuun. K\u00e4ytt\u00e4m\u00e4t\u00f6n merkki. Tuotekuva on tyyppikuva, joten l\u00e4hetett\u00e4v\u00e4 tuote voi poiketa siit\u00e4 valmistuser\u00e4kohtaisten erojen vuoksi. Merkeiss\u00e4 on enempi tai v\u00e4hempi n\u00e4ille merkeille tyypillist\u00e4 k\u00e4pristymist\u00e4.<\/p>\n","protected":false},"excerpt":{"rendered":"<p>Neuvostoliiton armeijan panssarivaunumiehist\u00f6jen rintamerkki mustaan vaunupukuun. K\u00e4ytt\u00e4m\u00e4t\u00f6n merkki. Tuotekuva on tyyppikuva, joten l\u00e4hetett\u00e4v\u00e4 tuote voi poiketa siit\u00e4 valmistuser\u00e4kohtaisten erojen vuoksi. Merkeiss\u00e4 on enempi tai v\u00e4hempi n\u00e4ille merkeille tyypillist\u00e4 k\u00e4pristymist\u00e4.<\/p>\n","protected":false},"featured_media":692,"template":"","meta":[],"product_brand":[],"product_cat":[113],"product_tag":[139,124,125,127,141],"class_list":{"0":"post-691","1":"product","2":"type-product","3":"status-publish","4":"has-post-thumbnail","6":"product_cat-kangasmerkitneuvostoliitto","7":"product_tag-aselaji","8":"product_tag-cccp","9":"product_tag-neuvostoliitto","10":"product_tag-panssari","11":"product_tag-rintamerkki","12":"product_shipping_class-other_small","14":"first","15":"instock","16":"taxable","17":"shipping-taxable","18":"purchasable","19":"product-type-simple"},"_links":{"self":[{"href":"https:\/\/gunmil.fi\/index.php?rest_route=\/wp\/v2\/product\/691","targetHints":{"allow":["GET"]}}],"collection":[{"href":"https:\/\/gunmil.fi\/index.php?rest_route=\/wp\/v2\/product"}],"about":[{"href":"https:\/\/gunmil.fi\/index.php?rest_route=\/wp\/v2\/types\/product"}],"wp:featuredmedia":[{"embeddable":true,"href":"https:\/\/gunmil.fi\/index.php?rest_route=\/wp\/v2\/media\/692"}],"wp:attachment":[{"href":"https:\/\/gunmil.fi\/index.php?rest_route=%2Fwp%2Fv2%2Fmedia&parent=691"}],"wp:term":[{"taxonomy":"product_brand","embeddable":true,"href":"https:\/\/gunmil.fi\/index.php?rest_route=%2Fwp%2Fv2%2Fproduct_brand&post=691"},{"taxonomy":"product_cat","embeddable":true,"href":"https:\/\/gunmil.fi\/index.php?rest_route=%2Fwp%2Fv2%2Fproduct_cat&post=691"},{"taxonomy":"product_tag","embeddable":true,"href":"https:\/\/gunmil.fi\/index.php?rest_route=%2Fwp%2Fv2%2Fproduct_tag&post=691"}],"curies":[{"name":"wp","href":"https:\/\/api.w.org\/{rel}","templated":true}]}}