{"id":685,"date":"2024-09-15T00:30:21","date_gmt":"2024-09-14T21:30:21","guid":{"rendered":"https:\/\/gunmil.fi\/?post_type=product&#038;p=685"},"modified":"2024-09-15T00:30:21","modified_gmt":"2024-09-14T21:30:21","slug":"aselajimerkki-ilmavoimat","status":"publish","type":"product","link":"https:\/\/gunmil.fi\/?product=aselajimerkki-ilmavoimat","title":{"rendered":"Aselajimerkki, ilmavoimat"},"content":{"rendered":"<p>Neuvostoliiton ilmavoimien aselajimerkki M\/69. Merkki\u00e4 k\u00e4yttiv\u00e4t asevelvolliset ja v\u00e4rv\u00e4tty henkil\u00f6st\u00f6 paraati- ja palveluspuvun vasemmassa hihassa. K\u00e4ytt\u00e4m\u00e4t\u00f6n merkki. Tuotekuva on tyyppikuva, joten l\u00e4hetett\u00e4v\u00e4 tuote voi poiketa siit\u00e4 valmistuser\u00e4kohtaisten erojen vuoksi. Merkeiss\u00e4 on enempi tai v\u00e4hempi n\u00e4ille merkeille tyypillist\u00e4 k\u00e4pristymist\u00e4.<\/p>\n","protected":false},"excerpt":{"rendered":"<p>Neuvostoliiton ilmavoimien aselajimerkki M\/69. Merkki\u00e4 k\u00e4yttiv\u00e4t asevelvolliset ja v\u00e4rv\u00e4tty henkil\u00f6st\u00f6 paraati- ja palveluspuvun vasemmassa hihassa. K\u00e4ytt\u00e4m\u00e4t\u00f6n merkki. Tuotekuva on tyyppikuva, joten l\u00e4hetett\u00e4v\u00e4 tuote voi poiketa siit\u00e4 valmistuser\u00e4kohtaisten erojen vuoksi. Merkeiss\u00e4 on enempi tai v\u00e4hempi n\u00e4ille merkeille tyypillist\u00e4 k\u00e4pristymist\u00e4.<\/p>\n","protected":false},"featured_media":686,"template":"","meta":[],"product_brand":[],"product_cat":[113],"product_tag":[139,124,140,126,125],"class_list":{"0":"post-685","1":"product","2":"type-product","3":"status-publish","4":"has-post-thumbnail","6":"product_cat-kangasmerkitneuvostoliitto","7":"product_tag-aselaji","8":"product_tag-cccp","9":"product_tag-ilmavoimat","10":"product_tag-koulutushaaramerkki","11":"product_tag-neuvostoliitto","12":"product_shipping_class-other_small","14":"first","15":"instock","16":"taxable","17":"shipping-taxable","18":"purchasable","19":"product-type-simple"},"_links":{"self":[{"href":"https:\/\/gunmil.fi\/index.php?rest_route=\/wp\/v2\/product\/685","targetHints":{"allow":["GET"]}}],"collection":[{"href":"https:\/\/gunmil.fi\/index.php?rest_route=\/wp\/v2\/product"}],"about":[{"href":"https:\/\/gunmil.fi\/index.php?rest_route=\/wp\/v2\/types\/product"}],"wp:featuredmedia":[{"embeddable":true,"href":"https:\/\/gunmil.fi\/index.php?rest_route=\/wp\/v2\/media\/686"}],"wp:attachment":[{"href":"https:\/\/gunmil.fi\/index.php?rest_route=%2Fwp%2Fv2%2Fmedia&parent=685"}],"wp:term":[{"taxonomy":"product_brand","embeddable":true,"href":"https:\/\/gunmil.fi\/index.php?rest_route=%2Fwp%2Fv2%2Fproduct_brand&post=685"},{"taxonomy":"product_cat","embeddable":true,"href":"https:\/\/gunmil.fi\/index.php?rest_route=%2Fwp%2Fv2%2Fproduct_cat&post=685"},{"taxonomy":"product_tag","embeddable":true,"href":"https:\/\/gunmil.fi\/index.php?rest_route=%2Fwp%2Fv2%2Fproduct_tag&post=685"}],"curies":[{"name":"wp","href":"https:\/\/api.w.org\/{rel}","templated":true}]}}