{"id":681,"date":"2024-09-15T00:19:24","date_gmt":"2024-09-14T21:19:24","guid":{"rendered":"https:\/\/gunmil.fi\/?post_type=product&#038;p=681"},"modified":"2026-03-03T19:06:58","modified_gmt":"2026-03-03T17:06:58","slug":"koulutushaaramerkki-moottoroitu-jalkavaki","status":"publish","type":"product","link":"https:\/\/gunmil.fi\/?product=koulutushaaramerkki-moottoroitu-jalkavaki","title":{"rendered":"Aselajimerkki, moottoroitu jalkav\u00e4ki"},"content":{"rendered":"<p>Neuvostoliiton armeijan moottoroidun jalkav\u00e4en aselajimerkki M\/69. Merkki\u00e4 k\u00e4yttiv\u00e4t asevelvolliset ja v\u00e4rv\u00e4tty henkil\u00f6st\u00f6 paraati- ja palveluspuvun vasemmassa hihassa. K\u00e4ytt\u00e4m\u00e4t\u00f6n merkki. Tuotekuva on tyyppikuva, joten l\u00e4hetett\u00e4v\u00e4 tuote voi poiketa siit\u00e4 valmistuser\u00e4kohtaisten erojen vuoksi. Merkeiss\u00e4 on enempi tai v\u00e4hempi n\u00e4ille merkeille tyypillist\u00e4 k\u00e4pristymist\u00e4.<\/p>\n","protected":false},"excerpt":{"rendered":"<p>Neuvostoliiton armeijan moottoroidun jalkav\u00e4en aselajimerkki M\/69. Merkki\u00e4 k\u00e4yttiv\u00e4t asevelvolliset ja v\u00e4rv\u00e4tty henkil\u00f6st\u00f6 paraati- ja palveluspuvun vasemmassa hihassa. K\u00e4ytt\u00e4m\u00e4t\u00f6n merkki. Tuotekuva on tyyppikuva, joten l\u00e4hetett\u00e4v\u00e4 tuote voi poiketa siit\u00e4 valmistuser\u00e4kohtaisten erojen vuoksi. Merkeiss\u00e4 on enempi tai v\u00e4hempi n\u00e4ille merkeille tyypillist\u00e4 k\u00e4pristymist\u00e4.<\/p>\n","protected":false},"featured_media":682,"template":"","meta":[],"product_brand":[],"product_cat":[113],"product_tag":[139,124,126,137,125],"class_list":{"0":"post-681","1":"product","2":"type-product","3":"status-publish","4":"has-post-thumbnail","6":"product_cat-kangasmerkitneuvostoliitto","7":"product_tag-aselaji","8":"product_tag-cccp","9":"product_tag-koulutushaaramerkki","10":"product_tag-moottoroitu-jalkavaki","11":"product_tag-neuvostoliitto","12":"product_shipping_class-other_small","14":"first","15":"instock","16":"taxable","17":"shipping-taxable","18":"purchasable","19":"product-type-simple"},"_links":{"self":[{"href":"https:\/\/gunmil.fi\/index.php?rest_route=\/wp\/v2\/product\/681","targetHints":{"allow":["GET"]}}],"collection":[{"href":"https:\/\/gunmil.fi\/index.php?rest_route=\/wp\/v2\/product"}],"about":[{"href":"https:\/\/gunmil.fi\/index.php?rest_route=\/wp\/v2\/types\/product"}],"wp:featuredmedia":[{"embeddable":true,"href":"https:\/\/gunmil.fi\/index.php?rest_route=\/wp\/v2\/media\/682"}],"wp:attachment":[{"href":"https:\/\/gunmil.fi\/index.php?rest_route=%2Fwp%2Fv2%2Fmedia&parent=681"}],"wp:term":[{"taxonomy":"product_brand","embeddable":true,"href":"https:\/\/gunmil.fi\/index.php?rest_route=%2Fwp%2Fv2%2Fproduct_brand&post=681"},{"taxonomy":"product_cat","embeddable":true,"href":"https:\/\/gunmil.fi\/index.php?rest_route=%2Fwp%2Fv2%2Fproduct_cat&post=681"},{"taxonomy":"product_tag","embeddable":true,"href":"https:\/\/gunmil.fi\/index.php?rest_route=%2Fwp%2Fv2%2Fproduct_tag&post=681"}],"curies":[{"name":"wp","href":"https:\/\/api.w.org\/{rel}","templated":true}]}}