{"id":677,"date":"2024-09-15T00:04:15","date_gmt":"2024-09-14T21:04:15","guid":{"rendered":"https:\/\/gunmil.fi\/?post_type=product&#038;p=677"},"modified":"2024-09-15T00:40:03","modified_gmt":"2024-09-14T21:40:03","slug":"koulutushaaramerkki-rautatiejoukot","status":"publish","type":"product","link":"https:\/\/gunmil.fi\/?product=koulutushaaramerkki-rautatiejoukot","title":{"rendered":"Aselajimerkki, rautatiejoukot"},"content":{"rendered":"<p>Neuvostoliiton armeijan rautatiejoukkojen aselajimerkki M\/69. Merkki\u00e4 k\u00e4yttiv\u00e4t asevelvolliset ja v\u00e4rv\u00e4tty henkil\u00f6st\u00f6 paraati- ja palveluspuvun vasemmassa hihassa. Rautatiejoukkojen (VOSO) teht\u00e4v\u00e4n\u00e4 oli vastata taistelevien joukkojen tukemiseen tarvittavista rautatiekuljetuksista rakentamalla ja kunnossapit\u00e4m\u00e4ll\u00e4 rataverkkoa ja johtamalla sen k\u00e4ytt\u00f6\u00e4. K\u00e4ytt\u00e4m\u00e4t\u00f6n merkki. Tuotekuva on tyyppikuva, joten l\u00e4hetett\u00e4v\u00e4 tuote voi poiketa siit\u00e4 valmistuser\u00e4kohtaisten erojen vuoksi. Merkeiss\u00e4 on enempi tai v\u00e4hempi n\u00e4ille merkeille tyypillist\u00e4 k\u00e4pristymist\u00e4.<\/p>\n","protected":false},"excerpt":{"rendered":"<p>Neuvostoliiton armeijan rautatiejoukkojen aselajimerkki M\/69. Merkki\u00e4 k\u00e4yttiv\u00e4t asevelvolliset ja v\u00e4rv\u00e4tty henkil\u00f6st\u00f6 paraati- ja palveluspuvun vasemmassa hihassa. Rautatiejoukkojen (VOSO) teht\u00e4v\u00e4n\u00e4 oli vastata taistelevien joukkojen tukemiseen tarvittavista rautatiekuljetuksista rakentamalla ja kunnossapit\u00e4m\u00e4ll\u00e4 rataverkkoa ja johtamalla sen k\u00e4ytt\u00f6\u00e4. K\u00e4ytt\u00e4m\u00e4t\u00f6n merkki. Tuotekuva on tyyppikuva, joten l\u00e4hetett\u00e4v\u00e4 tuote voi poiketa siit\u00e4 valmistuser\u00e4kohtaisten erojen vuoksi. Merkeiss\u00e4 on enempi tai v\u00e4hempi n\u00e4ille merkeille [&hellip;]<\/p>\n","protected":false},"featured_media":678,"template":"","meta":[],"product_brand":[],"product_cat":[113],"product_tag":[139,124,126,125,133,134],"class_list":{"0":"post-677","1":"product","2":"type-product","3":"status-publish","4":"has-post-thumbnail","6":"product_cat-kangasmerkitneuvostoliitto","7":"product_tag-aselaji","8":"product_tag-cccp","9":"product_tag-koulutushaaramerkki","10":"product_tag-neuvostoliitto","11":"product_tag-rautatiejoukot","12":"product_tag-voso","13":"product_shipping_class-other_small","15":"first","16":"instock","17":"taxable","18":"shipping-taxable","19":"purchasable","20":"product-type-simple"},"_links":{"self":[{"href":"https:\/\/gunmil.fi\/index.php?rest_route=\/wp\/v2\/product\/677","targetHints":{"allow":["GET"]}}],"collection":[{"href":"https:\/\/gunmil.fi\/index.php?rest_route=\/wp\/v2\/product"}],"about":[{"href":"https:\/\/gunmil.fi\/index.php?rest_route=\/wp\/v2\/types\/product"}],"wp:featuredmedia":[{"embeddable":true,"href":"https:\/\/gunmil.fi\/index.php?rest_route=\/wp\/v2\/media\/678"}],"wp:attachment":[{"href":"https:\/\/gunmil.fi\/index.php?rest_route=%2Fwp%2Fv2%2Fmedia&parent=677"}],"wp:term":[{"taxonomy":"product_brand","embeddable":true,"href":"https:\/\/gunmil.fi\/index.php?rest_route=%2Fwp%2Fv2%2Fproduct_brand&post=677"},{"taxonomy":"product_cat","embeddable":true,"href":"https:\/\/gunmil.fi\/index.php?rest_route=%2Fwp%2Fv2%2Fproduct_cat&post=677"},{"taxonomy":"product_tag","embeddable":true,"href":"https:\/\/gunmil.fi\/index.php?rest_route=%2Fwp%2Fv2%2Fproduct_tag&post=677"}],"curies":[{"name":"wp","href":"https:\/\/api.w.org\/{rel}","templated":true}]}}