{"id":445,"date":"2024-08-12T23:35:33","date_gmt":"2024-08-12T20:35:33","guid":{"rendered":"https:\/\/gunmil.fi\/?post_type=product&#038;p=445"},"modified":"2026-05-16T22:42:12","modified_gmt":"2026-05-16T19:42:12","slug":"kauluslaatat-paallysto-lyhyt","status":"publish","type":"product","link":"https:\/\/gunmil.fi\/?product=kauluslaatat-paallysto-lyhyt","title":{"rendered":"Kauluslaatat, p\u00e4\u00e4llyst\u00f6 (lyhyt)"},"content":{"rendered":"","protected":false},"excerpt":{"rendered":"","protected":false},"featured_media":446,"template":"","meta":[],"product_brand":[],"product_cat":[96],"product_tag":[99,118],"class_list":{"0":"post-445","1":"product","2":"type-product","3":"status-publish","4":"has-post-thumbnail","6":"product_cat-kangasmerkitsuomi","7":"product_tag-kauluslaatat","8":"product_tag-upseeri","9":"product_shipping_class-other_small","11":"first","12":"instock","13":"taxable","14":"shipping-taxable","15":"purchasable","16":"product-type-variable"},"_links":{"self":[{"href":"https:\/\/gunmil.fi\/index.php?rest_route=\/wp\/v2\/product\/445","targetHints":{"allow":["GET"]}}],"collection":[{"href":"https:\/\/gunmil.fi\/index.php?rest_route=\/wp\/v2\/product"}],"about":[{"href":"https:\/\/gunmil.fi\/index.php?rest_route=\/wp\/v2\/types\/product"}],"wp:featuredmedia":[{"embeddable":true,"href":"https:\/\/gunmil.fi\/index.php?rest_route=\/wp\/v2\/media\/446"}],"wp:attachment":[{"href":"https:\/\/gunmil.fi\/index.php?rest_route=%2Fwp%2Fv2%2Fmedia&parent=445"}],"wp:term":[{"taxonomy":"product_brand","embeddable":true,"href":"https:\/\/gunmil.fi\/index.php?rest_route=%2Fwp%2Fv2%2Fproduct_brand&post=445"},{"taxonomy":"product_cat","embeddable":true,"href":"https:\/\/gunmil.fi\/index.php?rest_route=%2Fwp%2Fv2%2Fproduct_cat&post=445"},{"taxonomy":"product_tag","embeddable":true,"href":"https:\/\/gunmil.fi\/index.php?rest_route=%2Fwp%2Fv2%2Fproduct_tag&post=445"}],"curies":[{"name":"wp","href":"https:\/\/api.w.org\/{rel}","templated":true}]}}