{"id":310,"date":"2024-07-29T00:22:09","date_gmt":"2024-07-28T21:22:09","guid":{"rendered":"https:\/\/gunmil.fi\/?post_type=product&#038;p=310"},"modified":"2024-07-29T00:27:35","modified_gmt":"2024-07-28T21:27:35","slug":"sako-l461-222-rem","status":"publish","type":"product","link":"https:\/\/gunmil.fi\/?product=sako-l461-222-rem","title":{"rendered":"Sako L461, .222 Rem"},"content":{"rendered":"<p>Kokotukkisena paremmin harvinainen sakolainen. K\u00e4ytetty ase. Sinistys k\u00e4yt\u00e4nn\u00f6ss\u00e4 virheet\u00f6n, tukissa vain v\u00e4h\u00e4isi\u00e4 k\u00e4yt\u00f6n j\u00e4lki\u00e4. Mikrorihlattu piippu on sis\u00e4lt\u00e4 hyv\u00e4. Lukkoa on ilmeisesti joskus s\u00e4ilytetty eri paikassa kun muuta asetta, sill\u00e4 siin\u00e4 on sy\u00f6pym\u00e4pilkkuja (on kuitenkia aseen kanssa samalla numerolla). Jostain syyst\u00e4 piippua on v\u00e4h\u00e4n lyhennetty (n 2 mm). Etuhelaa on my\u00f6s avarrettu. Ajatuksena on tietenkin ollut vapaasti v\u00e4r\u00e4htelev\u00e4 piippu tarkkuuden parantamiseksi. Seurauksena on piipun ja etuhelan v\u00e4lyksest\u00e4 johtuva vieno kalina. Aseessa ei ole avot\u00e4ht\u00e4imi\u00e4&#8230;vaatii kiikarin.<\/p>\n<p>&#8211; kaliiperi .222 Rem<\/p>\n<p>&#8211; toimintatapa TT 2 lippaallinen kertatuli<\/p>\n<p>&#8211; 3 patruunan irtolipas<\/p>\n<p>&#8211; piipun pituus 600 mm<\/p>\n<p>T\u00c4M\u00c4 TUOTE ON LUVANVARAINEN. KATSO OHJE LUVANVARAISEN TUOTTEEN TILAAMISEEN SIVUN VASEMMASTA ALAREUNASTA KOHDASTA &#8221;VERKKOKAUPAN K\u00c4YTT\u00d6EHDOT&#8221;.<\/p>\n","protected":false},"excerpt":{"rendered":"<p>Kokotukkisena paremmin harvinainen sakolainen. K\u00e4ytetty ase. Sinistys k\u00e4yt\u00e4nn\u00f6ss\u00e4 virheet\u00f6n, tukissa vain v\u00e4h\u00e4isi\u00e4 k\u00e4yt\u00f6n j\u00e4lki\u00e4. Mikrorihlattu piippu on sis\u00e4lt\u00e4 hyv\u00e4. Lukkoa on ilmeisesti joskus s\u00e4ilytetty eri paikassa kun muuta asetta, sill\u00e4 siin\u00e4 on sy\u00f6pym\u00e4pilkkuja (on kuitenkia aseen kanssa samalla numerolla). Jostain syyst\u00e4 piippua on v\u00e4h\u00e4n lyhennetty (n 2 mm). Etuhelaa on my\u00f6s avarrettu. Ajatuksena on tietenkin [&hellip;]<\/p>\n","protected":false},"featured_media":311,"template":"","meta":[],"product_brand":[],"product_cat":[22],"product_tag":[87,23,94,92],"class_list":{"0":"post-310","1":"product","2":"type-product","3":"status-publish","4":"has-post-thumbnail","6":"product_cat-kivaarit","7":"product_tag-222-rem","8":"product_tag-kivaari","9":"product_tag-l461","10":"product_tag-sako","11":"product_shipping_class-gun","13":"first","14":"instock","15":"taxable","16":"shipping-taxable","17":"purchasable","18":"product-type-simple"},"_links":{"self":[{"href":"https:\/\/gunmil.fi\/index.php?rest_route=\/wp\/v2\/product\/310","targetHints":{"allow":["GET"]}}],"collection":[{"href":"https:\/\/gunmil.fi\/index.php?rest_route=\/wp\/v2\/product"}],"about":[{"href":"https:\/\/gunmil.fi\/index.php?rest_route=\/wp\/v2\/types\/product"}],"wp:featuredmedia":[{"embeddable":true,"href":"https:\/\/gunmil.fi\/index.php?rest_route=\/wp\/v2\/media\/311"}],"wp:attachment":[{"href":"https:\/\/gunmil.fi\/index.php?rest_route=%2Fwp%2Fv2%2Fmedia&parent=310"}],"wp:term":[{"taxonomy":"product_brand","embeddable":true,"href":"https:\/\/gunmil.fi\/index.php?rest_route=%2Fwp%2Fv2%2Fproduct_brand&post=310"},{"taxonomy":"product_cat","embeddable":true,"href":"https:\/\/gunmil.fi\/index.php?rest_route=%2Fwp%2Fv2%2Fproduct_cat&post=310"},{"taxonomy":"product_tag","embeddable":true,"href":"https:\/\/gunmil.fi\/index.php?rest_route=%2Fwp%2Fv2%2Fproduct_tag&post=310"}],"curies":[{"name":"wp","href":"https:\/\/api.w.org\/{rel}","templated":true}]}}