{"id":303,"date":"2024-07-28T23:52:16","date_gmt":"2024-07-28T20:52:16","guid":{"rendered":"https:\/\/gunmil.fi\/?post_type=product&#038;p=303"},"modified":"2026-03-14T14:20:41","modified_gmt":"2026-03-14T12:20:41","slug":"sako-l46-222-rem","status":"publish","type":"product","link":"https:\/\/gunmil.fi\/?product=sako-l46-222-rem","title":{"rendered":"Sako L46, .222 Rem"},"content":{"rendered":"<p>Hienokuntoinen ja harvinainen sakolainen. K\u00e4ytetty ase. Sinistys k\u00e4yt\u00e4nn\u00f6ss\u00e4 virheet\u00f6n, tukissa mets\u00e4reissuilla kantamisesta syntyneit\u00e4 naarmuja. J\u00e4lki\u00e4 on eniten tukin alapuolella, ilmeisesti asetta on tuettu karkeaan pintaan ammuttaessa. Aseella on ilmeisesti ammuttu olemattoman v\u00e4h\u00e4n, sill\u00e4 lukon iskupohjassa ei ole mit\u00e4\u00e4n j\u00e4lki\u00e4. Piippu on sis\u00e4lt\u00e4 hyv\u00e4.<\/p>\n<p>&#8211; kaliiperi .222 Rem<\/p>\n<p>&#8211; toimintatapa TT 2 lippaallinen kertatuli<\/p>\n<p>&#8211; 3 patruunan irtolipas<\/p>\n<p>&#8211; piipun pituus 600 mm<\/p>\n<p>T\u00c4M\u00c4 TUOTE ON LUVANVARAINEN. KATSO OHJE LUVANVARAISEN TUOTTEEN TILAAMISEEN SIVUN VASEMMASTA ALAREUNASTA KOHDASTA &#8221;VERKKOKAUPAN K\u00c4YTT\u00d6EHDOT&#8221;.<\/p>\n","protected":false},"excerpt":{"rendered":"<p>Hienokuntoinen ja harvinainen sakolainen. K\u00e4ytetty ase. Sinistys k\u00e4yt\u00e4nn\u00f6ss\u00e4 virheet\u00f6n, tukissa mets\u00e4reissuilla kantamisesta syntyneit\u00e4 naarmuja. J\u00e4lki\u00e4 on eniten tukin alapuolella, ilmeisesti asetta on tuettu karkeaan pintaan ammuttaessa. Aseella on ilmeisesti ammuttu olemattoman v\u00e4h\u00e4n, sill\u00e4 lukon iskupohjassa ei ole mit\u00e4\u00e4n j\u00e4lki\u00e4. Piippu on sis\u00e4lt\u00e4 hyv\u00e4. &#8211; kaliiperi .222 Rem &#8211; toimintatapa TT 2 lippaallinen kertatuli &#8211; 3 [&hellip;]<\/p>\n","protected":false},"featured_media":304,"template":"","meta":[],"product_brand":[],"product_cat":[22],"product_tag":[87,23,93,92],"class_list":{"0":"post-303","1":"product","2":"type-product","3":"status-publish","4":"has-post-thumbnail","6":"product_cat-kivaarit","7":"product_tag-222-rem","8":"product_tag-kivaari","9":"product_tag-l46","10":"product_tag-sako","11":"product_shipping_class-gun","13":"first","14":"outofstock","15":"taxable","16":"shipping-taxable","17":"purchasable","18":"product-type-simple"},"_links":{"self":[{"href":"https:\/\/gunmil.fi\/index.php?rest_route=\/wp\/v2\/product\/303","targetHints":{"allow":["GET"]}}],"collection":[{"href":"https:\/\/gunmil.fi\/index.php?rest_route=\/wp\/v2\/product"}],"about":[{"href":"https:\/\/gunmil.fi\/index.php?rest_route=\/wp\/v2\/types\/product"}],"wp:featuredmedia":[{"embeddable":true,"href":"https:\/\/gunmil.fi\/index.php?rest_route=\/wp\/v2\/media\/304"}],"wp:attachment":[{"href":"https:\/\/gunmil.fi\/index.php?rest_route=%2Fwp%2Fv2%2Fmedia&parent=303"}],"wp:term":[{"taxonomy":"product_brand","embeddable":true,"href":"https:\/\/gunmil.fi\/index.php?rest_route=%2Fwp%2Fv2%2Fproduct_brand&post=303"},{"taxonomy":"product_cat","embeddable":true,"href":"https:\/\/gunmil.fi\/index.php?rest_route=%2Fwp%2Fv2%2Fproduct_cat&post=303"},{"taxonomy":"product_tag","embeddable":true,"href":"https:\/\/gunmil.fi\/index.php?rest_route=%2Fwp%2Fv2%2Fproduct_tag&post=303"}],"curies":[{"name":"wp","href":"https:\/\/api.w.org\/{rel}","templated":true}]}}