{"id":274,"date":"2024-07-28T16:11:47","date_gmt":"2024-07-28T13:11:47","guid":{"rendered":"https:\/\/gunmil.fi\/?post_type=product&#038;p=274"},"modified":"2024-07-28T16:15:39","modified_gmt":"2024-07-28T13:15:39","slug":"valmet-312ke-skeet-12-70","status":"publish","type":"product","link":"https:\/\/gunmil.fi\/?product=valmet-312ke-skeet-12-70","title":{"rendered":"Valmet 312KE Skeet, 12\/70"},"content":{"rendered":"<p>Kotimainen k\u00e4ytetty laatuhaulikko. Ejektorit. Ase on varsin hyv\u00e4kuntoinen; sinistys k\u00e4yt\u00e4nn\u00f6ss\u00e4 virheet\u00f6n, tukissa joitakin kolhuja. Etutukissa\u00a0 vasemmalla kyljell\u00e4 hankauma. Aseen tukissa on n\u00e4ht\u00e4v\u00e4sti ollut joku metallil\u00e4tk\u00e4, jonka poisto on j\u00e4tt\u00e4nyt puuhun kaksi pient\u00e4 reik\u00e4\u00e4. Piiput ovat sis\u00e4lt\u00e4 hyv\u00e4t. Supistukset mahdollistavat my\u00f6s ter\u00e4shaulien\/vast ampumisen, kunhan patruunan painetaso on maltillinen. Sulku on tiukka ja ase on teknisesti toimiva. Etutukin kiinnityksess\u00e4 on klappia, joka on helposti poitettavissa vaikkapa liimaamalla etutukin pohjaan (sis\u00e4puolelle) pieni puus\u00e4l\u00f6, ja hiomalla sit\u00e4 niin, ett\u00e4 tukin salpa juuri lukittuu. Ase on valmistettu vuonna 1975.<\/p>\n<p>&#8211; kaliiperi 12\/70<\/p>\n<p>&#8211; toimintatapa TT1 kertatuli<\/p>\n<p>&#8211; yksi liipaisin, piipun valitsija liipaisimessa.<\/p>\n<p>&#8211; automaattivarmistin<\/p>\n<p>&#8211; sopistukset sylinteri (skeet) ja parannettu sylinteri<\/p>\n<p>&#8211; piippujen pituus 660 mm<\/p>\n<p>&nbsp;<\/p>\n<p>T\u00c4M\u00c4 TUOTE ON LUVANVARAINEN. KATSO OHJE LUVANVARAISEN TUOTTEEN TILAAMISEEN SIVUN VASEMMASTA ALAREUNASTA KOHDASTA &#8221;VERKKOKAUPAN K\u00c4YTT\u00d6EHDOT&#8221;.<\/p>\n","protected":false},"excerpt":{"rendered":"<p>Kotimainen k\u00e4ytetty laatuhaulikko. Ejektorit. Ase on varsin hyv\u00e4kuntoinen; sinistys k\u00e4yt\u00e4nn\u00f6ss\u00e4 virheet\u00f6n, tukissa joitakin kolhuja. Etutukissa\u00a0 vasemmalla kyljell\u00e4 hankauma. Aseen tukissa on n\u00e4ht\u00e4v\u00e4sti ollut joku metallil\u00e4tk\u00e4, jonka poisto on j\u00e4tt\u00e4nyt puuhun kaksi pient\u00e4 reik\u00e4\u00e4. Piiput ovat sis\u00e4lt\u00e4 hyv\u00e4t. Supistukset mahdollistavat my\u00f6s ter\u00e4shaulien\/vast ampumisen, kunhan patruunan painetaso on maltillinen. Sulku on tiukka ja ase on teknisesti toimiva. [&hellip;]<\/p>\n","protected":false},"featured_media":275,"template":"","meta":[],"product_brand":[],"product_cat":[42],"product_tag":[45,44,83],"class_list":{"0":"post-274","1":"product","2":"type-product","3":"status-publish","4":"has-post-thumbnail","6":"product_cat-haulikot","7":"product_tag-12-70","8":"product_tag-haulikko","9":"product_tag-valmet","10":"product_shipping_class-gun","12":"first","13":"instock","14":"taxable","15":"shipping-taxable","16":"purchasable","17":"product-type-simple"},"_links":{"self":[{"href":"https:\/\/gunmil.fi\/index.php?rest_route=\/wp\/v2\/product\/274","targetHints":{"allow":["GET"]}}],"collection":[{"href":"https:\/\/gunmil.fi\/index.php?rest_route=\/wp\/v2\/product"}],"about":[{"href":"https:\/\/gunmil.fi\/index.php?rest_route=\/wp\/v2\/types\/product"}],"wp:featuredmedia":[{"embeddable":true,"href":"https:\/\/gunmil.fi\/index.php?rest_route=\/wp\/v2\/media\/275"}],"wp:attachment":[{"href":"https:\/\/gunmil.fi\/index.php?rest_route=%2Fwp%2Fv2%2Fmedia&parent=274"}],"wp:term":[{"taxonomy":"product_brand","embeddable":true,"href":"https:\/\/gunmil.fi\/index.php?rest_route=%2Fwp%2Fv2%2Fproduct_brand&post=274"},{"taxonomy":"product_cat","embeddable":true,"href":"https:\/\/gunmil.fi\/index.php?rest_route=%2Fwp%2Fv2%2Fproduct_cat&post=274"},{"taxonomy":"product_tag","embeddable":true,"href":"https:\/\/gunmil.fi\/index.php?rest_route=%2Fwp%2Fv2%2Fproduct_tag&post=274"}],"curies":[{"name":"wp","href":"https:\/\/api.w.org\/{rel}","templated":true}]}}