{"id":267,"date":"2024-07-26T23:24:24","date_gmt":"2024-07-26T20:24:24","guid":{"rendered":"https:\/\/gunmil.fi\/?post_type=product&#038;p=267"},"modified":"2024-07-26T23:46:34","modified_gmt":"2024-07-26T20:46:34","slug":"husqvarna-mod-1310-12-70","status":"publish","type":"product","link":"https:\/\/gunmil.fi\/?product=husqvarna-mod-1310-12-70","title":{"rendered":"Husqvarna Mod 1310, 12\/70"},"content":{"rendered":"<p>K\u00e4ytetty ruotsalainen haulikko. Valmistettu 1960-luvun alussa. Aseessa on normaalia mets\u00e4stysk\u00e4yt\u00f6ss\u00e4 tullutta kulumaa, kunto tyydytt\u00e4v\u00e4. Piiput sis\u00e4lt\u00e4 Ok. Ehj\u00e4 ja teknisesti toimiva ase. Sulussa ilman etutukkia pieni klappi, etutukki paikallaa j\u00e4m\u00e4kk\u00e4.<\/p>\n<p>&#8211; kaliiperi 12\/70<\/p>\n<p>&#8211; toimintatapa TT1 kertatuli<\/p>\n<p>&#8211; kaksi liipaisinta<\/p>\n<p>&#8211; automaattivarmistin<\/p>\n<p>&#8211; molemmissa piipuissa kiinte\u00e4 t\u00e4yssupistus<\/p>\n<p>&#8211; piippujen pituus 700 mm<\/p>\n<p>&nbsp;<\/p>\n<p>T\u00c4M\u00c4 TUOTE ON LUVANVARAINEN. KATSO OHJE LUVANVARAISEN TUOTTEEN TILAAMISEEN SIVUN VASEMMASTA ALAREUNASTA KOHDASTA &#8221;VERKKOKAUPAN K\u00c4YTT\u00d6EHDOT&#8221;.<\/p>\n","protected":false},"excerpt":{"rendered":"<p>K\u00e4ytetty ruotsalainen haulikko. Valmistettu 1960-luvun alussa. Aseessa on normaalia mets\u00e4stysk\u00e4yt\u00f6ss\u00e4 tullutta kulumaa, kunto tyydytt\u00e4v\u00e4. Piiput sis\u00e4lt\u00e4 Ok. Ehj\u00e4 ja teknisesti toimiva ase. Sulussa ilman etutukkia pieni klappi, etutukki paikallaa j\u00e4m\u00e4kk\u00e4. &#8211; kaliiperi 12\/70 &#8211; toimintatapa TT1 kertatuli &#8211; kaksi liipaisinta &#8211; automaattivarmistin &#8211; molemmissa piipuissa kiinte\u00e4 t\u00e4yssupistus &#8211; piippujen pituus 700 mm &nbsp; T\u00c4M\u00c4 TUOTE [&hellip;]<\/p>\n","protected":false},"featured_media":268,"template":"","meta":[],"product_brand":[],"product_cat":[42],"product_tag":[45,44,82],"class_list":{"0":"post-267","1":"product","2":"type-product","3":"status-publish","4":"has-post-thumbnail","6":"product_cat-haulikot","7":"product_tag-12-70","8":"product_tag-haulikko","9":"product_tag-husqvarna","10":"product_shipping_class-gun","12":"first","13":"instock","14":"taxable","15":"shipping-taxable","16":"purchasable","17":"product-type-simple"},"_links":{"self":[{"href":"https:\/\/gunmil.fi\/index.php?rest_route=\/wp\/v2\/product\/267","targetHints":{"allow":["GET"]}}],"collection":[{"href":"https:\/\/gunmil.fi\/index.php?rest_route=\/wp\/v2\/product"}],"about":[{"href":"https:\/\/gunmil.fi\/index.php?rest_route=\/wp\/v2\/types\/product"}],"wp:featuredmedia":[{"embeddable":true,"href":"https:\/\/gunmil.fi\/index.php?rest_route=\/wp\/v2\/media\/268"}],"wp:attachment":[{"href":"https:\/\/gunmil.fi\/index.php?rest_route=%2Fwp%2Fv2%2Fmedia&parent=267"}],"wp:term":[{"taxonomy":"product_brand","embeddable":true,"href":"https:\/\/gunmil.fi\/index.php?rest_route=%2Fwp%2Fv2%2Fproduct_brand&post=267"},{"taxonomy":"product_cat","embeddable":true,"href":"https:\/\/gunmil.fi\/index.php?rest_route=%2Fwp%2Fv2%2Fproduct_cat&post=267"},{"taxonomy":"product_tag","embeddable":true,"href":"https:\/\/gunmil.fi\/index.php?rest_route=%2Fwp%2Fv2%2Fproduct_tag&post=267"}],"curies":[{"name":"wp","href":"https:\/\/api.w.org\/{rel}","templated":true}]}}