{"id":233,"date":"2024-07-23T22:36:04","date_gmt":"2024-07-23T19:36:04","guid":{"rendered":"https:\/\/gunmil.fi\/?post_type=product&#038;p=233"},"modified":"2024-07-26T21:53:00","modified_gmt":"2024-07-26T18:53:00","slug":"baikal-margo-22-lr","status":"publish","type":"product","link":"https:\/\/gunmil.fi\/?product=baikal-margo-22-lr","title":{"rendered":"Baikal Margo, .22 LR"},"content":{"rendered":"<p>Kevyt ven\u00e4l\u00e4inen pienoispistooli. K\u00e4ytetty, mutta uudenveroinen. Yksi lipas.<\/p>\n<p>&#8211; kaliiperi .22 LR<\/p>\n<p>&#8211; toimintatapa TT3 itselataava kertatuli<\/p>\n<p>&#8211; yksitoiminen<\/p>\n<p>&#8211; 10 patruunan lipas<\/p>\n<p>&#8211; piipun pituus 98 mm<\/p>\n<p>&#8211; kiinte\u00e4 etut\u00e4ht\u00e4in, takat\u00e4ht\u00e4int\u00e4 voidaan siirt\u00e4\u00e4 sivusuunnassa lohenpyrst\u00f6urassaan<\/p>\n<p>T\u00c4M\u00c4 TUOTE ON LUVANVARAINEN. KATSO OHJE LUVANVARAISEN TUOTTEEN TILAAMISEEN SIVUN VASEMMASTA ALAREUNASTA KOHDASTA &#8221;VERKKOKAUPAN K\u00c4YTT\u00d6EHDOT&#8221;.<\/p>\n","protected":false},"excerpt":{"rendered":"<p>Kevyt ven\u00e4l\u00e4inen pienoispistooli. K\u00e4ytetty, mutta uudenveroinen. Yksi lipas. &#8211; kaliiperi .22 LR &#8211; toimintatapa TT3 itselataava kertatuli &#8211; yksitoiminen &#8211; 10 patruunan lipas &#8211; piipun pituus 98 mm &#8211; kiinte\u00e4 etut\u00e4ht\u00e4in, takat\u00e4ht\u00e4int\u00e4 voidaan siirt\u00e4\u00e4 sivusuunnassa lohenpyrst\u00f6urassaan T\u00c4M\u00c4 TUOTE ON LUVANVARAINEN. KATSO OHJE LUVANVARAISEN TUOTTEEN TILAAMISEEN SIVUN VASEMMASTA ALAREUNASTA KOHDASTA &#8221;VERKKOKAUPAN K\u00c4YTT\u00d6EHDOT&#8221;.<\/p>\n","protected":false},"featured_media":234,"template":"","meta":[],"product_brand":[],"product_cat":[35],"product_tag":[38,78,72],"class_list":{"0":"post-233","1":"product","2":"type-product","3":"status-publish","4":"has-post-thumbnail","6":"product_cat-pienoispistoolit-ja-revolverit","7":"product_tag-22-lr","8":"product_tag-baikal-margo","9":"product_tag-pienoispistooli","10":"product_shipping_class-gun","12":"first","13":"instock","14":"taxable","15":"shipping-taxable","16":"purchasable","17":"product-type-simple"},"_links":{"self":[{"href":"https:\/\/gunmil.fi\/index.php?rest_route=\/wp\/v2\/product\/233","targetHints":{"allow":["GET"]}}],"collection":[{"href":"https:\/\/gunmil.fi\/index.php?rest_route=\/wp\/v2\/product"}],"about":[{"href":"https:\/\/gunmil.fi\/index.php?rest_route=\/wp\/v2\/types\/product"}],"wp:featuredmedia":[{"embeddable":true,"href":"https:\/\/gunmil.fi\/index.php?rest_route=\/wp\/v2\/media\/234"}],"wp:attachment":[{"href":"https:\/\/gunmil.fi\/index.php?rest_route=%2Fwp%2Fv2%2Fmedia&parent=233"}],"wp:term":[{"taxonomy":"product_brand","embeddable":true,"href":"https:\/\/gunmil.fi\/index.php?rest_route=%2Fwp%2Fv2%2Fproduct_brand&post=233"},{"taxonomy":"product_cat","embeddable":true,"href":"https:\/\/gunmil.fi\/index.php?rest_route=%2Fwp%2Fv2%2Fproduct_cat&post=233"},{"taxonomy":"product_tag","embeddable":true,"href":"https:\/\/gunmil.fi\/index.php?rest_route=%2Fwp%2Fv2%2Fproduct_tag&post=233"}],"curies":[{"name":"wp","href":"https:\/\/api.w.org\/{rel}","templated":true}]}}