{"id":230,"date":"2024-07-23T21:59:15","date_gmt":"2024-07-23T18:59:15","guid":{"rendered":"https:\/\/gunmil.fi\/?post_type=product&#038;p=230"},"modified":"2024-07-26T22:22:25","modified_gmt":"2024-07-26T19:22:25","slug":"star-fr-sport-22-lr","status":"publish","type":"product","link":"https:\/\/gunmil.fi\/?product=star-fr-sport-22-lr","title":{"rendered":"Star FR Sport, .22 LR"},"content":{"rendered":"<p>Laadukas espanjalainen pienoispistooli. K\u00e4ytetty. Sopii hyvin harjoitusaseeksi aloittelevalle ampujalle. Kunto kohtalainen, piipun sinistyksess\u00e4 vaurio rungon etup\u00e4\u00e4n kohdalla. Yksi lipas.<\/p>\n<p>&#8211; kaliiperi .22 LR<\/p>\n<p>&#8211; toimintatapa TT3 itselataava kertatuli<\/p>\n<p>&#8211; yksitoiminen<\/p>\n<p>&#8211; 10 patruunan lipas<\/p>\n<p>&#8211; piipun pituus 150 mm tuumaa<\/p>\n<p>&#8211; sivusuunnassa s\u00e4\u00e4dett\u00e4v\u00e4 takat\u00e4ht\u00e4in<\/p>\n<p>T\u00c4M\u00c4 TUOTE ON LUVANVARAINEN. KATSO OHJE LUVANVARAISEN TUOTTEEN TILAAMISEEN SIVUN VASEMMASTA ALAREUNASTA KOHDASTA &#8221;VERKKOKAUPAN K\u00c4YTT\u00d6EHDOT&#8221;.<\/p>\n","protected":false},"excerpt":{"rendered":"<p>Laadukas espanjalainen pienoispistooli. K\u00e4ytetty. Sopii hyvin harjoitusaseeksi aloittelevalle ampujalle. Kunto kohtalainen, piipun sinistyksess\u00e4 vaurio rungon etup\u00e4\u00e4n kohdalla. Yksi lipas. &#8211; kaliiperi .22 LR &#8211; toimintatapa TT3 itselataava kertatuli &#8211; yksitoiminen &#8211; 10 patruunan lipas &#8211; piipun pituus 150 mm tuumaa &#8211; sivusuunnassa s\u00e4\u00e4dett\u00e4v\u00e4 takat\u00e4ht\u00e4in T\u00c4M\u00c4 TUOTE ON LUVANVARAINEN. KATSO OHJE LUVANVARAISEN TUOTTEEN TILAAMISEEN SIVUN VASEMMASTA [&hellip;]<\/p>\n","protected":false},"featured_media":231,"template":"","meta":[],"product_brand":[],"product_cat":[35],"product_tag":[38,72,77],"class_list":{"0":"post-230","1":"product","2":"type-product","3":"status-publish","4":"has-post-thumbnail","6":"product_cat-pienoispistoolit-ja-revolverit","7":"product_tag-22-lr","8":"product_tag-pienoispistooli","9":"product_tag-star","10":"product_shipping_class-gun","12":"first","13":"instock","14":"taxable","15":"shipping-taxable","16":"purchasable","17":"product-type-simple"},"_links":{"self":[{"href":"https:\/\/gunmil.fi\/index.php?rest_route=\/wp\/v2\/product\/230","targetHints":{"allow":["GET"]}}],"collection":[{"href":"https:\/\/gunmil.fi\/index.php?rest_route=\/wp\/v2\/product"}],"about":[{"href":"https:\/\/gunmil.fi\/index.php?rest_route=\/wp\/v2\/types\/product"}],"wp:featuredmedia":[{"embeddable":true,"href":"https:\/\/gunmil.fi\/index.php?rest_route=\/wp\/v2\/media\/231"}],"wp:attachment":[{"href":"https:\/\/gunmil.fi\/index.php?rest_route=%2Fwp%2Fv2%2Fmedia&parent=230"}],"wp:term":[{"taxonomy":"product_brand","embeddable":true,"href":"https:\/\/gunmil.fi\/index.php?rest_route=%2Fwp%2Fv2%2Fproduct_brand&post=230"},{"taxonomy":"product_cat","embeddable":true,"href":"https:\/\/gunmil.fi\/index.php?rest_route=%2Fwp%2Fv2%2Fproduct_cat&post=230"},{"taxonomy":"product_tag","embeddable":true,"href":"https:\/\/gunmil.fi\/index.php?rest_route=%2Fwp%2Fv2%2Fproduct_tag&post=230"}],"curies":[{"name":"wp","href":"https:\/\/api.w.org\/{rel}","templated":true}]}}