{"id":215,"date":"2024-07-23T16:58:54","date_gmt":"2024-07-23T13:58:54","guid":{"rendered":"https:\/\/gunmil.fi\/?post_type=product&#038;p=215"},"modified":"2024-07-26T22:23:48","modified_gmt":"2024-07-26T19:23:48","slug":"colt-m-1877-lightning-38-lc","status":"publish","type":"product","link":"https:\/\/gunmil.fi\/?product=colt-m-1877-lightning-38-lc","title":{"rendered":"Colt M\/1877 &#8221;Lightning&#8221;, .38 LC"},"content":{"rendered":"<p>Coltin ensimm\u00e4inen kaksitoiminen revolverimalli. Valmistettu vuonna 1900. Patinoitunut, teknisesti toimiva, ampumakuntoinen ase. Kaikki numeroidut osat ovat samalla numerolla.\u00a0 Yleens\u00e4h\u00e4n n\u00e4m\u00e4 ovat enempi tai v\u00e4hempi viallisia ja paljonkin t\u00e4t\u00e4 huonommassa kunnossa. Kaliiperi .38 Long Colt, vain mustaruutilatauksille. Aseessa on alkuper\u00e4ist\u00e4 v\u00e4ri\u00e4 viel\u00e4 j\u00e4ljell\u00e4, mutta siell\u00e4 t\u00e4\u00e4ll\u00e4 on hapettuma- ja pintakorroosiolaikkuja. Jyv\u00e4ss\u00e4 on syopym\u00e4\u00e4 ja ejektorin suojaputkessa on iskuj\u00e4lki\u00e4 (n\u00e4kyy kuvissa). Rungon sivulla, rullan alla olevan ruuvin p\u00e4\u00e4 ulkonee rungon pinnan tasosta n. 1 millimetrin, ei liene alkuper\u00e4inen. Piippu on sis\u00e4lt\u00e4 kohtuullinen; rihlaa reilusti j\u00e4ljell\u00e4, mutta rihlan pohjissa karkeutta ja jonkin verran sy\u00f6pym\u00e4\u00e4.<\/p>\n<p>&#8211; kaliiperi .38 LC<\/p>\n<p>&#8211; toimintatapa TT2 lippaallinen kertatuli<\/p>\n<p>&#8211; kaksitoiminen<\/p>\n<p>&#8211; 6 patruunan rulla<\/p>\n<p>&#8211; piipun pituus 4,5 tuumaa<\/p>\n<p>&#8211; kiinte\u00e4t t\u00e4ht\u00e4imet<\/p>\n<p>T\u00c4M\u00c4 TUOTE ON LUVANVARAINEN. KATSO OHJE LUVANVARAISEN TUOTTEEN TILAAMISEEN SIVUN VASEMMASTA ALAREUNASTA KOHDASTA &#8221;VERKKOKAUPAN K\u00c4YTT\u00d6EHDOT&#8221;.<\/p>\n","protected":false},"excerpt":{"rendered":"<p>Coltin ensimm\u00e4inen kaksitoiminen revolverimalli. Valmistettu vuonna 1900. Patinoitunut, teknisesti toimiva, ampumakuntoinen ase. Kaikki numeroidut osat ovat samalla numerolla.\u00a0 Yleens\u00e4h\u00e4n n\u00e4m\u00e4 ovat enempi tai v\u00e4hempi viallisia ja paljonkin t\u00e4t\u00e4 huonommassa kunnossa. Kaliiperi .38 Long Colt, vain mustaruutilatauksille. Aseessa on alkuper\u00e4ist\u00e4 v\u00e4ri\u00e4 viel\u00e4 j\u00e4ljell\u00e4, mutta siell\u00e4 t\u00e4\u00e4ll\u00e4 on hapettuma- ja pintakorroosiolaikkuja. Jyv\u00e4ss\u00e4 on syopym\u00e4\u00e4 ja ejektorin suojaputkessa [&hellip;]<\/p>\n","protected":false},"featured_media":216,"template":"","meta":[],"product_brand":[],"product_cat":[50,29],"product_tag":[75,73,36,74,30],"class_list":{"0":"post-215","1":"product","2":"type-product","3":"status-publish","4":"has-post-thumbnail","6":"product_cat-kerailyaseet","7":"product_cat-revolverit","8":"product_tag-75","9":"product_tag-73","10":"product_tag-colt","11":"product_tag-lightning","12":"product_tag-revolveri","13":"product_shipping_class-gun","15":"first","16":"instock","17":"taxable","18":"shipping-taxable","19":"purchasable","20":"product-type-simple"},"_links":{"self":[{"href":"https:\/\/gunmil.fi\/index.php?rest_route=\/wp\/v2\/product\/215","targetHints":{"allow":["GET"]}}],"collection":[{"href":"https:\/\/gunmil.fi\/index.php?rest_route=\/wp\/v2\/product"}],"about":[{"href":"https:\/\/gunmil.fi\/index.php?rest_route=\/wp\/v2\/types\/product"}],"wp:featuredmedia":[{"embeddable":true,"href":"https:\/\/gunmil.fi\/index.php?rest_route=\/wp\/v2\/media\/216"}],"wp:attachment":[{"href":"https:\/\/gunmil.fi\/index.php?rest_route=%2Fwp%2Fv2%2Fmedia&parent=215"}],"wp:term":[{"taxonomy":"product_brand","embeddable":true,"href":"https:\/\/gunmil.fi\/index.php?rest_route=%2Fwp%2Fv2%2Fproduct_brand&post=215"},{"taxonomy":"product_cat","embeddable":true,"href":"https:\/\/gunmil.fi\/index.php?rest_route=%2Fwp%2Fv2%2Fproduct_cat&post=215"},{"taxonomy":"product_tag","embeddable":true,"href":"https:\/\/gunmil.fi\/index.php?rest_route=%2Fwp%2Fv2%2Fproduct_tag&post=215"}],"curies":[{"name":"wp","href":"https:\/\/api.w.org\/{rel}","templated":true}]}}