{"id":207,"date":"2024-07-22T15:17:28","date_gmt":"2024-07-22T12:17:28","guid":{"rendered":"https:\/\/gunmil.fi\/?post_type=product&#038;p=207"},"modified":"2025-03-17T11:22:35","modified_gmt":"2025-03-17T09:22:35","slug":"ruger-new-model-single-six-22-wmr","status":"publish","type":"product","link":"https:\/\/gunmil.fi\/?product=ruger-new-model-single-six-22-wmr","title":{"rendered":"Ruger New Model Single-Six, .22 WMR"},"content":{"rendered":"<p>Amerikkalainen Rugerin valmistama magnum pienoisrevolveri. CIP-tarkastettu suomessa 1999. K\u00e4ytetty. Kunto tyydytt\u00e4v\u00e4: pintak\u00e4sittelyss\u00e4 kulumaa n\u00e4ht\u00e4v\u00e4sti kotelossa pidon vuoksi. Teknisesti toimiva ase.<\/p>\n<p>&#8211; kaliiperi .22 WMR<\/p>\n<p>&#8211; toimintatapa TT2 lippaallinen kertatuli<\/p>\n<p>&#8211; yksitoiminen<\/p>\n<p>&#8211; 6 patruunan rulla<\/p>\n<p>&#8211; piipun pituus 5,5 tuumaa<\/p>\n<p>&#8211; korkeus- ja sivusuunnassa s\u00e4\u00e4dett\u00e4v\u00e4 takat\u00e4ht\u00e4in<\/p>\n<p>T\u00c4M\u00c4 TUOTE ON LUVANVARAINEN. KATSO OHJE LUVANVARAISEN TUOTTEEN TILAAMISEEN SIVUN VASEMMASTA ALAREUNASTA KOHDASTA &#8221;VERKKOKAUPAN K\u00c4YTT\u00d6EHDOT&#8221;.<\/p>\n","protected":false},"excerpt":{"rendered":"<p>Amerikkalainen Rugerin valmistama magnum pienoisrevolveri. CIP-tarkastettu suomessa 1999. K\u00e4ytetty. Kunto tyydytt\u00e4v\u00e4: pintak\u00e4sittelyss\u00e4 kulumaa n\u00e4ht\u00e4v\u00e4sti kotelossa pidon vuoksi. Teknisesti toimiva ase. &#8211; kaliiperi .22 WMR &#8211; toimintatapa TT2 lippaallinen kertatuli &#8211; yksitoiminen &#8211; 6 patruunan rulla &#8211; piipun pituus 5,5 tuumaa &#8211; korkeus- ja sivusuunnassa s\u00e4\u00e4dett\u00e4v\u00e4 takat\u00e4ht\u00e4in T\u00c4M\u00c4 TUOTE ON LUVANVARAINEN. KATSO OHJE LUVANVARAISEN TUOTTEEN TILAAMISEEN [&hellip;]<\/p>\n","protected":false},"featured_media":208,"template":"","meta":[],"product_brand":[],"product_cat":[35],"product_tag":[70,37,69],"class_list":{"0":"post-207","1":"product","2":"type-product","3":"status-publish","4":"has-post-thumbnail","6":"product_cat-pienoispistoolit-ja-revolverit","7":"product_tag-22-wmr","8":"product_tag-pienoisrevolveri","9":"product_tag-ruger","10":"product_shipping_class-gun","12":"first","13":"outofstock","14":"taxable","15":"shipping-taxable","16":"purchasable","17":"product-type-simple"},"_links":{"self":[{"href":"https:\/\/gunmil.fi\/index.php?rest_route=\/wp\/v2\/product\/207","targetHints":{"allow":["GET"]}}],"collection":[{"href":"https:\/\/gunmil.fi\/index.php?rest_route=\/wp\/v2\/product"}],"about":[{"href":"https:\/\/gunmil.fi\/index.php?rest_route=\/wp\/v2\/types\/product"}],"wp:featuredmedia":[{"embeddable":true,"href":"https:\/\/gunmil.fi\/index.php?rest_route=\/wp\/v2\/media\/208"}],"wp:attachment":[{"href":"https:\/\/gunmil.fi\/index.php?rest_route=%2Fwp%2Fv2%2Fmedia&parent=207"}],"wp:term":[{"taxonomy":"product_brand","embeddable":true,"href":"https:\/\/gunmil.fi\/index.php?rest_route=%2Fwp%2Fv2%2Fproduct_brand&post=207"},{"taxonomy":"product_cat","embeddable":true,"href":"https:\/\/gunmil.fi\/index.php?rest_route=%2Fwp%2Fv2%2Fproduct_cat&post=207"},{"taxonomy":"product_tag","embeddable":true,"href":"https:\/\/gunmil.fi\/index.php?rest_route=%2Fwp%2Fv2%2Fproduct_tag&post=207"}],"curies":[{"name":"wp","href":"https:\/\/api.w.org\/{rel}","templated":true}]}}