{"id":204,"date":"2024-07-22T14:51:18","date_gmt":"2024-07-22T11:51:18","guid":{"rendered":"https:\/\/gunmil.fi\/?post_type=product&#038;p=204"},"modified":"2025-10-10T07:42:55","modified_gmt":"2025-10-10T04:42:55","slug":"makarov-9-mm-makarov","status":"publish","type":"product","link":"https:\/\/gunmil.fi\/?product=makarov-9-mm-makarov","title":{"rendered":"Makarov, 9 mm Makarov VARATTU"},"content":{"rendered":"<p>It\u00e4naapurin palveluspistooli. K\u00e4ytetty, mutta kunto erinomainen. Yhdell\u00e4 lippaalla.<\/p>\n<p>&#8211; kaliiperi 9 mm Makarov<\/p>\n<p>&#8211; toimintatapa TT3 itselataava kertatuli<\/p>\n<p>&#8211; kaksitoiminen<\/p>\n<p>&#8211; 8 patruunan lipas<\/p>\n<p>&#8211; piipun pituus 93 mm<\/p>\n<p>&#8211; kiinte\u00e4 etut\u00e4ht\u00e4in, takat\u00e4ht\u00e4int\u00e4 voi siirt\u00e4\u00e4 sivusuunnassa lohenpyrst\u00f6urassaan<\/p>\n<p>&#8211; valmistettu 1987<\/p>\n<p>T\u00c4M\u00c4 TUOTE ON LUVANVARAINEN. VAATII TASKUPISTOOLIN HANKKIMISLUVAN. KATSO OHJE LUVANVARAISEN TUOTTEEN TILAAMISEEN SIVUN VASEMMASTA ALAREUNASTA KOHDASTA &#8221;VERKKOKAUPAN K\u00c4YTT\u00d6EHDOT&#8221;.<\/p>\n","protected":false},"excerpt":{"rendered":"<p>It\u00e4naapurin palveluspistooli. K\u00e4ytetty, mutta kunto erinomainen. Yhdell\u00e4 lippaalla. &#8211; kaliiperi 9 mm Makarov &#8211; toimintatapa TT3 itselataava kertatuli &#8211; kaksitoiminen &#8211; 8 patruunan lipas &#8211; piipun pituus 93 mm &#8211; kiinte\u00e4 etut\u00e4ht\u00e4in, takat\u00e4ht\u00e4int\u00e4 voi siirt\u00e4\u00e4 sivusuunnassa lohenpyrst\u00f6urassaan &#8211; valmistettu 1987 T\u00c4M\u00c4 TUOTE ON LUVANVARAINEN. VAATII TASKUPISTOOLIN HANKKIMISLUVAN. KATSO OHJE LUVANVARAISEN TUOTTEEN TILAAMISEEN SIVUN VASEMMASTA ALAREUNASTA [&hellip;]<\/p>\n","protected":false},"featured_media":205,"template":"","meta":[],"product_brand":[],"product_cat":[50,34],"product_tag":[68,67,65],"class_list":{"0":"post-204","1":"product","2":"type-product","3":"status-publish","4":"has-post-thumbnail","6":"product_cat-kerailyaseet","7":"product_cat-pistoolit","8":"product_tag-9-mm","9":"product_tag-makarov","10":"product_tag-pistooli","11":"product_shipping_class-gun","13":"first","14":"outofstock","15":"taxable","16":"shipping-taxable","17":"purchasable","18":"product-type-simple"},"_links":{"self":[{"href":"https:\/\/gunmil.fi\/index.php?rest_route=\/wp\/v2\/product\/204","targetHints":{"allow":["GET"]}}],"collection":[{"href":"https:\/\/gunmil.fi\/index.php?rest_route=\/wp\/v2\/product"}],"about":[{"href":"https:\/\/gunmil.fi\/index.php?rest_route=\/wp\/v2\/types\/product"}],"wp:featuredmedia":[{"embeddable":true,"href":"https:\/\/gunmil.fi\/index.php?rest_route=\/wp\/v2\/media\/205"}],"wp:attachment":[{"href":"https:\/\/gunmil.fi\/index.php?rest_route=%2Fwp%2Fv2%2Fmedia&parent=204"}],"wp:term":[{"taxonomy":"product_brand","embeddable":true,"href":"https:\/\/gunmil.fi\/index.php?rest_route=%2Fwp%2Fv2%2Fproduct_brand&post=204"},{"taxonomy":"product_cat","embeddable":true,"href":"https:\/\/gunmil.fi\/index.php?rest_route=%2Fwp%2Fv2%2Fproduct_cat&post=204"},{"taxonomy":"product_tag","embeddable":true,"href":"https:\/\/gunmil.fi\/index.php?rest_route=%2Fwp%2Fv2%2Fproduct_tag&post=204"}],"curies":[{"name":"wp","href":"https:\/\/api.w.org\/{rel}","templated":true}]}}