{"id":201,"date":"2024-07-22T13:34:30","date_gmt":"2024-07-22T10:34:30","guid":{"rendered":"https:\/\/gunmil.fi\/?post_type=product&#038;p=201"},"modified":"2024-07-26T22:25:44","modified_gmt":"2024-07-26T19:25:44","slug":"cz-m-52-762-tokarev","status":"publish","type":"product","link":"https:\/\/gunmil.fi\/?product=cz-m-52-762-tokarev","title":{"rendered":"CZ M\/52, 7,62 Tokarev"},"content":{"rendered":"<p>Tsekkil\u00e4inen palveluspistooli kaliiperissa 7,62 tokarev. K\u00e4ytetty ase, joka on k\u00e4yt\u00e4nn\u00f6ss\u00e4 uuden veroinen. T\u00e4m\u00e4 ase on tehty kest\u00e4m\u00e4\u00e4n ja siin\u00e4 on sulkuj\u00e4rjestelm\u00e4n\u00e4 ei aivan tavallinen rullasulku. Valmistettu vuonna 1954. Mukaan tulee yksi lipas.<\/p>\n<p>&#8211; kaliiperi 7,62 Tokarev<\/p>\n<p>&#8211; toimintatapa TT3 itselataava kertatuli<\/p>\n<p>&#8211; yksitoiminen<\/p>\n<p>&#8211; 8 patruunan lipas<\/p>\n<p>&#8211; piipun pituus 120 mm<\/p>\n<p>&#8211; kiinte\u00e4t t\u00e4ht\u00e4imet, takat\u00e4ht\u00e4int\u00e4 voi siirt\u00e4\u00e4 sivusuunnassa lohenpyrst\u00f6urassaan.<\/p>\n<p>T\u00c4M\u00c4 TUOTE ON LUVANVARAINEN. KATSO OHJE LUVANVARAISEN TUOTTEEN TILAAMISEEN SIVUN VASEMMASTA ALAREUNASTA KOHDASTA &#8221;VERKKOKAUPAN K\u00c4YTT\u00d6EHDOT&#8221;.<\/p>\n","protected":false},"excerpt":{"rendered":"<p>Tsekkil\u00e4inen palveluspistooli kaliiperissa 7,62 tokarev. K\u00e4ytetty ase, joka on k\u00e4yt\u00e4nn\u00f6ss\u00e4 uuden veroinen. T\u00e4m\u00e4 ase on tehty kest\u00e4m\u00e4\u00e4n ja siin\u00e4 on sulkuj\u00e4rjestelm\u00e4n\u00e4 ei aivan tavallinen rullasulku. Valmistettu vuonna 1954. Mukaan tulee yksi lipas. &#8211; kaliiperi 7,62 Tokarev &#8211; toimintatapa TT3 itselataava kertatuli &#8211; yksitoiminen &#8211; 8 patruunan lipas &#8211; piipun pituus 120 mm &#8211; kiinte\u00e4t t\u00e4ht\u00e4imet, [&hellip;]<\/p>\n","protected":false},"featured_media":202,"template":"","meta":[],"product_brand":[],"product_cat":[50,34],"product_tag":[66,61,65],"class_list":{"0":"post-201","1":"product","2":"type-product","3":"status-publish","4":"has-post-thumbnail","6":"product_cat-kerailyaseet","7":"product_cat-pistoolit","8":"product_tag-7-62-tokarev","9":"product_tag-cz","10":"product_tag-pistooli","11":"product_shipping_class-gun","13":"first","14":"instock","15":"taxable","16":"shipping-taxable","17":"purchasable","18":"product-type-simple"},"_links":{"self":[{"href":"https:\/\/gunmil.fi\/index.php?rest_route=\/wp\/v2\/product\/201","targetHints":{"allow":["GET"]}}],"collection":[{"href":"https:\/\/gunmil.fi\/index.php?rest_route=\/wp\/v2\/product"}],"about":[{"href":"https:\/\/gunmil.fi\/index.php?rest_route=\/wp\/v2\/types\/product"}],"wp:featuredmedia":[{"embeddable":true,"href":"https:\/\/gunmil.fi\/index.php?rest_route=\/wp\/v2\/media\/202"}],"wp:attachment":[{"href":"https:\/\/gunmil.fi\/index.php?rest_route=%2Fwp%2Fv2%2Fmedia&parent=201"}],"wp:term":[{"taxonomy":"product_brand","embeddable":true,"href":"https:\/\/gunmil.fi\/index.php?rest_route=%2Fwp%2Fv2%2Fproduct_brand&post=201"},{"taxonomy":"product_cat","embeddable":true,"href":"https:\/\/gunmil.fi\/index.php?rest_route=%2Fwp%2Fv2%2Fproduct_cat&post=201"},{"taxonomy":"product_tag","embeddable":true,"href":"https:\/\/gunmil.fi\/index.php?rest_route=%2Fwp%2Fv2%2Fproduct_tag&post=201"}],"curies":[{"name":"wp","href":"https:\/\/api.w.org\/{rel}","templated":true}]}}