{"id":195,"date":"2024-07-22T12:58:38","date_gmt":"2024-07-22T09:58:38","guid":{"rendered":"https:\/\/gunmil.fi\/?post_type=product&#038;p=195"},"modified":"2026-02-08T13:55:59","modified_gmt":"2026-02-08T11:55:59","slug":"ruotsin-mauser-65x55","status":"publish","type":"product","link":"https:\/\/gunmil.fi\/?product=ruotsin-mauser-65x55","title":{"rendered":"Ruotsin Mauser, 6,5&#215;55"},"content":{"rendered":"<p>Carl Gustafin tehtaalla vuonna 1921 valmistettu jalkav\u00e4enkiv\u00e4\u00e4ri M\/96. K\u00e4ytetty, hyv\u00e4kuntoinen yksil\u00f6, jossa on vain v\u00e4h\u00e4isi\u00e4 k\u00e4sittelyn j\u00e4lki\u00e4. Piippu sis\u00e4lt\u00e4 hyv\u00e4. Lukko on eri numerolla kuin muu ase. Puhdistuspuikko puuttuu, eik\u00e4 tukin lavassa oleva metallil\u00e4tk\u00e4 ole alkuper\u00e4inen.<\/p>\n<p>&#8211; kaliiperi 6,5&#215;55<\/p>\n<p>&#8211; toimintatapa TT 2 lippaallinen kertatuli<\/p>\n<p>&#8211; 5 patruunan sy\u00f6tt\u00f6kotelo<\/p>\n<p>&#8211; piipun pituus 740 mm<\/p>\n<p>T\u00c4M\u00c4 TUOTE ON LUVANVARAINEN. KATSO OHJE LUVANVARAISEN TUOTTEEN TILAAMISEEN SIVUN VASEMMASTA ALAREUNASTA KOHDASTA &#8221;VERKKOKAUPAN K\u00c4YTT\u00d6EHDOT&#8221;.<\/p>\n","protected":false},"excerpt":{"rendered":"<p>Carl Gustafin tehtaalla vuonna 1921 valmistettu jalkav\u00e4enkiv\u00e4\u00e4ri M\/96. K\u00e4ytetty, hyv\u00e4kuntoinen yksil\u00f6, jossa on vain v\u00e4h\u00e4isi\u00e4 k\u00e4sittelyn j\u00e4lki\u00e4. Piippu sis\u00e4lt\u00e4 hyv\u00e4. Lukko on eri numerolla kuin muu ase. Puhdistuspuikko puuttuu, eik\u00e4 tukin lavassa oleva metallil\u00e4tk\u00e4 ole alkuper\u00e4inen. &#8211; kaliiperi 6,5&#215;55 &#8211; toimintatapa TT 2 lippaallinen kertatuli &#8211; 5 patruunan sy\u00f6tt\u00f6kotelo &#8211; piipun pituus 740 mm T\u00c4M\u00c4 [&hellip;]<\/p>\n","protected":false},"featured_media":196,"template":"","meta":[],"product_brand":[],"product_cat":[50,22],"product_tag":[26,23,24],"class_list":{"0":"post-195","1":"product","2":"type-product","3":"status-publish","4":"has-post-thumbnail","6":"product_cat-kerailyaseet","7":"product_cat-kivaarit","8":"product_tag-6-5x55","9":"product_tag-kivaari","10":"product_tag-ruotsin-mauser","11":"product_shipping_class-gun","13":"first","14":"instock","15":"taxable","16":"shipping-taxable","17":"purchasable","18":"product-type-simple"},"_links":{"self":[{"href":"https:\/\/gunmil.fi\/index.php?rest_route=\/wp\/v2\/product\/195","targetHints":{"allow":["GET"]}}],"collection":[{"href":"https:\/\/gunmil.fi\/index.php?rest_route=\/wp\/v2\/product"}],"about":[{"href":"https:\/\/gunmil.fi\/index.php?rest_route=\/wp\/v2\/types\/product"}],"wp:featuredmedia":[{"embeddable":true,"href":"https:\/\/gunmil.fi\/index.php?rest_route=\/wp\/v2\/media\/196"}],"wp:attachment":[{"href":"https:\/\/gunmil.fi\/index.php?rest_route=%2Fwp%2Fv2%2Fmedia&parent=195"}],"wp:term":[{"taxonomy":"product_brand","embeddable":true,"href":"https:\/\/gunmil.fi\/index.php?rest_route=%2Fwp%2Fv2%2Fproduct_brand&post=195"},{"taxonomy":"product_cat","embeddable":true,"href":"https:\/\/gunmil.fi\/index.php?rest_route=%2Fwp%2Fv2%2Fproduct_cat&post=195"},{"taxonomy":"product_tag","embeddable":true,"href":"https:\/\/gunmil.fi\/index.php?rest_route=%2Fwp%2Fv2%2Fproduct_tag&post=195"}],"curies":[{"name":"wp","href":"https:\/\/api.w.org\/{rel}","templated":true}]}}