{"id":172,"date":"2024-07-21T16:42:02","date_gmt":"2024-07-21T13:42:02","guid":{"rendered":"https:\/\/gunmil.fi\/?post_type=product&#038;p=172"},"modified":"2024-07-26T22:28:15","modified_gmt":"2024-07-26T19:28:15","slug":"winchester-mod-03-deluxe-22-automatic","status":"publish","type":"product","link":"https:\/\/gunmil.fi\/?product=winchester-mod-03-deluxe-22-automatic","title":{"rendered":"Winchester Mod 03 &#8221;deluxe&#8221; .22 Automatic"},"content":{"rendered":"<p>Hyvin harvinainen Winchesterin pienoiskiv\u00e4\u00e4ri kaliiperissa .22 Winchester Automatic. T\u00e4t\u00e4 asetta ei tehty muussa kaliiperissa, eik\u00e4 muita aseita t\u00e4lle kaliiperille. T\u00e4ll\u00e4 ei voi ampua tavallisia piekkarin paukkuja. T\u00e4m\u00e4 yksil\u00f6 poikkeaa tavallisista M03:sta parempilaatuisen tukkipuun, karhennosten ja pistooliper\u00e4n osalta. Normaalista poikkeavat ominaisuudet piti erikseen tilata valmistajalta, luonnollisesti lis\u00e4maksua vastaan. Aseen puissa on k\u00e4sittelyn aiheuttamia kolhuja ja naarmuja, mutta ne eiv\u00e4t ole pahoja. Sinistyksess\u00e4 on my\u00f6skin ohentumaa ja lukon kehyksess\u00e4 pintakorroosiopilkkuja. Pilkut eiv\u00e4t ole kuitenkaan kuoppia. Hihnalenkit on luultavasti lis\u00e4tty j\u00e4lkik\u00e4teen, muutoin ase on alkuper\u00e4iskuntoinen. Piippu on sis\u00e4lt\u00e4 viel\u00e4 sangen hyv\u00e4. Numeroidut osat ovat samalla numerolla. Ase on valmistettu vuonna 1920.<\/p>\n<p>&#8211; kaliiperi .22 Winchester Automatic<\/p>\n<p>&#8211; toimintatapa TT 3 itselataava kertatuli<\/p>\n<p>T\u00c4M\u00c4 TUOTE ON LUVANVARAINEN. KATSO OHJE LUVANVARAISEN TUOTTEEN TILAAMISEEN SIVUN VASEMMASTA ALAREUNASTA KOHDASTA &#8221;VERKKOKAUPAN K\u00c4YTT\u00d6EHDOT&#8221;.<\/p>\n<p>&nbsp;<\/p>\n<p>&nbsp;<\/p>\n","protected":false},"excerpt":{"rendered":"<p>Hyvin harvinainen Winchesterin pienoiskiv\u00e4\u00e4ri kaliiperissa .22 Winchester Automatic. T\u00e4t\u00e4 asetta ei tehty muussa kaliiperissa, eik\u00e4 muita aseita t\u00e4lle kaliiperille. T\u00e4ll\u00e4 ei voi ampua tavallisia piekkarin paukkuja. T\u00e4m\u00e4 yksil\u00f6 poikkeaa tavallisista M03:sta parempilaatuisen tukkipuun, karhennosten ja pistooliper\u00e4n osalta. Normaalista poikkeavat ominaisuudet piti erikseen tilata valmistajalta, luonnollisesti lis\u00e4maksua vastaan. Aseen puissa on k\u00e4sittelyn aiheuttamia kolhuja ja naarmuja, [&hellip;]<\/p>\n","protected":false},"featured_media":173,"template":"","meta":[],"product_brand":[],"product_cat":[50,48],"product_tag":[56,55],"class_list":{"0":"post-172","1":"product","2":"type-product","3":"status-publish","4":"has-post-thumbnail","6":"product_cat-kerailyaseet","7":"product_cat-pienoiskivaarit","8":"product_tag-pienoiskivaari","9":"product_tag-winchester","10":"product_shipping_class-gun","12":"first","13":"instock","14":"taxable","15":"shipping-taxable","16":"purchasable","17":"product-type-simple"},"_links":{"self":[{"href":"https:\/\/gunmil.fi\/index.php?rest_route=\/wp\/v2\/product\/172","targetHints":{"allow":["GET"]}}],"collection":[{"href":"https:\/\/gunmil.fi\/index.php?rest_route=\/wp\/v2\/product"}],"about":[{"href":"https:\/\/gunmil.fi\/index.php?rest_route=\/wp\/v2\/types\/product"}],"wp:featuredmedia":[{"embeddable":true,"href":"https:\/\/gunmil.fi\/index.php?rest_route=\/wp\/v2\/media\/173"}],"wp:attachment":[{"href":"https:\/\/gunmil.fi\/index.php?rest_route=%2Fwp%2Fv2%2Fmedia&parent=172"}],"wp:term":[{"taxonomy":"product_brand","embeddable":true,"href":"https:\/\/gunmil.fi\/index.php?rest_route=%2Fwp%2Fv2%2Fproduct_brand&post=172"},{"taxonomy":"product_cat","embeddable":true,"href":"https:\/\/gunmil.fi\/index.php?rest_route=%2Fwp%2Fv2%2Fproduct_cat&post=172"},{"taxonomy":"product_tag","embeddable":true,"href":"https:\/\/gunmil.fi\/index.php?rest_route=%2Fwp%2Fv2%2Fproduct_tag&post=172"}],"curies":[{"name":"wp","href":"https:\/\/api.w.org\/{rel}","templated":true}]}}