{"id":166,"date":"2024-07-21T15:47:08","date_gmt":"2024-07-21T12:47:08","guid":{"rendered":"https:\/\/gunmil.fi\/?post_type=product&#038;p=166"},"modified":"2024-12-18T14:13:44","modified_gmt":"2024-12-18T12:13:44","slug":"simson-100-e-12-70","status":"publish","type":"product","link":"https:\/\/gunmil.fi\/?product=simson-100-e-12-70","title":{"rendered":"Simson 100 E 12\/70"},"content":{"rendered":"<p>Saksalainen Simsonin tuotemerkill\u00e4 Suhlissa vuonna 1981 valmistettu haulikko. K\u00e4ytetty, mutta siistikuntoinen. Puissa vain v\u00e4h\u00e4isi\u00e4 k\u00e4yt\u00f6n j\u00e4lki\u00e4, sinistykset varsin hyv\u00e4t. Piiput sis\u00e4lt\u00e4 hyv\u00e4t. T\u00e4ht\u00e4yskiskossa n 10 cm piipun suulta iskettym\u00e4j\u00e4lki, jota ei ammuttaessa huomaa. Alapiipussa noin 5-6 cm p\u00e4\u00e4ss\u00e4 piipun suulta lommo, joka n\u00e4kyy piipun sis\u00e4puolellekin&#8230;ei aiheuttane k\u00e4yt\u00f6ss\u00e4 kuitenkaan ongelmia.<\/p>\n<p>&#8211; kaliiperi 12\/70<\/p>\n<p>&#8211; toimintatapa TT1 kertatuli<\/p>\n<p>&#8211; yksi liipaisin, ei piipun valitsijaa<\/p>\n<p>&#8211; automaattivarmistin<\/p>\n<p>&#8211; ejektorit<\/p>\n<p>&#8211; kiinte\u00e4t supistukset M\/F (puoli- \/ t\u00e4yssuppea)<\/p>\n<p>&#8211; piippujen pituus 710 mm<\/p>\n<p>&nbsp;<\/p>\n<p>T\u00c4M\u00c4 TUOTE ON LUVANVARAINEN. KATSO OHJE LUVANVARAISEN TUOTTEEN TILAAMISEEN SIVUN VASEMMASTA ALAREUNASTA KOHDASTA &#8221;VERKKOKAUPAN K\u00c4YTT\u00d6EHDOT&#8221;.<\/p>\n","protected":false},"excerpt":{"rendered":"<p>Saksalainen Simsonin tuotemerkill\u00e4 Suhlissa vuonna 1981 valmistettu haulikko. K\u00e4ytetty, mutta siistikuntoinen. Puissa vain v\u00e4h\u00e4isi\u00e4 k\u00e4yt\u00f6n j\u00e4lki\u00e4, sinistykset varsin hyv\u00e4t. Piiput sis\u00e4lt\u00e4 hyv\u00e4t. T\u00e4ht\u00e4yskiskossa n 10 cm piipun suulta iskettym\u00e4j\u00e4lki, jota ei ammuttaessa huomaa. Alapiipussa noin 5-6 cm p\u00e4\u00e4ss\u00e4 piipun suulta lommo, joka n\u00e4kyy piipun sis\u00e4puolellekin&#8230;ei aiheuttane k\u00e4yt\u00f6ss\u00e4 kuitenkaan ongelmia. &#8211; kaliiperi 12\/70 &#8211; toimintatapa TT1 [&hellip;]<\/p>\n","protected":false},"featured_media":167,"template":"","meta":[],"product_brand":[],"product_cat":[42],"product_tag":[45,44,54],"class_list":{"0":"post-166","1":"product","2":"type-product","3":"status-publish","4":"has-post-thumbnail","6":"product_cat-haulikot","7":"product_tag-12-70","8":"product_tag-haulikko","9":"product_tag-simson","10":"product_shipping_class-gun","12":"first","13":"instock","14":"taxable","15":"shipping-taxable","16":"purchasable","17":"product-type-simple"},"_links":{"self":[{"href":"https:\/\/gunmil.fi\/index.php?rest_route=\/wp\/v2\/product\/166","targetHints":{"allow":["GET"]}}],"collection":[{"href":"https:\/\/gunmil.fi\/index.php?rest_route=\/wp\/v2\/product"}],"about":[{"href":"https:\/\/gunmil.fi\/index.php?rest_route=\/wp\/v2\/types\/product"}],"wp:featuredmedia":[{"embeddable":true,"href":"https:\/\/gunmil.fi\/index.php?rest_route=\/wp\/v2\/media\/167"}],"wp:attachment":[{"href":"https:\/\/gunmil.fi\/index.php?rest_route=%2Fwp%2Fv2%2Fmedia&parent=166"}],"wp:term":[{"taxonomy":"product_brand","embeddable":true,"href":"https:\/\/gunmil.fi\/index.php?rest_route=%2Fwp%2Fv2%2Fproduct_brand&post=166"},{"taxonomy":"product_cat","embeddable":true,"href":"https:\/\/gunmil.fi\/index.php?rest_route=%2Fwp%2Fv2%2Fproduct_cat&post=166"},{"taxonomy":"product_tag","embeddable":true,"href":"https:\/\/gunmil.fi\/index.php?rest_route=%2Fwp%2Fv2%2Fproduct_tag&post=166"}],"curies":[{"name":"wp","href":"https:\/\/api.w.org\/{rel}","templated":true}]}}