{"id":147,"date":"2024-07-20T20:12:53","date_gmt":"2024-07-20T17:12:53","guid":{"rendered":"https:\/\/gunmil.fi\/?post_type=product&#038;p=147"},"modified":"2024-10-07T21:50:08","modified_gmt":"2024-10-07T18:50:08","slug":"remington-1100-12-70","status":"publish","type":"product","link":"https:\/\/gunmil.fi\/?product=remington-1100-12-70","title":{"rendered":"Remington 1100 12\/70"},"content":{"rendered":"<p>Amerikkalainen kaasum\u00e4nt\u00e4toiminen kerta-automaattihaulikko. K\u00e4ytetty, mutta varsin siisti yksil\u00f6. Puu- ja metalliosissa vain v\u00e4h\u00e4isi\u00e4 k\u00e4yt\u00f6n j\u00e4lki\u00e4. Piippu sis\u00e4lt\u00e4 hyv\u00e4. Piipun suulla Cuttsin kompensaattori.<\/p>\n<p>&#8211; kaliiperi 12\/70<\/p>\n<p>&#8211; toimintatapa TT3 itselataava kertatuli<\/p>\n<p>&#8211; varmistin liipaisinkaaren takaosassa<\/p>\n<p>&#8211; piipun pituus cuttsi mukaan lukien 65 cm<\/p>\n<p>&nbsp;<\/p>\n<p>T\u00c4M\u00c4 TUOTE ON LUVANVARAINEN. KATSO OHJE LUVANVARAISEN TUOTTEEN TILAAMISEEN SIVUN VASEMMASTA ALAREUNASTA KOHDASTA &#8221;VERKKOKAUPAN K\u00c4YTT\u00d6EHDOT&#8221;.<\/p>\n","protected":false},"excerpt":{"rendered":"<p>Amerikkalainen kaasum\u00e4nt\u00e4toiminen kerta-automaattihaulikko. K\u00e4ytetty, mutta varsin siisti yksil\u00f6. Puu- ja metalliosissa vain v\u00e4h\u00e4isi\u00e4 k\u00e4yt\u00f6n j\u00e4lki\u00e4. Piippu sis\u00e4lt\u00e4 hyv\u00e4. Piipun suulla Cuttsin kompensaattori. &#8211; kaliiperi 12\/70 &#8211; toimintatapa TT3 itselataava kertatuli &#8211; varmistin liipaisinkaaren takaosassa &#8211; piipun pituus cuttsi mukaan lukien 65 cm &nbsp; T\u00c4M\u00c4 TUOTE ON LUVANVARAINEN. KATSO OHJE LUVANVARAISEN TUOTTEEN TILAAMISEEN SIVUN VASEMMASTA ALAREUNASTA [&hellip;]<\/p>\n","protected":false},"featured_media":149,"template":"","meta":[],"product_brand":[],"product_cat":[42],"product_tag":[45,44,47,46],"class_list":{"0":"post-147","1":"product","2":"type-product","3":"status-publish","4":"has-post-thumbnail","6":"product_cat-haulikot","7":"product_tag-12-70","8":"product_tag-haulikko","9":"product_tag-puoliautomaatti","10":"product_tag-remington","11":"product_shipping_class-gun","13":"first","14":"instock","15":"taxable","16":"shipping-taxable","17":"purchasable","18":"product-type-simple"},"_links":{"self":[{"href":"https:\/\/gunmil.fi\/index.php?rest_route=\/wp\/v2\/product\/147","targetHints":{"allow":["GET"]}}],"collection":[{"href":"https:\/\/gunmil.fi\/index.php?rest_route=\/wp\/v2\/product"}],"about":[{"href":"https:\/\/gunmil.fi\/index.php?rest_route=\/wp\/v2\/types\/product"}],"wp:featuredmedia":[{"embeddable":true,"href":"https:\/\/gunmil.fi\/index.php?rest_route=\/wp\/v2\/media\/149"}],"wp:attachment":[{"href":"https:\/\/gunmil.fi\/index.php?rest_route=%2Fwp%2Fv2%2Fmedia&parent=147"}],"wp:term":[{"taxonomy":"product_brand","embeddable":true,"href":"https:\/\/gunmil.fi\/index.php?rest_route=%2Fwp%2Fv2%2Fproduct_brand&post=147"},{"taxonomy":"product_cat","embeddable":true,"href":"https:\/\/gunmil.fi\/index.php?rest_route=%2Fwp%2Fv2%2Fproduct_cat&post=147"},{"taxonomy":"product_tag","embeddable":true,"href":"https:\/\/gunmil.fi\/index.php?rest_route=%2Fwp%2Fv2%2Fproduct_tag&post=147"}],"curies":[{"name":"wp","href":"https:\/\/api.w.org\/{rel}","templated":true}]}}