{"id":136,"date":"2024-07-20T19:02:36","date_gmt":"2024-07-20T16:02:36","guid":{"rendered":"https:\/\/gunmil.fi\/?post_type=product&#038;p=136"},"modified":"2024-07-26T22:20:14","modified_gmt":"2024-07-26T19:20:14","slug":"angelo-zoli","status":"publish","type":"product","link":"https:\/\/gunmil.fi\/?product=angelo-zoli","title":{"rendered":"Angelo Zoli 12\/70"},"content":{"rendered":"<p>Italialainen perushaulikko. Mets\u00e4k\u00e4ytetty, puissa ja metalliosissa k\u00e4yt\u00f6n j\u00e4lki\u00e4. Sulussa ei v\u00e4lyst\u00e4, piiput sis\u00e4lt\u00e4 hyv\u00e4t. Per\u00e4levyn tilalle vaihdettu Kassnarin ventiloitu kuminen per\u00e4levy.<\/p>\n<p>&#8211; kaliiperi 12\/70<\/p>\n<p>&#8211; toimintatapa TT1 kertatuli<\/p>\n<p>&#8211; yksi liipaisin, ei piipun valitsijaa<\/p>\n<p>&#8211; automaattivarmistin<\/p>\n<p>&#8211; kiinte\u00e4t supistukset M\/F (puoli- \/ t\u00e4yssuttea)<\/p>\n<p>&#8211; piipun pituus 28 tuumaa<\/p>\n<p>&nbsp;<\/p>\n<p>T\u00c4M\u00c4 TUOTE ON LUVANVARAINEN. KATSO OHJE LUVANVARAISEN TUOTTEEN TILAAMISEEN SIVUN VASEMMASTA ALAREUNASTA KOHDASTA &#8221;VERKKOKAUPAN K\u00c4YTT\u00d6EHDOT&#8221;.<\/p>\n","protected":false},"excerpt":{"rendered":"<p>Italialainen perushaulikko. Mets\u00e4k\u00e4ytetty, puissa ja metalliosissa k\u00e4yt\u00f6n j\u00e4lki\u00e4. Sulussa ei v\u00e4lyst\u00e4, piiput sis\u00e4lt\u00e4 hyv\u00e4t. Per\u00e4levyn tilalle vaihdettu Kassnarin ventiloitu kuminen per\u00e4levy. &#8211; kaliiperi 12\/70 &#8211; toimintatapa TT1 kertatuli &#8211; yksi liipaisin, ei piipun valitsijaa &#8211; automaattivarmistin &#8211; kiinte\u00e4t supistukset M\/F (puoli- \/ t\u00e4yssuttea) &#8211; piipun pituus 28 tuumaa &nbsp; T\u00c4M\u00c4 TUOTE ON LUVANVARAINEN. KATSO OHJE [&hellip;]<\/p>\n","protected":false},"featured_media":142,"template":"","meta":[],"product_brand":[],"product_cat":[42],"product_tag":[45,53,44],"class_list":{"0":"post-136","1":"product","2":"type-product","3":"status-publish","4":"has-post-thumbnail","6":"product_cat-haulikot","7":"product_tag-12-70","8":"product_tag-angelo-zoli","9":"product_tag-haulikko","10":"product_shipping_class-gun","12":"first","13":"instock","14":"taxable","15":"shipping-taxable","16":"purchasable","17":"product-type-simple"},"_links":{"self":[{"href":"https:\/\/gunmil.fi\/index.php?rest_route=\/wp\/v2\/product\/136","targetHints":{"allow":["GET"]}}],"collection":[{"href":"https:\/\/gunmil.fi\/index.php?rest_route=\/wp\/v2\/product"}],"about":[{"href":"https:\/\/gunmil.fi\/index.php?rest_route=\/wp\/v2\/types\/product"}],"wp:featuredmedia":[{"embeddable":true,"href":"https:\/\/gunmil.fi\/index.php?rest_route=\/wp\/v2\/media\/142"}],"wp:attachment":[{"href":"https:\/\/gunmil.fi\/index.php?rest_route=%2Fwp%2Fv2%2Fmedia&parent=136"}],"wp:term":[{"taxonomy":"product_brand","embeddable":true,"href":"https:\/\/gunmil.fi\/index.php?rest_route=%2Fwp%2Fv2%2Fproduct_brand&post=136"},{"taxonomy":"product_cat","embeddable":true,"href":"https:\/\/gunmil.fi\/index.php?rest_route=%2Fwp%2Fv2%2Fproduct_cat&post=136"},{"taxonomy":"product_tag","embeddable":true,"href":"https:\/\/gunmil.fi\/index.php?rest_route=%2Fwp%2Fv2%2Fproduct_tag&post=136"}],"curies":[{"name":"wp","href":"https:\/\/api.w.org\/{rel}","templated":true}]}}