{"id":108,"date":"2023-01-08T15:11:55","date_gmt":"2023-01-08T13:11:55","guid":{"rendered":"https:\/\/gunmil.fi\/?post_type=product&#038;p=108"},"modified":"2025-02-23T13:33:59","modified_gmt":"2025-02-23T11:33:59","slug":"smith-wesson-mod-67-1","status":"publish","type":"product","link":"https:\/\/gunmil.fi\/?product=smith-wesson-mod-67-1","title":{"rendered":"Smith &#038; Wesson mod 67-1 .38 Special VARATTU"},"content":{"rendered":"<p>K-runkoinen ruostumaton kevyt revolveri.K\u00e4ytetty. Kunto hyv\u00e4, muutamia v\u00e4h\u00e4isi\u00e4 naarmuja. Made in USA.<\/p>\n<p>&#8211; kaliiperi .38 Special<\/p>\n<p>&#8211; toimintatapa TT2 lippaallinen kertatuli<\/p>\n<p>&#8211; kaksitoiminen<\/p>\n<p>&#8211; 6 patruunan rulla<\/p>\n<p>&#8211; piipun pituus 4 tuumaa<\/p>\n<p>&#8211; korkeus- ja sivusuunnassa s\u00e4\u00e4dett\u00e4v\u00e4 takat\u00e4ht\u00e4in<\/p>\n<p>&#8211; valmistettu v\u00e4lill\u00e4 1977 &#8211; 1982<\/p>\n<p>T\u00c4M\u00c4 TUOTE ON LUVANVARAINEN. KATSO OHJE LUVANVARAISEN TUOTTEEN TILAAMISEEN SIVUN VASEMMASTA ALAREUNASTA KOHDASTA &#8221;VERKKOKAUPAN K\u00c4YTT\u00d6EHDOT&#8221;.<\/p>\n","protected":false},"excerpt":{"rendered":"<p>K-runkoinen ruostumaton kevyt revolveri.K\u00e4ytetty. Kunto hyv\u00e4, muutamia v\u00e4h\u00e4isi\u00e4 naarmuja. Made in USA. &#8211; kaliiperi .38 Special &#8211; toimintatapa TT2 lippaallinen kertatuli &#8211; kaksitoiminen &#8211; 6 patruunan rulla &#8211; piipun pituus 4 tuumaa &#8211; korkeus- ja sivusuunnassa s\u00e4\u00e4dett\u00e4v\u00e4 takat\u00e4ht\u00e4in &#8211; valmistettu v\u00e4lill\u00e4 1977 &#8211; 1982 T\u00c4M\u00c4 TUOTE ON LUVANVARAINEN. KATSO OHJE LUVANVARAISEN TUOTTEEN TILAAMISEEN SIVUN VASEMMASTA [&hellip;]<\/p>\n","protected":false},"featured_media":109,"template":"","meta":[],"product_brand":[],"product_cat":[29],"product_tag":[32,30,31],"class_list":{"0":"post-108","1":"product","2":"type-product","3":"status-publish","4":"has-post-thumbnail","6":"product_cat-revolverit","7":"product_tag-38-special","8":"product_tag-revolveri","9":"product_tag-smith-wesson","10":"product_shipping_class-gun","12":"first","13":"outofstock","14":"taxable","15":"shipping-taxable","16":"purchasable","17":"product-type-simple"},"_links":{"self":[{"href":"https:\/\/gunmil.fi\/index.php?rest_route=\/wp\/v2\/product\/108","targetHints":{"allow":["GET"]}}],"collection":[{"href":"https:\/\/gunmil.fi\/index.php?rest_route=\/wp\/v2\/product"}],"about":[{"href":"https:\/\/gunmil.fi\/index.php?rest_route=\/wp\/v2\/types\/product"}],"wp:featuredmedia":[{"embeddable":true,"href":"https:\/\/gunmil.fi\/index.php?rest_route=\/wp\/v2\/media\/109"}],"wp:attachment":[{"href":"https:\/\/gunmil.fi\/index.php?rest_route=%2Fwp%2Fv2%2Fmedia&parent=108"}],"wp:term":[{"taxonomy":"product_brand","embeddable":true,"href":"https:\/\/gunmil.fi\/index.php?rest_route=%2Fwp%2Fv2%2Fproduct_brand&post=108"},{"taxonomy":"product_cat","embeddable":true,"href":"https:\/\/gunmil.fi\/index.php?rest_route=%2Fwp%2Fv2%2Fproduct_cat&post=108"},{"taxonomy":"product_tag","embeddable":true,"href":"https:\/\/gunmil.fi\/index.php?rest_route=%2Fwp%2Fv2%2Fproduct_tag&post=108"}],"curies":[{"name":"wp","href":"https:\/\/api.w.org\/{rel}","templated":true}]}}