{"id":3,"date":"2021-02-16T20:41:14","date_gmt":"2021-02-16T18:41:14","guid":{"rendered":"http:\/\/127.0.0.1:8081\/?page_id=3"},"modified":"2023-01-07T18:31:22","modified_gmt":"2023-01-07T16:31:22","slug":"tietosuojaseloste","status":"publish","type":"page","link":"https:\/\/gunmil.fi\/?page_id=3","title":{"rendered":"Tietosuojaseloste"},"content":{"rendered":"\n<p><strong>1. Rekisterinpit\u00e4j\u00e4<\/strong><\/p>\n\n\n\n<p>Hammaslaboratorio Nyg\u00e5rd \/ GunMil<\/p>\n\n\n\n<p>Laitakatu 16<\/p>\n\n\n\n<p>86300 Oulainen<\/p>\n\n\n\n<p>Puh. 040 5829291<\/p>\n\n\n\n<p>S\u00e4hk\u00f6posti&nbsp;<\/p>\n\n\n\n<p>Y-tunnus 1840908-2<\/p>\n\n\n\n<p><strong>2. Rekisteriasioiden yhteystiedot<\/strong><\/p>\n\n\n\n<p>Mikko Nyg\u00e5rd, 040 5829291, s\u00e4hk\u00f6posti\u00a0<\/p>\n\n\n\n<p><strong>3. Rekisterin nimi<\/strong><\/p>\n\n\n\n<p>GunMilin asiakasrekisteri<\/p>\n\n\n\n<p><strong>4. Henkil\u00f6tietojen k\u00e4sittelyn tarkoitus<\/strong><\/p>\n\n\n\n<p>Henkil\u00f6tietojen k\u00e4sittelyn tarkoitus on ker\u00e4t\u00e4 ja yll\u00e4pit\u00e4\u00e4 tietoa seuraaviin tarkoituksiin:<\/p>\n\n\n\n<p>&#8211; asiakaspalvelun toteuttaminen ja asiakassuhteen hoitaminen<\/p>\n\n\n\n<p>&#8211; asiakaspalvelun kehitt\u00e4minen<\/p>\n\n\n\n<p>&#8211; laskutus ja perint\u00e4<\/p>\n\n\n\n<p>&#8211; ampuma-aselain mukaisten viranomaisvelvoitteiden toteuttaminen&nbsp;<\/p>\n\n\n\n<p><strong>5. Rekisterin tietosis\u00e4lt\u00f6<\/strong><\/p>\n\n\n\n<ul class=\"wp-block-list\"><\/ul>\n\n\n\n<p>&#8211; yhteystiedot, kuten nimi, osoite, puhelinnumero, s\u00e4hk\u00f6postiosoite<\/p>\n\n\n\n<p>&#8211; asiakassuhdetta koskevat tiedot, kuten laskutus- ja maksutiedot, tuotetiedot<\/p>\n\n\n\n<p>&#8211; rekister\u00f6itymistiedot, kuten k\u00e4ytt\u00e4j\u00e4tunnus ja\/tai muu mahdollinen yksil\u00f6iv\u00e4 tunnus<\/p>\n\n\n\n<p>&#8211; ampuma-aselain mukaiset aseiden luovutuksiin liittyv\u00e4t tiedot<\/p>\n\n\n\n<p>&#8211; mahdolliset muut asiakkaan suostumuksella ker\u00e4tyt tiedot.<\/p>\n\n\n\n<p><strong>6. S\u00e4\u00e4nn\u00f6nmukaiset tietol\u00e4hteet<\/strong><\/p>\n\n\n\n<p>&#8211; asiakkaalta itselt\u00e4\u00e4n s\u00e4hk\u00f6postitse, puhelimitse, lomakkeella tai muulla vastaavalla tavalla<\/p>\n\n\n\n<p>&#8211; ev\u00e4steiden tai muiden tekniikoiden avulla.<\/p>\n\n\n\n<p><strong>7. Tietojen s\u00e4ilytt\u00e4misaika<\/strong><\/p>\n\n\n\n<p>Tietoja s\u00e4ilytet\u00e4\u00e4n vain niin kauan kuin on tarpeen kohdassa 4 m\u00e4\u00e4riteltyjen tarkoitusten toteuttamiseksi, kulloinkin voimassaolevan lains\u00e4\u00e4d\u00e4nn\u00f6n mukaisesti.<\/p>\n\n\n\n<p><strong>8. S\u00e4\u00e4nn\u00f6nmukaiset tietojen luovutukset ja tietojen siirto EU:n tai Euroopan talousalueen ulkopuolelle<\/strong><\/p>\n\n\n\n<p>Ampuma-aseiden ja luvanvaraisten aseen osien kauppaan liittyvi\u00e4 tietoja luovutetaan poliisiviranomaiselle siin\u00e4 laajuudessa kuin voimassa oleva lains\u00e4\u00e4d\u00e4nt\u00f6 edellytt\u00e4\u00e4.<\/p>\n\n\n\n<p>Rekister\u00f6ityjen tietoja voidaan luovuttaa alihankkijoille (tilitoimisto)&nbsp; tuotteiden myyntiin liittyvien velvoitteiden hoitamista varten.&nbsp;<\/p>\n\n\n\n<p>Rekisterin tietoja ei luovuteta EU:n tai Euroopan talousalueen ulkopuolelle.<\/p>\n\n\n\n<p><strong>9. Henkil\u00f6tietojen k\u00e4sittelij\u00e4t<\/strong><\/p>\n\n\n\n<p>Yrityksen ty\u00f6ntekij\u00e4t, joiden teht\u00e4vien toteuttamiseksi henkil\u00f6tietojen k\u00e4sittely on v\u00e4ltt\u00e4m\u00e4t\u00f6nt\u00e4, voivat k\u00e4sitell\u00e4 henkil\u00f6tietoja voimassa olevan tietosuojalains\u00e4\u00e4d\u00e4nn\u00f6n mukaisesti. Tietoja voivat k\u00e4sitell\u00e4 my\u00f6s kolmannet osapuolet (tilitoimisto), joille rekisterinpit\u00e4j\u00e4 on ulkoistanut henkil\u00f6tietojen k\u00e4sittelyn voimassa olevan tietosuojalains\u00e4\u00e4d\u00e4nn\u00f6n mukaisesti. T\u00e4ll\u00f6in rekisterinpit\u00e4j\u00e4 takaa sopimusj\u00e4rjestelyin, ett\u00e4 henkil\u00f6tietoja k\u00e4sitell\u00e4\u00e4n voimassa olevan tietosuojalains\u00e4\u00e4d\u00e4nn\u00f6n mukaisesti ja muutoin asianmukaisesti.<\/p>\n\n\n\n<p><strong>10. Rekister\u00f6idyn oikeudet<\/strong><\/p>\n\n\n\n<p><strong>Tietojen tarkastus- ja oikaisuoikeus<\/strong>&nbsp;<\/p>\n\n\n\n<p>Rekister\u00f6idyll\u00e4 on oikeus tarkistaa, mit\u00e4 h\u00e4nt\u00e4 koskevia tietoja rekisteriin on talletettu, ja pyyt\u00e4\u00e4 virheellisen tiedon oikaisua.&nbsp;<\/p>\n\n\n\n<p><strong>Kielto-oikeus<\/strong>&nbsp;<\/p>\n\n\n\n<p>Rekister\u00f6idyll\u00e4 on oikeus peruuttaa suostumuksensa tietojen k\u00e4sittelyyn ja kielt\u00e4\u00e4 rekisterinpit\u00e4j\u00e4\u00e4 k\u00e4sittelem\u00e4st\u00e4 h\u00e4nt\u00e4 itse\u00e4\u00e4n koskevia tietoja.<\/p>\n\n\n\n<p><strong>Oikeus poistaa tiedot<\/strong>&nbsp;<\/p>\n\n\n\n<p>Rekister\u00f6idyll\u00e4 on oikeus vaatia rekisterinpit\u00e4j\u00e4\u00e4 poistamaan h\u00e4nen tietonsa rekisterist\u00e4. Oikeus tietojen poistamiseen ei kuitenkaan koske rekisterin niit\u00e4 osia, joilla on lakis\u00e4\u00e4teinen s\u00e4ilytysvelvoite.<\/p>\n\n\n\n<p><strong>Oikeus siirt\u00e4\u00e4 tiedot j\u00e4rjestelm\u00e4st\u00e4 toiseen<\/strong><\/p>\n\n\n\n<p>Rekister\u00f6idyll\u00e4 on oikeus vaatia rekisterinpit\u00e4j\u00e4\u00e4 siirt\u00e4m\u00e4\u00e4n h\u00e4nen tietonsa yleisesti k\u00e4yt\u00f6ss\u00e4 olevassa siirtomuodossa toiseen j\u00e4rjestelm\u00e4\u00e4n. Oikeus koskee vain tietoja, jotka rekister\u00f6ity on itse antanut rekisterinpit\u00e4j\u00e4lle.<\/p>\n\n\n\n<p>Pyynn\u00f6t edell\u00e4 lueteltujen oikeuksien k\u00e4ytt\u00e4miseen tulee toimittaa osoitteeseen:<\/p>\n\n\n\n<p>S\u00c4HK\u00d6POSTIOSOITE<\/p>\n\n\n\n<p><strong>11. Rekisterin suojauksen periaatteet<\/strong><\/p>\n\n\n\n<p>Rekisteri\u00e4 koskevat manuaaliset aineistot s\u00e4ilytet\u00e4\u00e4n lukituissa tiloissa. Konesalit ja kaupan j\u00e4rjestelmien tietoturva on korkealla tasolla. Palvelimet on suojattu tietomurtoja ja palvelunestohy\u00f6kk\u00e4yksi\u00e4 vastaan hyv\u00e4\u00e4 tietosuojak\u00e4yt\u00e4nt\u00f6\u00e4 noudattaen.<\/p>\n\n\n\n<p>Rekisterin tietojenk\u00e4sittelyyn on k\u00e4ytt\u00f6oikeudet vain niill\u00e4 rekisterinpit\u00e4j\u00e4n nime\u00e4mill\u00e4 henkil\u00f6ill\u00e4, joiden ty\u00f6teht\u00e4vien suorittaminen sit\u00e4 edellytt\u00e4\u00e4. Rekisterin tietojen muokkaaminen ja lukeminen edellytt\u00e4\u00e4 henkil\u00f6kohtaista tunnistautumista j\u00e4rjestelm\u00e4\u00e4n.<\/p>\n\n\n\n<p><strong>12. Ev\u00e4steiden k\u00e4ytt\u00f6 verkkosivuilla<\/strong><\/p>\n\n\n\n<p>Verkkosivujen v\u00e4ltt\u00e4m\u00e4tt\u00f6mien perustoimintojen takia sivustolla k\u00e4ytett\u00e4\u00e4n ev\u00e4steit\u00e4. Ev\u00e4steit\u00e4 k\u00e4ytet\u00e4\u00e4n ostoskori toiminnallisuuden, asikastilin sek\u00e4 muiden verkkokaupassa v\u00e4ltt\u00e4m\u00e4tt\u00f6mien toiminnallisuuksien toteuttamiseen.<\/p>\n","protected":false},"excerpt":{"rendered":"<p>1. Rekisterinpit\u00e4j\u00e4 Hammaslaboratorio Nyg\u00e5rd \/ GunMil Laitakatu 16 86300 Oulainen Puh. 040 5829291 S\u00e4hk\u00f6posti&nbsp; Y-tunnus 1840908-2 2. Rekisteriasioiden yhteystiedot Mikko Nyg\u00e5rd, 040 5829291, s\u00e4hk\u00f6posti\u00a0 3. Rekisterin nimi GunMilin asiakasrekisteri 4. Henkil\u00f6tietojen k\u00e4sittelyn tarkoitus Henkil\u00f6tietojen k\u00e4sittelyn tarkoitus on ker\u00e4t\u00e4 ja yll\u00e4pit\u00e4\u00e4 tietoa seuraaviin tarkoituksiin: &#8211; asiakaspalvelun toteuttaminen ja asiakassuhteen hoitaminen &#8211; asiakaspalvelun kehitt\u00e4minen &#8211; laskutus ja [&hellip;]<\/p>\n","protected":false},"author":1,"featured_media":0,"parent":0,"menu_order":0,"comment_status":"closed","ping_status":"open","template":"","meta":{"footnotes":""},"class_list":["post-3","page","type-page","status-publish","hentry"],"_links":{"self":[{"href":"https:\/\/gunmil.fi\/index.php?rest_route=\/wp\/v2\/pages\/3","targetHints":{"allow":["GET"]}}],"collection":[{"href":"https:\/\/gunmil.fi\/index.php?rest_route=\/wp\/v2\/pages"}],"about":[{"href":"https:\/\/gunmil.fi\/index.php?rest_route=\/wp\/v2\/types\/page"}],"author":[{"embeddable":true,"href":"https:\/\/gunmil.fi\/index.php?rest_route=\/wp\/v2\/users\/1"}],"replies":[{"embeddable":true,"href":"https:\/\/gunmil.fi\/index.php?rest_route=%2Fwp%2Fv2%2Fcomments&post=3"}],"version-history":[{"count":5,"href":"https:\/\/gunmil.fi\/index.php?rest_route=\/wp\/v2\/pages\/3\/revisions"}],"predecessor-version":[{"id":101,"href":"https:\/\/gunmil.fi\/index.php?rest_route=\/wp\/v2\/pages\/3\/revisions\/101"}],"wp:attachment":[{"href":"https:\/\/gunmil.fi\/index.php?rest_route=%2Fwp%2Fv2%2Fmedia&parent=3"}],"curies":[{"name":"wp","href":"https:\/\/api.w.org\/{rel}","templated":true}]}}