{"id":244,"date":"2024-07-25T16:04:52","date_gmt":"2024-07-25T13:04:52","guid":{"rendered":"https:\/\/gunmil.fi\/?page_id=244"},"modified":"2024-07-25T16:04:52","modified_gmt":"2024-07-25T13:04:52","slug":"yritys","status":"publish","type":"page","link":"https:\/\/gunmil.fi\/?page_id=244","title":{"rendered":"Yritys"},"content":{"rendered":"\n<p>GunMil on Oulaisissa sijaitseva ampuma- aseisiin, niiden varusteisiin ja ker\u00e4ilymilitariaan erikoistunut yritys. Yrityksen kohderyhmin\u00e4 ovat ammunnan ja mets\u00e4styksen harrastajat sek\u00e4 ampuma-aseiden ja militarian ker\u00e4ilij\u00e4t ja tutkijat.<\/p>\n\n\n\n<p>Yrityksell\u00e4 ei ole varsinaisia kiinteit\u00e4 aukioloaikoja, mutta k\u00e4ynti j\u00e4rjestyy kyll\u00e4 erikseen sopimalla.<\/p>\n\n\n\n<p>Yhteydenpito yrityksen ja asiakkaan v\u00e4lill\u00e4 tapahtuu p\u00e4\u00e4s\u00e4\u00e4nt\u00f6isesti s\u00e4hk\u00f6postitse verkkokauppasivun vasemmassa alareunassa olevasta &#8221;ota yhteytt\u00e4&#8221;-linkist\u00e4. Puhelimeen emme voi vastata kaikkina aikoina yrityksen p\u00e4\u00e4toimialan (hammaslabra) rajoitusten vuoksi. \u00c4l\u00e4 l\u00e4het\u00e4 teksti- tai Whats Up- viestej\u00e4, niihin emme vastaa.<\/p>\n\n\n\n<p>YHTEYSTIEDOT<\/p>\n\n\n\n<p>Yritys: Hammaslaboratorio Nyg\u00e5rd \/ GunMil<\/p>\n\n\n\n<p>Postiosoite: Laitakatu 16<\/p>\n\n\n\n<p>86300 Oulainen<\/p>\n\n\n\n<p>Puhelin: +35840 5829291<\/p>\n\n\n\n<p>S\u00e4hk\u00f6posti: info@gunmil.fi<\/p>\n\n\n\n<p>Y-tunnus 1840908-2<\/p>\n","protected":false},"excerpt":{"rendered":"<p>GunMil on Oulaisissa sijaitseva ampuma- aseisiin, niiden varusteisiin ja ker\u00e4ilymilitariaan erikoistunut yritys. Yrityksen kohderyhmin\u00e4 ovat ammunnan ja mets\u00e4styksen harrastajat sek\u00e4 ampuma-aseiden ja militarian ker\u00e4ilij\u00e4t ja tutkijat. Yrityksell\u00e4 ei ole varsinaisia kiinteit\u00e4 aukioloaikoja, mutta k\u00e4ynti j\u00e4rjestyy kyll\u00e4 erikseen sopimalla. Yhteydenpito yrityksen ja asiakkaan v\u00e4lill\u00e4 tapahtuu p\u00e4\u00e4s\u00e4\u00e4nt\u00f6isesti s\u00e4hk\u00f6postitse verkkokauppasivun vasemmassa alareunassa olevasta &#8221;ota yhteytt\u00e4&#8221;-linkist\u00e4. Puhelimeen emme voi [&hellip;]<\/p>\n","protected":false},"author":2,"featured_media":0,"parent":0,"menu_order":0,"comment_status":"closed","ping_status":"closed","template":"","meta":{"footnotes":""},"class_list":["post-244","page","type-page","status-publish","hentry"],"_links":{"self":[{"href":"https:\/\/gunmil.fi\/index.php?rest_route=\/wp\/v2\/pages\/244","targetHints":{"allow":["GET"]}}],"collection":[{"href":"https:\/\/gunmil.fi\/index.php?rest_route=\/wp\/v2\/pages"}],"about":[{"href":"https:\/\/gunmil.fi\/index.php?rest_route=\/wp\/v2\/types\/page"}],"author":[{"embeddable":true,"href":"https:\/\/gunmil.fi\/index.php?rest_route=\/wp\/v2\/users\/2"}],"replies":[{"embeddable":true,"href":"https:\/\/gunmil.fi\/index.php?rest_route=%2Fwp%2Fv2%2Fcomments&post=244"}],"version-history":[{"count":1,"href":"https:\/\/gunmil.fi\/index.php?rest_route=\/wp\/v2\/pages\/244\/revisions"}],"predecessor-version":[{"id":245,"href":"https:\/\/gunmil.fi\/index.php?rest_route=\/wp\/v2\/pages\/244\/revisions\/245"}],"wp:attachment":[{"href":"https:\/\/gunmil.fi\/index.php?rest_route=%2Fwp%2Fv2%2Fmedia&parent=244"}],"curies":[{"name":"wp","href":"https:\/\/api.w.org\/{rel}","templated":true}]}}