{"id":104,"date":"2023-01-07T18:58:43","date_gmt":"2023-01-07T16:58:43","guid":{"rendered":"http:\/\/gunmil.fi\/?page_id=104"},"modified":"2026-04-05T15:20:57","modified_gmt":"2026-04-05T12:20:57","slug":"verkkokaupan-kayttoehdot","status":"publish","type":"page","link":"https:\/\/gunmil.fi\/?page_id=104","title":{"rendered":"Verkkokaupan k\u00e4ytt\u00f6ehdot"},"content":{"rendered":"\n<p>Verkkokauppapaikan GunMil.fi (jatkossa GunMil) yll\u00e4pit\u00e4j\u00e4 on Hammaslaboratorio Nyg\u00e5rd.<\/p>\n\n\n\n<p>GunMil pid\u00e4tt\u00e4\u00e4 oikeuden tehd\u00e4 muutoksia verkkokaupan k\u00e4ytt\u00f6ehtoihin, tuotteiden myyntihintoihin ja tuotekuvauksiin ilman ennakkoilmoitusta.<\/p>\n\n\n\n<p><strong>Seuraavia ehtoja sovelletaan GunMilin ja asiakkaiden v\u00e4lisess\u00e4 kaupassa.<\/strong><\/p>\n\n\n\n<p><strong>1. Kaupan syntyminen<\/strong><\/p>\n\n\n\n<p>Ostaessaan tuotteita verkkokaupasta asiakas hyv\u00e4ksyy verkkokaupan k\u00e4ytt\u00f6ehdot ja sitoutuu noudattamaan niit\u00e4. Sitova kauppasopimus syntyy, kun asiakkaalle l\u00e4hetet\u00e4\u00e4n tilausvahvistus, joka samalla vahvistaa tuotteen saatavuuden.<\/p>\n\n\n\n<p><strong>2. Yleiset myyntiehdot<\/strong><\/p>\n\n\n\n<p>Tuotteen tilaajan tulee olla t\u00e4ysi-ik\u00e4inen tai h\u00e4nell\u00e4 on oltava huoltajan suostumus kauppaan. Huoltajan suostumus tulee toimittaa erillisell\u00e4 viestill\u00e4 s\u00e4hk\u00f6postiimme.<\/p>\n\n\n\n<p>Yhteydenpito kaupan osapuolten kesken tapahtuu p\u00e4\u00e4s\u00e4\u00e4nt\u00f6isesti s\u00e4hk\u00f6postilla.<\/p>\n\n\n\n<p>GunMil pid\u00e4tt\u00e4\u00e4 oikeuden tarvittaessa valita asiakkaansa.<\/p>\n\n\n\n<p><strong>3. Tuotteet<\/strong><\/p>\n\n\n\n<p>GunMilin myym\u00e4t tuotteet ovat k\u00e4ytettyj\u00e4, ellei tuotekuvauksessa ole toisin mainittu. Tuotekuvaukset muodostuvat sanallisesta ja kuvallisesta informaatiosta. Tutustu ennen tilausta huolellisesti tuotteen kuviin ja tekstikuvaukseen. Perehdy my\u00f6s tuotekuvauksissa k\u00e4ytettyihin termeihin verkkokaupan sivun alaosasta l\u00f6ytyv\u00e4ss\u00e4 tuoteinfossa.<\/p>\n\n\n\n<p><strong>4. Tilaaminen<\/strong><\/p>\n\n\n\n<p>Luvanvaraiset tuotteet (ampuma-aseet ja niiden luvanvaraiset osat)<\/p>\n\n\n\n<p>Luvanvaraisia tuotteita toimitetaan vain poliisiviranomaisen my\u00f6nt\u00e4m\u00e4n, voimassa olevan hankkimisluvan (aselupa) perusteella. Huomaa, ett\u00e4 aseluvan tietojen tulee vastata tarkalleen hankittavan aseen tietoja. Aseen tyyppi\u00e4, kaliiperia ja toimintatapaa ei voida &#8221;soveltaa&#8221; mitenk\u00e4\u00e4n. Tieto tuotteen luvanvaraisuudesta on mainittu tuotekuvauksessa.<\/p>\n\n\n\n<p>Mik\u00e4li sinulla on voimassa oleva aselupa haluamallesi tuotteelle, toimi seuraavalla tavalla:<\/p>\n\n\n\n<ul class=\"wp-block-list\">\n<li>Valitse haluamasi tuote ostoskoriin ja maksa se verkkokaupan kassalla<\/li>\n\n\n\n<li>Tee vahva tunnistautuminen verkkokaupan sivun alaosassa olevasta linkist\u00e4<\/li>\n\n\n\n<li>L\u00e4het\u00e4 aseluvan kaikki nelj\u00e4 kappaletta postitse ALLEKIRJOITETTUINA osoitteella:<\/li>\n<\/ul>\n\n\n\n<p style=\"margin-top:0;margin-bottom:0\">GunMil<\/p>\n\n\n\n<p style=\"margin-top:0;margin-bottom:0\">Laitakatu 16<\/p>\n\n\n\n<p style=\"margin-top:0;margin-bottom:0\">86300 Oulainen<\/p>\n\n\n\n<p><\/p>\n\n\n\n<p>Mik\u00e4li sinulla ei ole viel\u00e4 haluamallesi tuotteelle aselupaa, voimme varata sen sinulle lupaprosessin ajaksi. <strong>Varaus on voimassa kaksi kuukautta<\/strong>. Mik\u00e4li lupaprosessi syyst\u00e4 tai toisesta pitkittyy, voidaan varausta jatkaa erillisell\u00e4 sopimuksella viel\u00e4 kuukauden. Mik\u00e4li varausaika menee umpeen, etk\u00e4 ole yhteydess\u00e4 myyj\u00e4\u00e4n, raukeaa varauksesi ja tuote siirtyy uudelleen myyntiin ilman eri ilmoitusta.<\/p>\n\n\n\n<p>Kun olet saanut poliisiviranomaiselta aseluvan haluamallesi tuotteelle, toimi seuraavasti:<\/p>\n\n\n\n<ul class=\"wp-block-list\">\n<li>Ilmoita myyj\u00e4lle heti luvan saatuasi, niin l\u00e4het\u00e4mme sinulle tilausvahvistuksen ja laskun s\u00e4hk\u00f6postiisi.<\/li>\n\n\n\n<li>Tee vahva tunnistautuminen verkkokaupan sivun alaosassa olevasta linkist\u00e4. Lue verkkokaupan k\u00e4ytt\u00f6ehdot ja tuoteinfo ennen kuin teet tunnistautumisen. Tunnistautumisellasi ilmoitat my\u00f6s hyv\u00e4ksyv\u00e4si myyntiehdot.<\/li>\n\n\n\n<li>L\u00e4het\u00e4 aseluvan kaikki nelj\u00e4 kappaletta postitse ALLEKIRJOITETTUINA osoitteella:<\/li>\n<\/ul>\n\n\n\n<p style=\"margin-top:0;margin-bottom:0\">GunMil<\/p>\n\n\n\n<p style=\"margin-top:0;margin-bottom:0\">Laitakatu 16<\/p>\n\n\n\n<p style=\"margin-top:0;margin-bottom:0\">86300 Oulainen<\/p>\n\n\n\n<ul class=\"wp-block-list\">\n<li>Kun olet maksanut tuotteen ja kun maksu n\u00e4kyy tilill\u00e4mme, toimitamme tuotteen sinulle.<\/li>\n<\/ul>\n\n\n\n<p><strong>MIK\u00c4LI TULET NOUTAMAAN HENKIL\u00d6KOHTAISESTI LUVANVARAISEN TUOTTEEN, TOIMI SEURAAVASTI:<\/strong><\/p>\n\n\n\n<ul class=\"wp-block-list\">\n<li>Ota yhteytt\u00e4 myyj\u00e4\u00e4n, niin varaamme tuotteen lupaprosessin ajaksi tai siihen asti kun tulet noutamaan tuotteen. NOUTOAIKA ON SOVITTAVA ENNAKOLTA HYVISS\u00c4 AJOIN ENNEN NOUTOA JOTTA VOIMME NOUTAA TUOTTEEN LUOVUTETTAVAKSI.<\/li>\n\n\n\n<li>Ota mukaasi aseluvan kaikki nelj\u00e4 kappaletta, virallinen henkil\u00f6todistus tai passi sek\u00e4 soveltuva suojus aseen laillista kuljetusta varten.<\/li>\n\n\n\n<li>Maksu tapahtuu noudon yhteydess\u00e4 k\u00e4teisell\u00e4 tai pankkikortilla.<\/li>\n<\/ul>\n\n\n\n<p>Muut kuin luvanvaraiset tuotteet<\/p>\n\n\n\n<p>Voit ostaa muita kuin edell\u00e4 mainittuja luvanvaraisia tuotteita suoraan verkkokaupasta valitsemalla ne ostoskoriin ja maksamalla verkkokaupan kassalla.<\/p>\n\n\n\n<p><strong>5. Maksaminen<\/strong><\/p>\n\n\n\n<p>Verkkokaupassa otamme vastaan maksuja kaikkien kotimaisten pankkien verkkopankeista. Voit maksaa tuotteita my\u00f6s yleisimmill\u00e4 luottokorteilla (Visa, Mastercard, American Express).<\/p>\n\n\n\n<p>Maksunv\u00e4lityspalvelun toteuttajana ja maksupalveluntarjoajana toimii Paytrail Oyj (2122839-7) yhteisty\u00f6ss\u00e4 suomalaisten pankkien ja luottolaitosten kanssa. Paytrail Oyj n\u00e4kyy maksun saajana tiliotteella tai korttilaskulla ja v\u00e4litt\u00e4\u00e4 maksun kauppiaalle. Paytrail Oyj:ll\u00e4 on maksulaitoksen toimilupa. Reklamaatiotapauksissa pyyd\u00e4mme ottamaan ensisijaisesti yhteytt\u00e4 tuotteen toimittajaan.<\/p>\n\n\n\n<p>Paytrail Oyj, y-tunnus: 2122839-7<br>Innova 2<br>Lutakonaukio 7<br>40100 Jyv\u00e4skyl\u00e4<br><a href=\"https:\/\/www.paytrail.com\/kuluttaja\/tietoa-maksamisesta\" target=\"_blank\" rel=\"noreferrer noopener\">paytrail.com\/kuluttaja\/tietoa-maksamisesta<\/a><\/p>\n\n\n\n<p><strong>6. Toimitus<\/strong><\/p>\n\n\n\n<p>K\u00e4yt\u00f6ss\u00e4mme olevat toimitustavat ovat nouto ja l\u00e4hetys joko Matkahuollon tai Postin kautta.<\/p>\n\n\n\n<p>Luvanvaraiset tuotteet<\/p>\n\n\n\n<p>Nouto on suositeltavin tapa luvanvaraisten ampuma-aseiden ja niiden osien kohdalla. T\u00e4ll\u00f6in voit viel\u00e4 ennen aseluvan t\u00e4ytt\u00f6\u00e4 henkil\u00f6kohtaisesti todeta, ett\u00e4 tuote t\u00e4ytt\u00e4\u00e4 ne vaatimukset mit\u00e4 olet sille asettanut (esim haulikon tukin mitoituksen sopivuus juuri sinulle).<\/p>\n\n\n\n<p>Muutoin luvanvaraisia tuotteita toimitetaan vain matkahuollon kuljettamina ja vain Kotijakeluna. Ostajan on vastaanotettava l\u00e4hetys henkil\u00f6kohtaisesti ja tunnistauduttava luovuttajalle virallisella henkil\u00f6todistuksella tai passilla. Huomaa, ett\u00e4 l\u00e4hetyst\u00e4 ei voi vastaanottaa valtakirjalla. Luvanvaraisia tuotteita sis\u00e4lt\u00e4v\u00e4t tilaukset l\u00e4hetet\u00e4\u00e4n kerran viikossa viikon alkupuolella (ma\/ti),<\/p>\n\n\n\n<p>Muut tuotteet<\/p>\n\n\n\n<p>Verkkokaupasta ostamasi tuotteet toimitetaan valintasi mukaan joko Matkahuollon tai Postin v\u00e4lityksell\u00e4 valitsemaasi toimipisteeseen.<\/p>\n\n\n\n<p>Toimituskulut<\/p>\n\n\n\n<p>Verkkokaupasta ostamiesi tuotteiden hintaan lis\u00e4t\u00e4\u00e4n toimitus- ja k\u00e4sittelykuluja seuraavasti:<\/p>\n\n\n\n<ul class=\"wp-block-list\">\n<li>asel\u00e4hetys 60,-<\/li>\n\n\n\n<li>Muu l\u00e4hetys, pieni 9,-<\/li>\n\n\n\n<li>Muu l\u00e4hetys, iso (yksi mitta yli 100 cm, paino yli 25 kg) 13,-<\/li>\n<\/ul>\n\n\n\n<p>Tuotteet pyrit\u00e4\u00e4n l\u00e4hett\u00e4m\u00e4\u00e4n viimeist\u00e4\u00e4n seitsem\u00e4ss\u00e4 arkip\u00e4iv\u00e4ss\u00e4 tilauksen vastaanottamisesta. Luvanvaraisia tuotteita sis\u00e4lt\u00e4v\u00e4t tilaukset l\u00e4hetet\u00e4\u00e4n kuitenkin niin, ett\u00e4 edellisen viikon tilaukset l\u00e4hetet\u00e4\u00e4n seuraavan viikon alkupuolella. Pieness\u00e4 yrityksess\u00e4 tilap\u00e4iset viiv\u00e4stykset toimituksissa ovat mahdollisia esimerkiksi sairastapauksen vuoksi. T\u00e4llaisissa tapauksissa ostajaa informoidaan tilanteesta.<\/p>\n\n\n\n<p><strong>7. Asiakaspalautukset<\/strong><\/p>\n\n\n\n<p>Verkkokaupassa myyt\u00e4vill\u00e4 tuotteilla on 14 p\u00e4iv\u00e4n palautusoikeus laskettuna tuotteen vastaanottamisesta.<\/p>\n\n\n\n<p>Ennen tuotteen palautusta on ostajan teht\u00e4v\u00e4 palautusilmoitus myyj\u00e4lle s\u00e4hk\u00f6postitse. Ilmoituksessa on yksil\u00f6it\u00e4v\u00e4 tuote\/tuotteet jota palautusilmoitus koskee. GunMil vastaa palautuskustannuksista siin\u00e4 tapauksessa, ett\u00e4 tuote ei olennaisilta osiltaan ole vastannut tuotteen myyntikuvausta. <strong>Gunmilin myym\u00e4t tuotteet ovat p\u00e4\u00e4s\u00e4\u00e4nt\u00f6isesti k\u00e4ytettyj\u00e4 ja n\u00e4inollen niiss\u00e4 on enemm\u00e4n tai v\u00e4hemm\u00e4n k\u00e4yt\u00f6st\u00e4 tai k\u00e4sittelyst\u00e4 johtuvia j\u00e4lki\u00e4 tai virheit\u00e4. T\u00e4m\u00e4n vuoksi perehdy verkkokaupan sivun alaosassa olevaan tuoteinfoon ja tuotekuvauksiin huolellisesti ennen ostop\u00e4\u00e4t\u00f6ksen tekoa. <\/strong>Mik\u00e4li palautusilmoituksessa ei ole osoitettu olennaista poikkeamaa tuotekuvaukseen verrattuna j\u00e4\u00e4v\u00e4t tuotteen l\u00e4hetyskustannukset ostajan vastuulle.<\/p>\n\n\n\n<p>GunMil ei lunasta postiennakolla tehtyj\u00e4 asiakaspalautuksia.<\/p>\n\n\n\n<p>GunMil ei vastaa asiakaspalautustapauksessa asiakkaalle koituneista aselupakustannuksista.<\/p>\n\n\n\n<p>Asiakkaan on toimitettava palautettava tavara myyj\u00e4lle 14 p\u00e4iv\u00e4n kuluessa palautusilmoituksen teosta.<\/p>\n\n\n\n<p>Ostajan tuotteesta maksama hinta palautetaan k\u00e4ytetylle maksutavalle 14 p\u00e4iv\u00e4n kuluessa peruutusilmoituksen vastaanottamisesta, mik\u00e4li palautettava tuote on siihen menness\u00e4 toimitettu myyj\u00e4lle.<\/p>\n\n\n\n<p>Palautettavan tuotteen tulee olla samanlaisessa kunnossa kuin se oli ostajan vastaanottaessa sen. Palutettava tuote on pakattava samalla tavalla kuin se oli pakattu sit\u00e4 vastaanotettaessa. Tuotteen kunnon aleneminen k\u00e4yt\u00f6n, huolimattoman k\u00e4sittelyn tai pakkauksen vuoksi voi johtaa palautettavan maksun suuruuteen.<\/p>\n","protected":false},"excerpt":{"rendered":"<p>Verkkokauppapaikan GunMil.fi (jatkossa GunMil) yll\u00e4pit\u00e4j\u00e4 on Hammaslaboratorio Nyg\u00e5rd. GunMil pid\u00e4tt\u00e4\u00e4 oikeuden tehd\u00e4 muutoksia verkkokaupan k\u00e4ytt\u00f6ehtoihin, tuotteiden myyntihintoihin ja tuotekuvauksiin ilman ennakkoilmoitusta. Seuraavia ehtoja sovelletaan GunMilin ja asiakkaiden v\u00e4lisess\u00e4 kaupassa. 1. Kaupan syntyminen Ostaessaan tuotteita verkkokaupasta asiakas hyv\u00e4ksyy verkkokaupan k\u00e4ytt\u00f6ehdot ja sitoutuu noudattamaan niit\u00e4. Sitova kauppasopimus syntyy, kun asiakkaalle l\u00e4hetet\u00e4\u00e4n tilausvahvistus, joka samalla vahvistaa tuotteen saatavuuden. [&hellip;]<\/p>\n","protected":false},"author":1,"featured_media":0,"parent":0,"menu_order":0,"comment_status":"closed","ping_status":"closed","template":"","meta":{"footnotes":""},"class_list":["post-104","page","type-page","status-publish","hentry"],"_links":{"self":[{"href":"https:\/\/gunmil.fi\/index.php?rest_route=\/wp\/v2\/pages\/104","targetHints":{"allow":["GET"]}}],"collection":[{"href":"https:\/\/gunmil.fi\/index.php?rest_route=\/wp\/v2\/pages"}],"about":[{"href":"https:\/\/gunmil.fi\/index.php?rest_route=\/wp\/v2\/types\/page"}],"author":[{"embeddable":true,"href":"https:\/\/gunmil.fi\/index.php?rest_route=\/wp\/v2\/users\/1"}],"replies":[{"embeddable":true,"href":"https:\/\/gunmil.fi\/index.php?rest_route=%2Fwp%2Fv2%2Fcomments&post=104"}],"version-history":[{"count":8,"href":"https:\/\/gunmil.fi\/index.php?rest_route=\/wp\/v2\/pages\/104\/revisions"}],"predecessor-version":[{"id":945,"href":"https:\/\/gunmil.fi\/index.php?rest_route=\/wp\/v2\/pages\/104\/revisions\/945"}],"wp:attachment":[{"href":"https:\/\/gunmil.fi\/index.php?rest_route=%2Fwp%2Fv2%2Fmedia&parent=104"}],"curies":[{"name":"wp","href":"https:\/\/api.w.org\/{rel}","templated":true}]}}