{"id":102,"date":"2023-01-07T18:53:41","date_gmt":"2023-01-07T16:53:41","guid":{"rendered":"http:\/\/gunmil.fi\/?page_id=102"},"modified":"2024-07-25T16:09:44","modified_gmt":"2024-07-25T13:09:44","slug":"tuoteinfo","status":"publish","type":"page","link":"https:\/\/gunmil.fi\/?page_id=102","title":{"rendered":"Tuoteinfo"},"content":{"rendered":"\n<p>Yrityksen myym\u00e4t tuotteet ovat p\u00e4\u00e4s\u00e4\u00e4ntoisesti k\u00e4ytettyj\u00e4, jollei toisin ole mainittu.<\/p>\n\n\n\n<p><strong>Tuotteiden aitous<\/strong><\/p>\n\n\n\n<p>Myyt\u00e4v\u00e4t tuotteet ovat aitoja, ellei tuotekuvauksessa ole muuta mainittu. Aitoudella tarkoitetaan sit\u00e4, ett\u00e4 tuote on valmistettu sille vahvistetuista materiaaleista alkuper\u00e4isill\u00e4 ty\u00f6menetelmill\u00e4 sin\u00e4 aikana, jolloin tuote on ollut virallisesti k\u00e4yt\u00f6ss\u00e4.<\/p>\n\n\n\n<p><strong>Tuotekuvaukset ja kuntoluokitukset<\/strong><\/p>\n\n\n\n<p>Tuotekuvaus muodostuu tuotteen yhteyteen liitetyst\u00e4 sanallisesta ja kuvallisesta informaatiosta. Kaikkia k\u00e4ytetyiss\u00e4 tavaroissa olevia k\u00e4yt\u00f6n j\u00e4lki\u00e4 on mahdotonta kuvata tyhjent\u00e4v\u00e4sti sanallisesti, joten kuvat ovat olennainen osa tuotekuvausta. Tutki t\u00e4m\u00e4n vuoksi kuvat erityisen tarkkaan ennen ostop\u00e4\u00e4t\u00f6ksen tekemist\u00e4. Tarvittaessa voit tehd\u00e4 viel\u00e4 tarkentavia kysymyksi\u00e4 s\u00e4hk\u00f6postiimme.<\/p>\n\n\n\n<p>Alla joitakin tuotekuvauksissa k\u00e4ytettyj\u00e4 termej\u00e4:<\/p>\n\n\n\n<p>K\u00e4ytetty:<\/p>\n\n\n\n<p>K\u00e4ytetty tuote ei ole koskaan virheet\u00f6n. Esimerkiksi sota- aikana k\u00e4ytetyn asetakin kauluksissa ja hihansuissa on aina kulumaa ja mets\u00e4ss\u00e4 kuljetetussa haulikossa on jonkinlaisia j\u00e4lki\u00e4 tukissa ja sinistyksess\u00e4. Mik\u00e4li tuotteessa on normaalia enemm\u00e4n kulumaa, normaalista poikkeavia vaurioita tai sen kunto on normaalia parempi on se mainittu erikseen tuotekuvauksessa tai vauriosta on tuotekuvaukseen liitetty kuva.<\/p>\n\n\n\n<p>K\u00e4ytt\u00e4m\u00e4t\u00f6n:<\/p>\n\n\n\n<p>Tuotetta ei selv\u00e4stik\u00e4\u00e4n ole koskaan k\u00e4ytetty siihen tarkoitukseen mihin se on valmistettu. K\u00e4ytt\u00e4m\u00e4t\u00f6n tuote ei kuitenkaan v\u00e4ltt\u00e4m\u00e4tt\u00e4 ole virheet\u00f6n, vaan siin\u00e4 voi olla varastoinnin ja k\u00e4sittelyn aiheuttamia j\u00e4lki\u00e4, p\u00f6ly\u00e4, tahroja tai vaikkapa auringonvalon aiheuttamia v\u00e4rimuutoksia.<\/p>\n\n\n\n<p>Uudenveroinen:<\/p>\n\n\n\n<p>Uudenveroinen tuote ei ole uusi, mutta siin\u00e4 on k\u00e4yt\u00f6n tai estetiikan kannalta vain hyvin v\u00e4h\u00e4isi\u00e4 k\u00e4sittelyn j\u00e4lki\u00e4. Uudenveroisessa tuotteessa ei ole voimassa olevaa takuuta.<\/p>\n\n\n\n<p>Uusi:<\/p>\n\n\n\n<p>Uusi tuote on tehtaan pakkauksessa ja mahdollinen takuu on t\u00e4ysim\u00e4\u00e4r\u00e4isesti voimassa.<\/p>\n\n\n\n<p>Jalometallit:<\/p>\n\n\n\n<p>Joidenkin tuotteiden virallisessa nimess\u00e4 saattaa esiinty\u00e4 viittaus jalometalleihin, esim mitaleiden ,suoritusmerkkien ja kunniamerkkien kohdalla jalometalli voi viitata merkin luokkaan tai arvostukseen (esim kultainen ampumamerkki tai USA:n kunniamerkki Silver Star). T\u00e4m\u00e4 ei tarkoita, ett\u00e4 merkki olisi valmistettu kyseisest\u00e4 jalometallista vaan se voi olla kullattu tai hopeoitu tai se voi olla vain jalometallin v\u00e4rinen. Mik\u00e4li merkki on todella valmistettu jalometallista, on siin\u00e4 aina leimaus ja se on erikseen mainittu tuotekuvauksessa.<\/p>\n\n\n\n<p><strong>Vaatetusesineiden kokomerkinn\u00e4t ja niiden k\u00e4ytt\u00f6<\/strong><\/p>\n\n\n\n<p>Yrityksemme myym\u00e4t vaatetusesineet eiv\u00e4t ole tarkoitettu k\u00e4ytt\u00f6\u00f6n, vaan ensisijaisesti s\u00e4ilytett\u00e4viksi kokoelmissa ker\u00e4ily-, tutkimus,- tai sijoitustarkoituksessa. Mik\u00e4\u00e4n ei tietenk\u00e4\u00e4n est\u00e4 vaatetusesineiden k\u00e4ytt\u00f6\u00e4k\u00e4\u00e4n, mutta t\u00e4ll\u00f6in pyyd\u00e4mme huomioimaan seuraavia asioita:<\/p>\n\n\n\n<ul class=\"wp-block-list\">\n<li>Kaikissa varusesineiss\u00e4 ei ole ollenkaan kokomerkint\u00f6j\u00e4. Mik\u00e4li sellaisia l\u00f6ytyy, on niist\u00e4 maininta tai kuva tuotekuvauksessa.<\/li>\n\n\n\n<li>Vaikka kokomerkint\u00e4 olisikin, ei se v\u00e4ltt\u00e4m\u00e4tt\u00e4 ole luotettava tai sill\u00e4 ei ole mit\u00e4\u00e4n tekemist\u00e4 nykyisin k\u00e4yt\u00f6ss\u00e4 olevien merkint\u00f6jen kanssa, sill\u00e4 vaatteet ovat eri aikakausilta ja eri puolilta maailmaa, ne ovat voineet kutistua tai niiden kokoa on tarkoituksella muutettu.<\/li>\n\n\n\n<li>Uusimpien kotimaisten, viel\u00e4 Puolustusvoimien k\u00e4yt\u00f6ss\u00e4 olevien sotilasasujen (esim M\/58) julkista k\u00e4ytt\u00f6\u00e4 on rajattu lains\u00e4\u00e4d\u00e4nn\u00f6ll\u00e4. Tutustu sotilaspukujen ja merkkien k\u00e4ytt\u00f6\u00f6n liittyviin m\u00e4\u00e4r\u00e4yksiin PV:n internetsivuilla.<\/li>\n\n\n\n<li>Sotilaspukujen, merkkien ja erityisesti kunniamerkkien k\u00e4yt\u00f6ss\u00e4 tulee noudattaa muutenkin hyv\u00e4\u00e4 makua, olivatpa ne sitten mist\u00e4 maasta tai milt\u00e4 ajalta tahansa.<\/li>\n<\/ul>\n\n\n\n<p><strong>Ampuma-aseiden k\u00e4ytt\u00f6turvallisuus<\/strong><\/p>\n\n\n\n<p>GunMil pyrkii koeampumaan kaikki myynniss\u00e4 olevat ampuma-aseet. Koeammunnan yhteydess\u00e4 todetaan my\u00f6s aseiden k\u00e4ytt\u00f6turvallisuuteen vaikuttavien koneistojen (varmistimet, laukaisukoneistot yms) turvallinen toiminta. Koeammunnassa tehdyt havainnot on mainittu tuotekuvauksessa. Koeammunta voidaan j\u00e4tt\u00e4\u00e4 tekem\u00e4tt\u00e4, mik\u00e4li aseeseen ei ole yleisesti saatavilla patruunoita. GunMil palvelee sek\u00e4 mets\u00e4st\u00e4ji\u00e4 ja urheiluampujia ett\u00e4 my\u00f6skin ker\u00e4ilij\u00f6it\u00e4. T\u00e4m\u00e4n vuoksi myynniss\u00e4 saattaa olla aseita, joiden ampumaturvallisuudessa on puutteita, mutta ase soveltuu mainiosti kokoelmassa s\u00e4ilytett\u00e4v\u00e4ksi. OTA TURVALLISUUDESTA TEHDYT HUOMAUTUKSET VAKAVASTI!<\/p>\n\n\n\n<p>Mik\u00e4li kuitenkin haluat ampua ns ker\u00e4ilyaseella, huomioi seuraavaa:<\/p>\n\n\n\n<ul class=\"wp-block-list\">\n<li>Varmista, ett\u00e4 ammut aseella oikean kaliiperisia patruunoita. Kaikissa vanhoissa aseissa, erityisesti sotilasaseissa, ei kaliiperia ole leimattu lainkaan aseeseen.<\/li>\n\n\n\n<li>Vanhat aseet on usein tehty metalleista, jotka eiv\u00e4t laadultaan vastaa nykyisi\u00e4. Esimerkiksi Colt Peacemakerilla, joka on valmistettu ennen vuotta 1900, ei pit\u00e4isi ampua ollenkaan savuttomalla ruudilla ladattuja patruunoita. Nykyiset kaupan hyllyill\u00e4 olevat patruunat eiv\u00e4t siis sovellu k\u00e4ytt\u00f6\u00f6n sellaisessa aseessa vaikka kaliiperi olisikin oikea.<\/li>\n\n\n\n<li>Useissa aseissa, vaikka ne nimellisesti olisivatkin samaa kaliiperia, voi olla suuriakin eroja piipun sis\u00e4mitoituksessa. Esim kotimaisen M\/39 sotilaskiv\u00e4\u00e4rin piipuista osa noudattaa v\u00e4lj\u00e4\u00e4 ven\u00e4l\u00e4ist\u00e4 mitoitusta ja osa on huomattavasti tiukempia. Pyyd\u00e4 asesepp\u00e4\u00e4 tulkkaamaan piippu ja valitse patruunat sen mukaan parhaan k\u00e4ynnin saavuttamiseksi ja paineen nousun v\u00e4ltt\u00e4miseksi.<\/li>\n\n\n\n<li>Useiden vanhojen patruunoiden painetasoja on vuosikymmenten kuluessa ja aseiden parantuessa nostettu. \u00c4l\u00e4 ammu esim .38 Special +P patruunoita vanhemmissa .38 Special revolvereissa.<\/li>\n\n\n\n<li>\u00c4l\u00e4 ammu ikivanhoja patruunoita. Patruunoissa k\u00e4ytetyn ruudin vanheneminen ja huonot s\u00e4ilytysolosuhteet voivat aiheuttaa palonopeuden muutoksia ja ik\u00e4vi\u00e4 yll\u00e4tyksi\u00e4 ammuttaessa.<\/li>\n<\/ul>\n","protected":false},"excerpt":{"rendered":"<p>Yrityksen myym\u00e4t tuotteet ovat p\u00e4\u00e4s\u00e4\u00e4ntoisesti k\u00e4ytettyj\u00e4, jollei toisin ole mainittu. Tuotteiden aitous Myyt\u00e4v\u00e4t tuotteet ovat aitoja, ellei tuotekuvauksessa ole muuta mainittu. Aitoudella tarkoitetaan sit\u00e4, ett\u00e4 tuote on valmistettu sille vahvistetuista materiaaleista alkuper\u00e4isill\u00e4 ty\u00f6menetelmill\u00e4 sin\u00e4 aikana, jolloin tuote on ollut virallisesti k\u00e4yt\u00f6ss\u00e4. Tuotekuvaukset ja kuntoluokitukset Tuotekuvaus muodostuu tuotteen yhteyteen liitetyst\u00e4 sanallisesta ja kuvallisesta informaatiosta. Kaikkia k\u00e4ytetyiss\u00e4 [&hellip;]<\/p>\n","protected":false},"author":1,"featured_media":0,"parent":0,"menu_order":0,"comment_status":"closed","ping_status":"closed","template":"","meta":{"footnotes":""},"class_list":["post-102","page","type-page","status-publish","hentry"],"_links":{"self":[{"href":"https:\/\/gunmil.fi\/index.php?rest_route=\/wp\/v2\/pages\/102","targetHints":{"allow":["GET"]}}],"collection":[{"href":"https:\/\/gunmil.fi\/index.php?rest_route=\/wp\/v2\/pages"}],"about":[{"href":"https:\/\/gunmil.fi\/index.php?rest_route=\/wp\/v2\/types\/page"}],"author":[{"embeddable":true,"href":"https:\/\/gunmil.fi\/index.php?rest_route=\/wp\/v2\/users\/1"}],"replies":[{"embeddable":true,"href":"https:\/\/gunmil.fi\/index.php?rest_route=%2Fwp%2Fv2%2Fcomments&post=102"}],"version-history":[{"count":5,"href":"https:\/\/gunmil.fi\/index.php?rest_route=\/wp\/v2\/pages\/102\/revisions"}],"predecessor-version":[{"id":247,"href":"https:\/\/gunmil.fi\/index.php?rest_route=\/wp\/v2\/pages\/102\/revisions\/247"}],"wp:attachment":[{"href":"https:\/\/gunmil.fi\/index.php?rest_route=%2Fwp%2Fv2%2Fmedia&parent=102"}],"curies":[{"name":"wp","href":"https:\/\/api.w.org\/{rel}","templated":true}]}}